{"id":897,"date":"2020-10-30T16:08:04","date_gmt":"2020-10-30T15:08:04","guid":{"rendered":"https:\/\/nordvest.danmarksveteraner.dk\/wordpress\/?page_id=897"},"modified":"2025-11-11T13:09:14","modified_gmt":"2025-11-11T12:09:14","slug":"siden-sidst","status":"publish","type":"page","link":"https:\/\/nordvest.danmarksveteraner.dk\/wordpress\/?page_id=897","title":{"rendered":"Siden sidst 2020"},"content":{"rendered":"\n<p>VLTJ Endelig et arrangement der lykkedes<\/p>\n\n\n\n<p>Efter i f\u00f8rste omgang at m\u00e5tte aflyse turen, lykkedes det endelig at samle 55 veteraner og p\u00e5r\u00f8rende p\u00e5 Vemb Station. 50 i toget og de sidste 5 i en f\u00f8lgevogn.<\/p>\n\n\n\n<p>Det var tydeligt, at deltagerne var glade for at se hinanden igen, efter alle for\u00e5rets og sommerens aflysninger p\u00e5 foreningens sociale omr\u00e5de.<\/p>\n\n\n\n<p>Efter at kassereren havde kontrolleret, at alle var kommet p\u00e5 toget, fik hj\u00e6lperne l\u00e6sset forsyninger om bord. S\u00e5 kunne turen starte. Der blev serveret kaffe og rundstykker p\u00e5 udturen.<\/p>\n\n\n\n<p>Vi standsede, i Lemvig selvf\u00f8lgelig, og fik de sidste deltagere om bord. Kl. 11.20 ankom vi til Thybor\u00f8n, og gik direkte til Sea War Museum, hvor der var rundvisning. Herefter kunne deltagerne udforske Mindeparken for Jyllandsslaget og andre sev\u00e6rdigheder.<\/p>\n\n\n\n<p>Kl. 14.00 var der kun tilbage at nyde en tiltr\u00e6ngt frokost burger i madpakkehuset, og s\u00e5 tilbage til S\u00e6rtoget. P\u00e5 hjemturen blev der serveret kaffe og kage. Alle hyggede sig, ogs\u00e5 dem der deltog i foreningen for f\u00f8rste gang. Hvilket er en vigtig del af s\u00e5dan et arrangement.<\/p>\n\n\n\n<p>Kl. 16.12 n\u00e5ede vi igen Vemb baneg\u00e5rd, og alle tog hver til sit i godt hum\u00f8r.<\/p>\n\n\n\n<p>FN-dagen<\/p>\n\n\n\n<p>I anledning af FNs 75 \u00e5rs f\u00f8dselsdag havde vi arrangeret en parade med efterf\u00f8lgende sammenkomst. F\u00f8rst p\u00e5 Dragonkasernen. Her m\u00e5tte vi ikke v\u00e6re, s\u00e5 pr\u00f8vede vi Laden, men her m\u00e5tte vi ikke v\u00e6re over 100 mennesker, som var tilmeldt.<\/p>\n\n\n\n<p>S\u00e5 vi aflyste arrangementet, og i stedet afholdt vi en lille ceremoni med 9 personer + pressen. Vi kunne ikke lade denne dag passere uden dog at g\u00f8re noget.<\/p>\n\n\n\n<p>Det foregik p\u00e5 pl\u00e6nen ved Laden ved vores mindesten. Der var fanevagt med FN-fane og Dannebrog. En krans blev lagt ved mindestenen og veteran Niels Tinggaard Olesen (Bongo) blev dekoreret med Nobels Fredsprismedalje for FN-tjeneste.<\/p>\n\n\n\n<p>Efterf\u00f8lgende gik deltagerne til Cafe Aas til en forfriskning.<\/p>\n\n\n\n<p>Generalforsamling 2021<\/p>\n\n\n\n<p>Der indkaldes til ordin\u00e6r generalforsamling torsdag den 4. februar 2021 kl. 19.30. Der er gule \u00e6rter kl. 18.30. Det bliver p\u00e5 KFUMs Soldaterhjem, Suensonsvej 32 e, Holstebro. Vi t\u00f8r ikke l\u00f8be an p\u00e5, at kasernen er \u00e5ben til den tid. Dagsorden if\u00f8lge lovene og der skal v\u00e6lges en ny formand.<\/p>\n\n\n\n<p>Nyt\u00e5rskur 2021<\/p>\n\n\n\n<p>Hvis det kan lade sig g\u00f8re, er vi inviteret til Thy. F\u00f8lg med p\u00e5 hjemmesiden, og I f\u00e5r selvf\u00f8lgelig en mail med tid og sted.<\/p>\n\n\n\n<p>Med venlig hilsen<\/p>\n\n\n\n<p>Klaus Warming<\/p>\n","protected":false},"excerpt":{"rendered":"<p>VLTJ Endelig et arrangement der lykkedes Efter i f\u00f8rste omgang at m\u00e5tte aflyse turen, lykkedes det endelig at samle 55<\/p>\n","protected":false},"author":2,"featured_media":0,"parent":46,"menu_order":9,"comment_status":"closed","ping_status":"closed","template":"","meta":{"colormag_page_container_layout":"default_layout","colormag_page_sidebar_layout":"default_layout","footnotes":""},"class_list":["post-897","page","type-page","status-publish","hentry"],"_links":{"self":[{"href":"https:\/\/nordvest.danmarksveteraner.dk\/wordpress\/index.php?rest_route=\/wp\/v2\/pages\/897","targetHints":{"allow":["GET"]}}],"collection":[{"href":"https:\/\/nordvest.danmarksveteraner.dk\/wordpress\/index.php?rest_route=\/wp\/v2\/pages"}],"about":[{"href":"https:\/\/nordvest.danmarksveteraner.dk\/wordpress\/index.php?rest_route=\/wp\/v2\/types\/page"}],"author":[{"embeddable":true,"href":"https:\/\/nordvest.danmarksveteraner.dk\/wordpress\/index.php?rest_route=\/wp\/v2\/users\/2"}],"replies":[{"embeddable":true,"href":"https:\/\/nordvest.danmarksveteraner.dk\/wordpress\/index.php?rest_route=%2Fwp%2Fv2%2Fcomments&post=897"}],"version-history":[{"count":2,"href":"https:\/\/nordvest.danmarksveteraner.dk\/wordpress\/index.php?rest_route=\/wp\/v2\/pages\/897\/revisions"}],"predecessor-version":[{"id":1178,"href":"https:\/\/nordvest.danmarksveteraner.dk\/wordpress\/index.php?rest_route=\/wp\/v2\/pages\/897\/revisions\/1178"}],"up":[{"embeddable":true,"href":"https:\/\/nordvest.danmarksveteraner.dk\/wordpress\/index.php?rest_route=\/wp\/v2\/pages\/46"}],"wp:attachment":[{"href":"https:\/\/nordvest.danmarksveteraner.dk\/wordpress\/index.php?rest_route=%2Fwp%2Fv2%2Fmedia&parent=897"}],"curies":[{"name":"wp","href":"https:\/\/api.w.org\/{rel}","templated":true}]}}