{"id":73,"date":"2016-05-14T15:46:28","date_gmt":"2016-05-14T13:46:28","guid":{"rendered":"http:\/\/test.danmarksveteraner.dk\/wordpress\/?page_id=73"},"modified":"2024-05-31T08:55:41","modified_gmt":"2024-05-31T06:55:41","slug":"organisation","status":"publish","type":"page","link":"https:\/\/nordvest.danmarksveteraner.dk\/wordpress\/","title":{"rendered":"Forside"},"content":{"rendered":"<div>\n<div style=\"text-align: center;\"><\/div>\n<div style=\"text-align: center;\"><a href=\"http:\/\/nordvest.danmarksveteraner.dk\/wordpress\/wp-content\/uploads\/2016\/05\/Veteran-m\u00e6rke-Danmark-e1466410178627.gif\"><img loading=\"lazy\" decoding=\"async\" class=\"aligncenter wp-image-105\" src=\"http:\/\/nordvest.danmarksveteraner.dk\/wordpress\/wp-content\/uploads\/2016\/05\/Veteran-m\u00e6rke-Danmark-e1466410178627.gif\" alt=\"Veteran-m\u00e6rke-Danmark\" width=\"178\" height=\"199\" \/><\/a><\/div>\n<div style=\"text-align: center;\"><\/div>\n<div style=\"text-align: center;\"><\/div>\n<div style=\"text-align: center;\"><\/div>\n<div style=\"text-align: center;\"><strong>\u00a0Velkommen<\/strong><\/div>\n<div style=\"text-align: center;\"><\/div>\n<div style=\"text-align: center;\">Vi er en afdeling af landsforeningen<\/div>\n<div style=\"text-align: center;\"><\/div>\n<div style=\"text-align: center;\"><strong>DANMARKS VETERANER<\/strong><br \/>\nVores form\u00e5l er at samle flest mulige af hjemsendt og tjenstg\u00f8rende personel, der har deltaget i freds-st\u00f8ttende og humanit\u00e6re missioner, for herigennem at styrke og knytte de kammeratlige b\u00e5nd blandt medlemmerne.<\/div>\n<\/div>\n<div><\/div>\n","protected":false},"excerpt":{"rendered":"<p>\u00a0Velkommen Vi er en afdeling af landsforeningen DANMARKS VETERANER Vores form\u00e5l er at samle flest mulige af hjemsendt og tjenstg\u00f8rende<\/p>\n","protected":false},"author":1,"featured_media":0,"parent":0,"menu_order":1,"comment_status":"closed","ping_status":"closed","template":"","meta":{"colormag_page_container_layout":"no_sidebar_full_width","colormag_page_sidebar_layout":"right_sidebar","footnotes":""},"class_list":["post-73","page","type-page","status-publish","hentry"],"_links":{"self":[{"href":"https:\/\/nordvest.danmarksveteraner.dk\/wordpress\/index.php?rest_route=\/wp\/v2\/pages\/73","targetHints":{"allow":["GET"]}}],"collection":[{"href":"https:\/\/nordvest.danmarksveteraner.dk\/wordpress\/index.php?rest_route=\/wp\/v2\/pages"}],"about":[{"href":"https:\/\/nordvest.danmarksveteraner.dk\/wordpress\/index.php?rest_route=\/wp\/v2\/types\/page"}],"author":[{"embeddable":true,"href":"https:\/\/nordvest.danmarksveteraner.dk\/wordpress\/index.php?rest_route=\/wp\/v2\/users\/1"}],"replies":[{"embeddable":true,"href":"https:\/\/nordvest.danmarksveteraner.dk\/wordpress\/index.php?rest_route=%2Fwp%2Fv2%2Fcomments&post=73"}],"version-history":[{"count":12,"href":"https:\/\/nordvest.danmarksveteraner.dk\/wordpress\/index.php?rest_route=\/wp\/v2\/pages\/73\/revisions"}],"predecessor-version":[{"id":998,"href":"https:\/\/nordvest.danmarksveteraner.dk\/wordpress\/index.php?rest_route=\/wp\/v2\/pages\/73\/revisions\/998"}],"wp:attachment":[{"href":"https:\/\/nordvest.danmarksveteraner.dk\/wordpress\/index.php?rest_route=%2Fwp%2Fv2%2Fmedia&parent=73"}],"curies":[{"name":"wp","href":"https:\/\/api.w.org\/{rel}","templated":true}]}}