{"id":508,"date":"2018-09-25T12:05:13","date_gmt":"2018-09-25T10:05:13","guid":{"rendered":"https:\/\/nordvest.danmarksveteraner.dk\/wordpress\/?page_id=508"},"modified":"2025-11-11T13:13:41","modified_gmt":"2025-11-11T12:13:41","slug":"udflugt-til-tirpitz-museet-den-4-august-2018","status":"publish","type":"page","link":"https:\/\/nordvest.danmarksveteraner.dk\/wordpress\/?page_id=508","title":{"rendered":"Udflugt til Tirpitz-museet den 4. august 2018"},"content":{"rendered":"<p>Kl. 08.00 steg 35 morgenfriske veteraner og p\u00e5r\u00f8rende p\u00e5 bussen uden for Veteran-Cafe-Nordvest. Turen gik over Skjern Enge, hvor der blev holdt rast. Vi fik kaffe og rundstykker, sponseret af Villy Hove og Arla.<\/p>\n<p>Kl. 10.15 ankom vi til Tirpitz, hvor vi f\u00f8rst fik en orientering. Herefter blev hver enkelt deltager udstyret med en wifi-scanner, s\u00e5 man kunne scanne oplysninger om hver enkelt udstilling. Efter godt 2 timers opladning med historie for \u00f8je og \u00f8re, var det tid til frokost, som museets cafeteria stod for.<\/p>\n<p>Kl. 14.00 gik bussen nordp\u00e5 med stop i Oksb\u00f8llejren, hvor vi lagde en krans ved mindestenen. <u>Efter en tid til fordybelse,<\/u> gik turen til Fils\u00f8. Et dejligt naturomr\u00e5de. Rekreativt for krop og sj\u00e6l. Her drak vi det sidste kaffe og spiste Anne Lises medbragte kage.<\/p>\n<p>Kl. 17.00 steg vi igen af bussen ved Cafeen. Efter en dejlig tur, hvor b\u00e5de de nytilkomne og de mere faste bruger af Cafeen fik talt om tingene her og nu samt de ting der l\u00e5 bagud.<\/p>\n<p>Alle var glade og tilfredst. Form\u00e5let med turen var opn\u00e5et.<\/p>\n \n<!-- Start container 1 --><div id=\"wppa-modal-container-1\" class=\"wppa-modal-container\" style=\"position:relative;z-index:100000;\" data-wppa=\"yes\" ontouchmove=\"event.stopPropagation();\"><\/div><div id=\"wppa-container-wrapper-1\" class=\"alignnone wppa-container-wrapper \" style=\"width:100%;clear:both;padding:0;position:relative;\"><div id=\"wppa-container-1\" style=\"width:100%;\" class=\"wppa-container wppa-container-1 wppa-rev-9112007 wppa-prevrev-9111001 wppa-theme-9.1.12.007 wppa-api-9.1.12.007\"><svg id=\"wppa-ajax-spin-1\" class=\"wppa-ajax-spin uil-default\" width=\"120px\" height=\"120px\" viewBox=\"0 0 100 100\" preserveAspectRatio=\"xMidYMid\" stroke=\"\" style=\"width:120px; height:120px; position:fixed; top:50%; margin-top:-60px; left:50%; margin-left:-60px; opacity:1; display:none; fill:#666666; background-color:#dddddd; border-radius:12px;\"><rect x=\"0\" y=\"0\" width=\"100\" height=\"100\" fill=\"none\" class=\"bk\"><\/rect><rect class=\"wppa-ajaxspin\" x=\"47\" y=\"40\" width=\"6\" height=\"20\" rx=\"3\" ry=\"3\" transform=\"rotate(0 50 50) translate(0 -32)\"><animate attributeName=\"opacity\" from=\"1\" to=\"0\" dur=\"1.5s\" begin=\"0s\" repeatCount=\"indefinite\" ><\/rect><rect class=\"wppa-ajaxspin\" x=\"47\" y=\"40\" width=\"6\" height=\"20\" rx=\"3\" ry=\"3\" transform=\"rotate(22.5 50 50) translate(0 -32)\"><animate attributeName=\"opacity\" from=\"1\" to=\"0\" dur=\"1.5s\" begin=\"0.09375s\" repeatCount=\"indefinite\" ><\/rect><rect class=\"wppa-ajaxspin\" x=\"47\" y=\"40\" width=\"6\" height=\"20\" rx=\"3\" ry=\"3\" transform=\"rotate(45 50 50) translate(0 -32)\"><animate attributeName=\"opacity\" from=\"1\" to=\"0\" dur=\"1.5s\" begin=\"0.1875s\" repeatCount=\"indefinite\" ><\/rect><rect class=\"wppa-ajaxspin\" x=\"47\" y=\"40\" width=\"6\" height=\"20\" rx=\"3\" ry=\"3\" transform=\"rotate(67.5 50 50) translate(0 -32)\"><animate attributeName=\"opacity\" from=\"1\" to=\"0\" dur=\"1.5s\" begin=\"0.28125s\" repeatCount=\"indefinite\" ><\/rect><rect class=\"wppa-ajaxspin\" x=\"47\" y=\"40\" width=\"6\" height=\"20\" rx=\"3\" ry=\"3\" transform=\"rotate(90 50 50) translate(0 -32)\"><animate attributeName=\"opacity\" from=\"1\" to=\"0\" dur=\"1.5s\" begin=\"0.375s\" repeatCount=\"indefinite\" ><\/rect><rect class=\"wppa-ajaxspin\" x=\"47\" y=\"40\" width=\"6\" height=\"20\" rx=\"3\" ry=\"3\" transform=\"rotate(112.5 50 50) translate(0 -32)\"><animate attributeName=\"opacity\" from=\"1\" to=\"0\" dur=\"1.5s\" begin=\"0.46875s\" repeatCount=\"indefinite\" ><\/rect><rect class=\"wppa-ajaxspin\" x=\"47\" y=\"40\" width=\"6\" height=\"20\" rx=\"3\" ry=\"3\" transform=\"rotate(135 50 50) translate(0 -32)\"><animate attributeName=\"opacity\" from=\"1\" to=\"0\" dur=\"1.5s\" begin=\"0.5625s\" repeatCount=\"indefinite\" ><\/rect><rect class=\"wppa-ajaxspin\" x=\"47\" y=\"40\" width=\"6\" height=\"20\" rx=\"3\" ry=\"3\" transform=\"rotate(157.5 50 50) translate(0 -32)\"><animate attributeName=\"opacity\" from=\"1\" to=\"0\" dur=\"1.5s\" begin=\"0.65625s\" repeatCount=\"indefinite\" ><\/rect><rect class=\"wppa-ajaxspin\" x=\"47\" y=\"40\" width=\"6\" height=\"20\" rx=\"3\" ry=\"3\" transform=\"rotate(180 50 50) translate(0 -32)\"><animate attributeName=\"opacity\" from=\"1\" to=\"0\" dur=\"1.5s\" begin=\"0.75s\" repeatCount=\"indefinite\" ><\/rect><rect class=\"wppa-ajaxspin\" x=\"47\" y=\"40\" width=\"6\" height=\"20\" rx=\"3\" ry=\"3\" transform=\"rotate(202.5 50 50) translate(0 -32)\"><animate attributeName=\"opacity\" from=\"1\" to=\"0\" dur=\"1.5s\" begin=\"0.84375s\" repeatCount=\"indefinite\" ><\/rect><rect class=\"wppa-ajaxspin\" x=\"47\" y=\"40\" width=\"6\" height=\"20\" rx=\"3\" ry=\"3\" transform=\"rotate(225 50 50) translate(0 -32)\"><animate attributeName=\"opacity\" from=\"1\" to=\"0\" dur=\"1.5s\" begin=\"0.9375s\" repeatCount=\"indefinite\" ><\/rect><rect class=\"wppa-ajaxspin\" x=\"47\" y=\"40\" width=\"6\" height=\"20\" rx=\"3\" ry=\"3\" transform=\"rotate(247.5 50 50) translate(0 -32)\"><animate attributeName=\"opacity\" from=\"1\" to=\"0\" dur=\"1.5s\" begin=\"1.03125s\" repeatCount=\"indefinite\" ><\/rect><rect class=\"wppa-ajaxspin\" x=\"47\" y=\"40\" width=\"6\" height=\"20\" rx=\"3\" ry=\"3\" transform=\"rotate(270 50 50) translate(0 -32)\"><animate attributeName=\"opacity\" from=\"1\" to=\"0\" dur=\"1.5s\" begin=\"1.125s\" repeatCount=\"indefinite\" ><\/rect><rect class=\"wppa-ajaxspin\" x=\"47\" y=\"40\" width=\"6\" height=\"20\" rx=\"3\" ry=\"3\" transform=\"rotate(292.5 50 50) translate(0 -32)\"><animate attributeName=\"opacity\" from=\"1\" to=\"0\" dur=\"1.5s\" begin=\"1.21875s\" repeatCount=\"indefinite\" ><\/rect><rect class=\"wppa-ajaxspin\" x=\"47\" y=\"40\" width=\"6\" height=\"20\" rx=\"3\" ry=\"3\" transform=\"rotate(315 50 50) translate(0 -32)\"><animate attributeName=\"opacity\" from=\"1\" to=\"0\" dur=\"1.5s\" begin=\"1.3125s\" repeatCount=\"indefinite\" ><\/rect><rect class=\"wppa-ajaxspin\" x=\"47\" y=\"40\" width=\"6\" height=\"20\" rx=\"3\" ry=\"3\" transform=\"rotate(337.5 50 50) translate(0 -32)\"><animate attributeName=\"opacity\" from=\"1\" to=\"0\" dur=\"1.5s\" begin=\"1.40625s\" repeatCount=\"indefinite\" ><\/rect><\/svg><input type=\"hidden\" id=\"wppa-nonce-0-1\" name=\"wppa-nonce\" value=\"1d32309b99\" ><div id=\"wppa-bc-1\" class=\"wppa-nav wppa-box wppa-nav-text wppa-bc\" ><a href=\"https:\/\/nordvest.danmarksveteraner.dk\/wordpress#wppa-container-1\" class=\"wppa-nav-text b1\" style=\"cursor:pointer\" title=\"Danmarks Veteraner\">Home<\/a><span class=\"wppa-nav-text b1\"> &raquo; <\/span><a href=\"https:\/\/nordvest.danmarksveteraner.dk\/wordpress\/?page_id=1618#wppa-container-1\" class=\"wppa-nav-text b2\" style=\"cursor:pointer\" title=\"Page: Nordvest & Veterancafe Historie\">Nordvest & Veterancafe Historie<\/a><span class=\"wppa-nav-text b2\"> &raquo; <\/span><a href=\"https:\/\/nordvest.danmarksveteraner.dk\/wordpress\/?page_id=46#wppa-container-1\" class=\"wppa-nav-text b2\" style=\"cursor:pointer\" title=\"Page: Billeder Historik\">Billeder Historik<\/a><span class=\"wppa-nav-text b2\"> &raquo; <\/span><a href=\"https:\/\/nordvest.danmarksveteraner.dk\/wordpress\/?page_id=491#wppa-container-1\" class=\"wppa-nav-text b2\" style=\"cursor:pointer\" title=\"Page: Billede arkiv Nordvest\">Billede arkiv Nordvest<\/a><span class=\"wppa-nav-text b2\"> &raquo; <\/span><a href=\"https:\/\/nordvest.danmarksveteraner.dk\/wordpress\/?page_id=508#wppa-container-1\" class=\"wppa-nav-text b3\" style=\"cursor:pointer\" title=\"Page: Udflugt til Tirpitz-museet den 4. august 2018\">Udflugt til Tirpitz-museet den 4. august 2018<\/a><span class=\"wppa-nav-text b3\"> &raquo; <\/span><span id=\"bc-pname-1\" class=\"wppa-nav-text b10\"  title=\"\">Tirpitz-museet<\/span><div style=\"clear:both\"><\/div><\/div><div id=\"wppa-albumlist-1\" style=\"overflow:auto;\" class=\"albumlist\"><div id=\"album-23-1\" title=\"View the album Tirpitz-museet\" style=\"width:100%;clear:both;cursor:pointer;\" class=\"wppa-album-cover-standard album wppa-box wppa-cover-box wppa-cover-box-1\" onclick=\"wppaDoAjaxRender(event, 1, &#039;https:\/\/nordvest.danmarksveteraner.dk\/wordpress\/index.php?rest_route=\/wp-photo-album-plus\/endPoint?action=wppa&wppa-action=render&wppa-size=640&occur=1&wppa-fromp=508&lang=da&album=23&cover=0&occur=1&data-alb=23&#039;, &#039;https:\/\/nordvest.danmarksveteraner.dk\/wordpress\/?page_id=508&lang=da&album=0f584924d0f0b7a4&cover=0&occur=1&data-alb=23&#039; );return false;\"><div id=\"covertext_frame_23_1\" style=\"width:459px; float:left\" class=\"wppa-text-frame-1 wppa-text-frame wppa-cover-text-frame wppa-asym-text-frame-1\"><h2 style=\"clear:none\" class=\"wppa-title\"><a title=\"View the album Tirpitz-museet\" href=\"https:\/\/nordvest.danmarksveteraner.dk\/wordpress\/?page_id=508&#038;lang=da&#038;album=0f584924d0f0b7a4&#038;cover=0&#038;occur=1&#038;data-alb=23\" target=\"_self\" class=\"wppa-title\" onclick=\"wppaDoAjaxRender(event, 1, &#039;https:\/\/nordvest.danmarksveteraner.dk\/wordpress\/index.php?rest_route=\/wp-photo-album-plus\/endPoint?action=wppa&wppa-action=render&wppa-size=640&occur=1&wppa-fromp=508&lang=da&album=23&cover=0&occur=1&data-alb=23&#039;, &#039;https:\/\/nordvest.danmarksveteraner.dk\/wordpress\/?page_id=508&lang=da&album=0f584924d0f0b7a4&cover=0&occur=1&data-alb=23&#039; );return false;\">Tirpitz-museet<\/a><\/h2><div style=\"min-height:54px;\" class=\"wppa-box-text wppa-black wppa-box-text-desc\">4. august 2018<\/div><div class=\"wppa-box-text wppa-black wppa-info wppa-slideshow-browse-link wppa-album-cover-link\"><a title=\"Slideshow\" style=\"cursor:pointer\" class=\"wppa-album-cover-link\" onclick=\"wppaDoAjaxRender(event, 1, &#039;https:\/\/nordvest.danmarksveteraner.dk\/wordpress\/index.php?rest_route=\/wp-photo-album-plus\/endPoint?action=wppa&wppa-action=render&wppa-size=640&occur=1&wppa-fromp=508&lang=da&slide=1&occur=1&album=23&#039;, &#039;https:\/\/nordvest.danmarksveteraner.dk\/wordpress\/?page_id=508&lang=da&slide=1&occur=1&album=0f584924d0f0b7a4&#039; );return false;\">Slideshow<\/a><\/div><div class=\"wppa-box-text wppa-black wppa-info wppa-viewlink wppa-album-cover-link\"><a title=\"View the album Tirpitz-museet\" style=\"cursor:pointer;\" class=\"wppa-album-cover-link\" onclick=\"wppaDoAjaxRender(event, 1, &#039;https:\/\/nordvest.danmarksveteraner.dk\/wordpress\/index.php?rest_route=\/wp-photo-album-plus\/endPoint?action=wppa&wppa-action=render&wppa-size=640&occur=1&wppa-fromp=508&lang=da&album=23&cover=0&occur=1&data-alb=23&#039;, &#039;https:\/\/nordvest.danmarksveteraner.dk\/wordpress\/?page_id=508&lang=da&album=0f584924d0f0b7a4&cover=0&occur=1&data-alb=23&#039; );return false;\">View&nbsp;5&nbsp;photos<\/a><\/div><\/div><div id=\"coverphoto_frame_23_1\" style=\"float:right; margin-left:5px;width:160px;\" class=\"coverphoto-frame\"><div title=\" \" style=\"display:inline-block;margin:0 4px;\" onclick=\"wppaStopProp(event)\"><a title=\"View the album Tirpitz-museet\" style=\"border:0;color:transparent;cursor:pointer;\" href=\"https:\/\/nordvest.danmarksveteraner.dk\/wordpress\/?page_id=508&#038;lang=da&#038;album=0f584924d0f0b7a4&#038;cover=0&#038;occur=1&#038;data-alb=23\" target=\"_self\" onclick=\"return false;\"><img loading=\"lazy\" decoding=\"async\" style=\"border-width:0px;width:150px;height:113px;opacity:0.85;display:inline;\" width=\"150\" height=\"113\" src=\"https:\/\/nordvest.danmarksveteraner.dk\/wordpress\/wp-content\/uploads\/wppa\/thumbs\/212.jpg?ver=4\" alt=\"Oksb\u00f8l x.JPG\" class=\"pietje image wppa-img\" onclick=\"wppaDoAjaxRender(event, 1, &#039;https:\/\/nordvest.danmarksveteraner.dk\/wordpress\/index.php?rest_route=\/wp-photo-album-plus\/endPoint?action=wppa&wppa-action=render&wppa-size=640&occur=1&wppa-fromp=508&lang=da&album=23&cover=0&occur=1&data-alb=23&#039;, &#039;https:\/\/nordvest.danmarksveteraner.dk\/wordpress\/?page_id=508&lang=da&album=0f584924d0f0b7a4&cover=0&occur=1&data-alb=23&#039; );return false;;return false;\" onmouseover=\"jQuery(this).fadeTo(400, 1.0)\" onmouseout=\"jQuery(this).fadeTo(400,0.85)\"><\/a><\/div><\/div><div title=\" \" onclick=\"wppaStopProp(event);\"><\/div><div style=\"clear:both;\"><\/div><\/div><\/div><div style=\"clear:both;\"><\/div><div id=\"wppa-container-1-end\"><\/div><\/div><\/div>\n<!-- End [wppa type=\"cover\" album=\"23\"] \/wordpress\/index.php?rest_route=%2Fwp%2Fv2%2Fpages%2F508 oc 1 21 queries in 16.5 ms. at 16:38. Max mem: 56.00 Mb. -->\n\n\n<p><\/p>\n","protected":false},"excerpt":{"rendered":"<p>Kl. 08.00 steg 35 morgenfriske veteraner og p\u00e5r\u00f8rende p\u00e5 bussen uden for Veteran-Cafe-Nordvest. Turen gik over Skjern Enge, hvor der<\/p>\n","protected":false},"author":2,"featured_media":0,"parent":491,"menu_order":10,"comment_status":"closed","ping_status":"closed","template":"","meta":{"colormag_page_container_layout":"default_layout","colormag_page_sidebar_layout":"default_layout","footnotes":""},"class_list":["post-508","page","type-page","status-publish","hentry"],"_links":{"self":[{"href":"https:\/\/nordvest.danmarksveteraner.dk\/wordpress\/index.php?rest_route=\/wp\/v2\/pages\/508","targetHints":{"allow":["GET"]}}],"collection":[{"href":"https:\/\/nordvest.danmarksveteraner.dk\/wordpress\/index.php?rest_route=\/wp\/v2\/pages"}],"about":[{"href":"https:\/\/nordvest.danmarksveteraner.dk\/wordpress\/index.php?rest_route=\/wp\/v2\/types\/page"}],"author":[{"embeddable":true,"href":"https:\/\/nordvest.danmarksveteraner.dk\/wordpress\/index.php?rest_route=\/wp\/v2\/users\/2"}],"replies":[{"embeddable":true,"href":"https:\/\/nordvest.danmarksveteraner.dk\/wordpress\/index.php?rest_route=%2Fwp%2Fv2%2Fcomments&post=508"}],"version-history":[{"count":3,"href":"https:\/\/nordvest.danmarksveteraner.dk\/wordpress\/index.php?rest_route=\/wp\/v2\/pages\/508\/revisions"}],"predecessor-version":[{"id":1582,"href":"https:\/\/nordvest.danmarksveteraner.dk\/wordpress\/index.php?rest_route=\/wp\/v2\/pages\/508\/revisions\/1582"}],"up":[{"embeddable":true,"href":"https:\/\/nordvest.danmarksveteraner.dk\/wordpress\/index.php?rest_route=\/wp\/v2\/pages\/491"}],"wp:attachment":[{"href":"https:\/\/nordvest.danmarksveteraner.dk\/wordpress\/index.php?rest_route=%2Fwp%2Fv2%2Fmedia&parent=508"}],"curies":[{"name":"wp","href":"https:\/\/api.w.org\/{rel}","templated":true}]}}