{"id":48,"date":"2016-05-14T12:24:38","date_gmt":"2016-05-14T12:24:38","guid":{"rendered":"http:\/\/test.danmarksveteraner.dk\/wordpress\/?page_id=48"},"modified":"2016-06-20T14:09:56","modified_gmt":"2016-06-20T12:09:56","slug":"medlemmer","status":"publish","type":"page","link":"https:\/\/nordvest.danmarksveteraner.dk\/wordpress\/?page_id=48","title":{"rendered":"Medlemmer"},"content":{"rendered":"<h1>Hvordan bliver jeg medlem?<\/h1>\n<h2>Praktiske oplysninger<\/h2>\n<p>\u00c5rskontingentet udg\u00f8r pt. kr. 380,00 og f\u00f8lger kalender\u00e5ret.<\/p>\n<p>Du er <strong>gratis medlem<\/strong> resten af indmeldelses\u00e5ret.<br \/>\nAf dette bel\u00f8b tilg\u00e5r der lokalforeningen hhv. kr. 100,00 og kr. 80,00 for videre medlemsudvikling, arrangementer m.m. i lokalforeningsomr\u00e5det.<\/p>\n<p>Betalingsm\u00e5den kan v\u00e6re via girokonto (gironummer 415-4878), eller via bankkonto (reg. og kontonummer 9315 4154878). HUSK at anf\u00f8re navn og gerne medlemsnummeret fra girokortet<\/p>\n<p>N\u00e5r man har betalt sit f\u00f8rste girokort, som tilg\u00e5r nye medlemmer direkte fra kartoteksf\u00f8reren sammen med velkomstbrevet, vil vi meget gerne at man tilmelder fremtidige kontingentbetalinger til PBS. Dette sparer os for en masse manuel og frivillig foreningsarbejdskraft<\/p>\n<p>PBS-nummer: 04248783 &#8211; Deb.Gr.Nr.: 00001 &#8211; Kundenummer = Medlemsnummer<\/p>\n<p>Tilmelding til PBS er noget man selv skal s\u00f8rge for. Denne \u201dman\u00f8vre\u201d kan vi ikke selv foranledige &#8211; det SKAL g\u00f8res af dig &#8211; i dit pengeinstitut, eller p\u00e5 netbank. P\u00e5 forh\u00e5nd tak for hj\u00e6lpen.<\/p>\n<p>Medlemsbladet \u201dBARETTEN\u201d udgives 8 gange \u00e5rligt: Januar, Marts April, Maj, August, September, Oktober og November.<\/p>\n<p>Hvis ikke, der ved indmeldelsen gives udtryk for hvilken lokalforening man \u00f8nsker medlemskab af, bliver man automatisk tilknyttet den lokalforening der ligger n\u00e6rmest ens bop\u00e6l. Der er altid mulighed for at skifte lokalforening.<br \/>\nDer henvises til forsiden, hvor samtlige lokalforeninger er at finde \u2013 de fleste med egen hjemmeside.<\/p>\n<p>\u00d8nsker man medlemskab af Danmarks Veteraner, samtidig med ans\u00f8gning om Fredsprismedaljen (FPM), og man betaler det samlede bel\u00f8b til FPM (forklaring til dette er anf\u00f8rt p\u00e5 selve ans\u00f8gningsskemaet til FPM), men s\u00e5 er det ikke n\u00f8dvendigt ogs\u00e5 at lave en indmeldelse til\u00a0Danmarks Veteraner\u00a0ogs\u00e5! Dette foreg\u00e5r automatisk via FPM.<\/p>\n<p>Opst\u00e5r der sp\u00f8rgsm\u00e5l der ikke er besvaret med ovenst\u00e5ende, er man altid velkommen til at rette henvendelse til foreningen Danmarks Veteraner.<\/p>\n<p>&nbsp;<\/p>\n<p>\u00d8nsker du at blive aktivt medlem \/ st\u00f8ttemedlem (<a href=\"http:\/\/danmarksveteraner.dk\/wordpress\/?page_id=90\" target=\"_self\"><strong>Tryk her<\/strong><\/a>)<\/p>\n","protected":false},"excerpt":{"rendered":"<p>Hvordan bliver jeg medlem? Praktiske oplysninger \u00c5rskontingentet udg\u00f8r pt. kr. 380,00 og f\u00f8lger kalender\u00e5ret. Du er gratis medlem resten af<\/p>\n","protected":false},"author":1,"featured_media":0,"parent":0,"menu_order":3,"comment_status":"closed","ping_status":"closed","template":"","meta":{"colormag_page_container_layout":"default_layout","colormag_page_sidebar_layout":"default_layout","footnotes":""},"class_list":["post-48","page","type-page","status-publish","hentry"],"_links":{"self":[{"href":"https:\/\/nordvest.danmarksveteraner.dk\/wordpress\/index.php?rest_route=\/wp\/v2\/pages\/48","targetHints":{"allow":["GET"]}}],"collection":[{"href":"https:\/\/nordvest.danmarksveteraner.dk\/wordpress\/index.php?rest_route=\/wp\/v2\/pages"}],"about":[{"href":"https:\/\/nordvest.danmarksveteraner.dk\/wordpress\/index.php?rest_route=\/wp\/v2\/types\/page"}],"author":[{"embeddable":true,"href":"https:\/\/nordvest.danmarksveteraner.dk\/wordpress\/index.php?rest_route=\/wp\/v2\/users\/1"}],"replies":[{"embeddable":true,"href":"https:\/\/nordvest.danmarksveteraner.dk\/wordpress\/index.php?rest_route=%2Fwp%2Fv2%2Fcomments&post=48"}],"version-history":[{"count":3,"href":"https:\/\/nordvest.danmarksveteraner.dk\/wordpress\/index.php?rest_route=\/wp\/v2\/pages\/48\/revisions"}],"predecessor-version":[{"id":172,"href":"https:\/\/nordvest.danmarksveteraner.dk\/wordpress\/index.php?rest_route=\/wp\/v2\/pages\/48\/revisions\/172"}],"wp:attachment":[{"href":"https:\/\/nordvest.danmarksveteraner.dk\/wordpress\/index.php?rest_route=%2Fwp%2Fv2%2Fmedia&parent=48"}],"curies":[{"name":"wp","href":"https:\/\/api.w.org\/{rel}","templated":true}]}}