{"id":1660,"date":"2026-02-03T09:18:15","date_gmt":"2026-02-03T08:18:15","guid":{"rendered":"https:\/\/nordvest.danmarksveteraner.dk\/wordpress\/?page_id=1660"},"modified":"2026-02-03T09:19:03","modified_gmt":"2026-02-03T08:19:03","slug":"no-words","status":"publish","type":"page","link":"https:\/\/nordvest.danmarksveteraner.dk\/wordpress\/?page_id=1660","title":{"rendered":"No Words"},"content":{"rendered":"\n<p>K\u00e6re veteran, k\u00e6re medlem, k\u00e6re l\u00e6ser<\/p>\n\n\n\n<p>Vi savner ord.<\/p>\n\n\n\n<p>Danmark har altid st\u00e5et side om side med USA \u2013 og vi har stillet op i verdens br\u00e6ndpunkter, n\u00e5r USA har bedt os om det. Vi f\u00f8ler os svigtet og latterliggjort af Trump Administrationen, som bevidst ignorerer Danmarks kamp side om side med USA.<\/p>\n\n\n\n<p>Ingen ord beskriver, hvor ondt det g\u00f8r, at Danmarks indsats og ofre i kampen for demokrati, fred og frihed er glemt i Det Hvide Hus.<\/p>\n\n\n\n<p>Ingen ord forklarer, hvor ondt det g\u00f8r, at Trump Administrationen tydeligvis ikke respekter Kongeriget Danmarks suver\u00e6nitet og gr\u00f8nl\u00e6ndernes ret til selvbestemmelse.<\/p>\n\n\n\n<p>Ingen ord udtrykker, hvor meget vi f\u00f8ler for vores amerikanske v\u00e5benbr\u00f8dre, og hvor meget vi h\u00e5ber, at vi igen en dag kan k\u00e6mpe skulder ved skulder.<\/p>\n\n\n\n<p>Vi savner ord.<br>Praktisk information og program:<\/p>\n\n\n\n<p>Tid: 31. januar kl. 13.00<br>Sted: Kastellet i K\u00f8benhavn<\/p>\n\n\n\n<p>Optakt og ankomst frem til kl. 13.00, hvor der bliver serveret lidt mad og drikke<\/p>\n\n\n\n<p>13.00: Tale<br>13.03: Kransel\u00e6gning<br>13.04: 1 minuts stilhed<br>13.05: March til US Embassy<\/p>\n\n\n\n<p>Ved ankomst til ambassaden holdes der fem minutters stilhed.<br>1 minut for H\u00e6ren, 1 minut for Flyvev\u00e5bnet, 1 minut for S\u00f8v\u00e6rnet, 1 minut for Beredskabsstyrelsen og 1 minut for Politiet.<\/p>\n\n\n\n<p>Vi opfordrer til, at ingen taler med pressen f\u00f8r og under marchen, men giver ilden efter de fem minutters stilhed &#8211; og opfordrer alle indtil da at g\u00f8re mest muligt opm\u00e6rksom p\u00e5 eventet.<\/p>\n\n\n\n<p>Da vi \u00f8nsker, at flest mulige kan deltage i marchen, vil der v\u00e6re gratis busopsamling fra en lang r\u00e6kke byer t\/r til Kastellet.<\/p>\n\n\n\n<p>Du l\u00e6ser mere og&nbsp;<a href=\"https:\/\/emea01.safelinks.protection.outlook.com\/?url=https%3A%2F%2Fdanmarksveteraner.us14.list-manage.com%2Ftrack%2Fclick%3Fu%3Da64b81d5a0fbbecb650b9d99f%26id%3Da899e2a788%26e%3D9d569cc592&amp;data=05%7C02%7C%7C4dcfb562bc0d49f583a608de5a64aeaf%7C84df9e7fe9f640afb435aaaaaaaaaaaa%7C1%7C0%7C639047585653743005%7CUnknown%7CTWFpbGZsb3d8eyJFbXB0eU1hcGkiOnRydWUsIlYiOiIwLjAuMDAwMCIsIlAiOiJXaW4zMiIsIkFOIjoiTWFpbCIsIldUIjoyfQ%3D%3D%7C0%7C%7C%7C&amp;sdata=h%2Bwfc1JL%2FRURkQSkMHNDaqHPyvGufzYKUQ2clzGR%2FHg%3D&amp;reserved=0\" target=\"_blank\" rel=\"noreferrer noopener\">tilmelder dig transporten her.<\/a><\/p>\n\n\n\n<p>P\u00e5 forh\u00e5nd mange tak for din st\u00f8tte og opbakning<br>Carsten Rasmussen<br>Landsformand<br>Danmarks Veteraner &amp; Veteranst\u00f8tten<\/p>\n","protected":false},"excerpt":{"rendered":"<p>K\u00e6re veteran, k\u00e6re medlem, k\u00e6re l\u00e6ser Vi savner ord. Danmark har altid st\u00e5et side om side med USA \u2013 og<\/p>\n","protected":false},"author":2,"featured_media":0,"parent":1615,"menu_order":0,"comment_status":"closed","ping_status":"closed","template":"","meta":{"colormag_page_container_layout":"default_layout","colormag_page_sidebar_layout":"default_layout","footnotes":""},"class_list":["post-1660","page","type-page","status-publish","hentry"],"_links":{"self":[{"href":"https:\/\/nordvest.danmarksveteraner.dk\/wordpress\/index.php?rest_route=\/wp\/v2\/pages\/1660","targetHints":{"allow":["GET"]}}],"collection":[{"href":"https:\/\/nordvest.danmarksveteraner.dk\/wordpress\/index.php?rest_route=\/wp\/v2\/pages"}],"about":[{"href":"https:\/\/nordvest.danmarksveteraner.dk\/wordpress\/index.php?rest_route=\/wp\/v2\/types\/page"}],"author":[{"embeddable":true,"href":"https:\/\/nordvest.danmarksveteraner.dk\/wordpress\/index.php?rest_route=\/wp\/v2\/users\/2"}],"replies":[{"embeddable":true,"href":"https:\/\/nordvest.danmarksveteraner.dk\/wordpress\/index.php?rest_route=%2Fwp%2Fv2%2Fcomments&post=1660"}],"version-history":[{"count":2,"href":"https:\/\/nordvest.danmarksveteraner.dk\/wordpress\/index.php?rest_route=\/wp\/v2\/pages\/1660\/revisions"}],"predecessor-version":[{"id":1662,"href":"https:\/\/nordvest.danmarksveteraner.dk\/wordpress\/index.php?rest_route=\/wp\/v2\/pages\/1660\/revisions\/1662"}],"up":[{"embeddable":true,"href":"https:\/\/nordvest.danmarksveteraner.dk\/wordpress\/index.php?rest_route=\/wp\/v2\/pages\/1615"}],"wp:attachment":[{"href":"https:\/\/nordvest.danmarksveteraner.dk\/wordpress\/index.php?rest_route=%2Fwp%2Fv2%2Fmedia&parent=1660"}],"curies":[{"name":"wp","href":"https:\/\/api.w.org\/{rel}","templated":true}]}}