{"id":1563,"date":"2025-10-30T10:20:51","date_gmt":"2025-10-30T09:20:51","guid":{"rendered":"https:\/\/nordvest.danmarksveteraner.dk\/wordpress\/?page_id=1563"},"modified":"2025-10-30T10:27:35","modified_gmt":"2025-10-30T09:27:35","slug":"nordvest-40-aars-jubilaeum","status":"publish","type":"page","link":"https:\/\/nordvest.danmarksveteraner.dk\/wordpress\/?page_id=1563","title":{"rendered":"Nordvest 40 \u00e5rs Jubil\u00e6um"},"content":{"rendered":"\n<p>L\u00f8rdag den. 25 oktober 2025 afholdte Danmarks Veteraner Nordvest jubil\u00e6umsfest i officersmessen p\u00e5 Dragonkasernen.<br>27 medlemmer var tilmeldt til spisning og lidt socialt hygge.<\/p>\n\n\n\n<p>Regimentschefen for Jydske Dragonregiment tildelte formand T. A. Bruhn. Nordic Board Medal of Honer i s\u00f8lv.<\/p>\n\n\n\n<figure class=\"wp-block-image size-large\"><a href=\"https:\/\/nordvest.danmarksveteraner.dk\/wordpress\/wp-content\/uploads\/2025\/10\/Tommy3.jpg\"><img loading=\"lazy\" decoding=\"async\" width=\"768\" height=\"1024\" src=\"https:\/\/nordvest.danmarksveteraner.dk\/wordpress\/wp-content\/uploads\/2025\/10\/Tommy3-768x1024.jpg\" alt=\"\" class=\"wp-image-1566\" srcset=\"https:\/\/nordvest.danmarksveteraner.dk\/wordpress\/wp-content\/uploads\/2025\/10\/Tommy3-768x1024.jpg 768w, https:\/\/nordvest.danmarksveteraner.dk\/wordpress\/wp-content\/uploads\/2025\/10\/Tommy3-225x300.jpg 225w, https:\/\/nordvest.danmarksveteraner.dk\/wordpress\/wp-content\/uploads\/2025\/10\/Tommy3-1152x1536.jpg 1152w, https:\/\/nordvest.danmarksveteraner.dk\/wordpress\/wp-content\/uploads\/2025\/10\/Tommy3.jpg 1536w\" sizes=\"auto, (max-width: 768px) 100vw, 768px\" \/><\/a><\/figure>\n\n\n\n<figure class=\"wp-block-image size-full\"><a href=\"https:\/\/nordvest.danmarksveteraner.dk\/wordpress\/wp-content\/uploads\/2025\/10\/Tommy-kopier.jpg\"><img loading=\"lazy\" decoding=\"async\" width=\"443\" height=\"590\" src=\"https:\/\/nordvest.danmarksveteraner.dk\/wordpress\/wp-content\/uploads\/2025\/10\/Tommy-kopier.jpg\" alt=\"\" class=\"wp-image-1567\" srcset=\"https:\/\/nordvest.danmarksveteraner.dk\/wordpress\/wp-content\/uploads\/2025\/10\/Tommy-kopier.jpg 443w, https:\/\/nordvest.danmarksveteraner.dk\/wordpress\/wp-content\/uploads\/2025\/10\/Tommy-kopier-225x300.jpg 225w\" sizes=\"auto, (max-width: 443px) 100vw, 443px\" \/><\/a><\/figure>\n\n\n\n<p>Formanden fik desuden overrakt Danmarks Veteraners Skjold.<\/p>\n\n\n\n<figure class=\"wp-block-image size-large\"><a href=\"https:\/\/nordvest.danmarksveteraner.dk\/wordpress\/wp-content\/uploads\/2025\/10\/Michael-kopier.jpg\"><img loading=\"lazy\" decoding=\"async\" width=\"768\" height=\"1024\" src=\"https:\/\/nordvest.danmarksveteraner.dk\/wordpress\/wp-content\/uploads\/2025\/10\/Michael-kopier-768x1024.jpg\" alt=\"\" class=\"wp-image-1570\" srcset=\"https:\/\/nordvest.danmarksveteraner.dk\/wordpress\/wp-content\/uploads\/2025\/10\/Michael-kopier-768x1024.jpg 768w, https:\/\/nordvest.danmarksveteraner.dk\/wordpress\/wp-content\/uploads\/2025\/10\/Michael-kopier-225x300.jpg 225w, https:\/\/nordvest.danmarksveteraner.dk\/wordpress\/wp-content\/uploads\/2025\/10\/Michael-kopier-1152x1536.jpg 1152w, https:\/\/nordvest.danmarksveteraner.dk\/wordpress\/wp-content\/uploads\/2025\/10\/Michael-kopier.jpg 1536w\" sizes=\"auto, (max-width: 768px) 100vw, 768px\" \/><\/a><\/figure>\n\n\n\n<p>N\u00e6stformand M. Gr\u00f8ngaard modtog medaljen i Bronze.<\/p>\n\n\n\n<figure class=\"wp-block-image size-large\"><a href=\"https:\/\/nordvest.danmarksveteraner.dk\/wordpress\/wp-content\/uploads\/2025\/10\/Erhard-Villy.jpg\"><img loading=\"lazy\" decoding=\"async\" width=\"768\" height=\"1024\" src=\"https:\/\/nordvest.danmarksveteraner.dk\/wordpress\/wp-content\/uploads\/2025\/10\/Erhard-Villy-768x1024.jpg\" alt=\"\" class=\"wp-image-1568\" srcset=\"https:\/\/nordvest.danmarksveteraner.dk\/wordpress\/wp-content\/uploads\/2025\/10\/Erhard-Villy-768x1024.jpg 768w, https:\/\/nordvest.danmarksveteraner.dk\/wordpress\/wp-content\/uploads\/2025\/10\/Erhard-Villy-225x300.jpg 225w, https:\/\/nordvest.danmarksveteraner.dk\/wordpress\/wp-content\/uploads\/2025\/10\/Erhard-Villy-1152x1536.jpg 1152w, https:\/\/nordvest.danmarksveteraner.dk\/wordpress\/wp-content\/uploads\/2025\/10\/Erhard-Villy.jpg 1536w\" sizes=\"auto, (max-width: 768px) 100vw, 768px\" \/><\/a><\/figure>\n\n\n\n<p>Erhard og Villy modtog Danmarksveteraners h\u00e6derstegn i s\u00f8lv<\/p>\n\n\n\n<figure class=\"wp-block-image size-large\"><a href=\"https:\/\/nordvest.danmarksveteraner.dk\/wordpress\/wp-content\/uploads\/2025\/10\/Pigerne-kopier.jpg\"><img loading=\"lazy\" decoding=\"async\" width=\"1024\" height=\"915\" src=\"https:\/\/nordvest.danmarksveteraner.dk\/wordpress\/wp-content\/uploads\/2025\/10\/Pigerne-kopier-1024x915.jpg\" alt=\"\" class=\"wp-image-1569\" srcset=\"https:\/\/nordvest.danmarksveteraner.dk\/wordpress\/wp-content\/uploads\/2025\/10\/Pigerne-kopier-1024x915.jpg 1024w, https:\/\/nordvest.danmarksveteraner.dk\/wordpress\/wp-content\/uploads\/2025\/10\/Pigerne-kopier-300x268.jpg 300w, https:\/\/nordvest.danmarksveteraner.dk\/wordpress\/wp-content\/uploads\/2025\/10\/Pigerne-kopier-768x687.jpg 768w, https:\/\/nordvest.danmarksveteraner.dk\/wordpress\/wp-content\/uploads\/2025\/10\/Pigerne-kopier.jpg 1481w\" sizes=\"auto, (max-width: 1024px) 100vw, 1024px\" \/><\/a><\/figure>\n\n\n\n<p>Hustruer og mange\u00e5rige hj\u00e6lpere i foreningen modtog h\u00e6derstegnet i bronze.<br>Nordvest \u00f8nsker tillykke.<\/p>\n\n\n\n<p>Sidst lige et billede af lidt l\u00e6kkert!<\/p>\n\n\n\n<figure class=\"wp-block-image size-large\"><a href=\"https:\/\/nordvest.danmarksveteraner.dk\/wordpress\/wp-content\/uploads\/2025\/10\/kage_IMG_6550.jpg\"><img loading=\"lazy\" decoding=\"async\" width=\"1024\" height=\"768\" src=\"https:\/\/nordvest.danmarksveteraner.dk\/wordpress\/wp-content\/uploads\/2025\/10\/kage_IMG_6550-1024x768.jpg\" alt=\"\" class=\"wp-image-1574\" srcset=\"https:\/\/nordvest.danmarksveteraner.dk\/wordpress\/wp-content\/uploads\/2025\/10\/kage_IMG_6550-1024x768.jpg 1024w, https:\/\/nordvest.danmarksveteraner.dk\/wordpress\/wp-content\/uploads\/2025\/10\/kage_IMG_6550-300x225.jpg 300w, https:\/\/nordvest.danmarksveteraner.dk\/wordpress\/wp-content\/uploads\/2025\/10\/kage_IMG_6550-768x576.jpg 768w, https:\/\/nordvest.danmarksveteraner.dk\/wordpress\/wp-content\/uploads\/2025\/10\/kage_IMG_6550-1536x1152.jpg 1536w, https:\/\/nordvest.danmarksveteraner.dk\/wordpress\/wp-content\/uploads\/2025\/10\/kage_IMG_6550.jpg 1920w\" sizes=\"auto, (max-width: 1024px) 100vw, 1024px\" \/><\/a><\/figure>\n","protected":false},"excerpt":{"rendered":"<p>L\u00f8rdag den. 25 oktober 2025 afholdte Danmarks Veteraner Nordvest jubil\u00e6umsfest i officersmessen p\u00e5 Dragonkasernen.27 medlemmer var tilmeldt til spisning og<\/p>\n","protected":false},"author":2,"featured_media":0,"parent":1446,"menu_order":-2,"comment_status":"closed","ping_status":"closed","template":"","meta":{"colormag_page_container_layout":"default_layout","colormag_page_sidebar_layout":"default_layout","footnotes":""},"class_list":["post-1563","page","type-page","status-publish","hentry"],"_links":{"self":[{"href":"https:\/\/nordvest.danmarksveteraner.dk\/wordpress\/index.php?rest_route=\/wp\/v2\/pages\/1563","targetHints":{"allow":["GET"]}}],"collection":[{"href":"https:\/\/nordvest.danmarksveteraner.dk\/wordpress\/index.php?rest_route=\/wp\/v2\/pages"}],"about":[{"href":"https:\/\/nordvest.danmarksveteraner.dk\/wordpress\/index.php?rest_route=\/wp\/v2\/types\/page"}],"author":[{"embeddable":true,"href":"https:\/\/nordvest.danmarksveteraner.dk\/wordpress\/index.php?rest_route=\/wp\/v2\/users\/2"}],"replies":[{"embeddable":true,"href":"https:\/\/nordvest.danmarksveteraner.dk\/wordpress\/index.php?rest_route=%2Fwp%2Fv2%2Fcomments&post=1563"}],"version-history":[{"count":2,"href":"https:\/\/nordvest.danmarksveteraner.dk\/wordpress\/index.php?rest_route=\/wp\/v2\/pages\/1563\/revisions"}],"predecessor-version":[{"id":1575,"href":"https:\/\/nordvest.danmarksveteraner.dk\/wordpress\/index.php?rest_route=\/wp\/v2\/pages\/1563\/revisions\/1575"}],"up":[{"embeddable":true,"href":"https:\/\/nordvest.danmarksveteraner.dk\/wordpress\/index.php?rest_route=\/wp\/v2\/pages\/1446"}],"wp:attachment":[{"href":"https:\/\/nordvest.danmarksveteraner.dk\/wordpress\/index.php?rest_route=%2Fwp%2Fv2%2Fmedia&parent=1563"}],"curies":[{"name":"wp","href":"https:\/\/api.w.org\/{rel}","templated":true}]}}