{"id":1554,"date":"2025-10-23T13:12:21","date_gmt":"2025-10-23T11:12:21","guid":{"rendered":"https:\/\/nordvest.danmarksveteraner.dk\/wordpress\/?page_id=1554"},"modified":"2025-10-23T13:12:21","modified_gmt":"2025-10-23T11:12:21","slug":"remembrance-sunday-2025","status":"publish","type":"page","link":"https:\/\/nordvest.danmarksveteraner.dk\/wordpress\/?page_id=1554","title":{"rendered":"Remembrance Sunday 2025"},"content":{"rendered":"\r\n\t\t\t\t<div\r\n\t\t\t\t\tid=\"wppa-container-wrapper-1\"\r\n\t\t\t\t\tclass=\"aligncenter wppa-container-wrapper \"\r\n\t\t\t\t\tstyle=\"width:350px;display:block;margin-left:auto;margin-right:auto;padding:0;position:relative;\"\r\n\t\t\t\t\t>\r\n\t\t<div\r\n\t\t\tid=\"wppa-container-1\"\r\n\t\t\tstyle=\"width:100%;\"\r\n\t\t\tclass=\"wppa-container aligncenter wp-caption\"\r\n\t\t\t><div style=\"font-size:0;line-height:0\"><img loading=\"lazy\" decoding=\"async\" id=\"ph-445-1\" title=\"Popeye.png\" style=\"width:100%;margin:0;padding:0;border:none;\" width=\"243\" height=\"280\" src=\"https:\/\/nordvest.danmarksveteraner.dk\/wordpress\/wp-content\/uploads\/wppa\/445.png?ver=5\" alt=\"Popeye.png\" class=\"size-medium wppa-mphoto\"><\/div><div class=\"wp-caption-text\"><\/div><svg id=\"wppa-ajax-spin-1\" class=\"wppa-ajax-spin uil-default\" width=\"120px\" height=\"120px\" viewBox=\"0 0 100 100\" preserveAspectRatio=\"xMidYMid\" stroke=\"\" style=\"\n\t\t\t\twidth:120px;\n\t\t\t\theight:120px;\n\t\t\t\tposition:fixed;\n\t\t\t\ttop:50%;\n\t\t\t\tmargin-top:-60px;\n\t\t\t\tleft:50%;\n\t\t\t\tmargin-left:-60px;\n\t\t\t\topacity:1;\n\t\t\t\tdisplay:none;\n\t\t\t\tfill:#666666;\n\t\t\t\tbackground-color:#dddddd;\n\t\t\t\tborder-radius:12px;\"><rect x=\"0\" y=\"0\" width=\"100\" height=\"100\" fill=\"none\" class=\"bk\" ><\/rect><rect class=\"wppa-ajaxspin\"  x=\"47\" y=\"40\" width=\"6\" height=\"20\" rx=\"3\" ry=\"3\" transform=\"rotate(0 50 50) translate(0 -32)\"><animate attributeName=\"opacity\" from=\"1\" to=\"0\" dur=\"1.5s\" begin=\"0s\" repeatCount=\"indefinite\"\/><\/rect><rect class=\"wppa-ajaxspin\"  x=\"47\" y=\"40\" width=\"6\" height=\"20\" rx=\"3\" ry=\"3\" transform=\"rotate(22.5 50 50) translate(0 -32)\"><animate attributeName=\"opacity\" from=\"1\" to=\"0\" dur=\"1.5s\" begin=\"0.09375s\" repeatCount=\"indefinite\"\/><\/rect><rect class=\"wppa-ajaxspin\"  x=\"47\" y=\"40\" width=\"6\" height=\"20\" rx=\"3\" ry=\"3\" transform=\"rotate(45 50 50) translate(0 -32)\"><animate attributeName=\"opacity\" from=\"1\" to=\"0\" dur=\"1.5s\" begin=\"0.1875s\" repeatCount=\"indefinite\"\/><\/rect><rect class=\"wppa-ajaxspin\"  x=\"47\" y=\"40\" width=\"6\" height=\"20\" rx=\"3\" ry=\"3\" transform=\"rotate(67.5 50 50) translate(0 -32)\"><animate attributeName=\"opacity\" from=\"1\" to=\"0\" dur=\"1.5s\" begin=\"0.28125s\" repeatCount=\"indefinite\"\/><\/rect><rect class=\"wppa-ajaxspin\"  x=\"47\" y=\"40\" width=\"6\" height=\"20\" rx=\"3\" ry=\"3\" transform=\"rotate(90 50 50) translate(0 -32)\"><animate attributeName=\"opacity\" from=\"1\" to=\"0\" dur=\"1.5s\" begin=\"0.375s\" repeatCount=\"indefinite\"\/><\/rect><rect class=\"wppa-ajaxspin\"  x=\"47\" y=\"40\" width=\"6\" height=\"20\" rx=\"3\" ry=\"3\" transform=\"rotate(112.5 50 50) translate(0 -32)\"><animate attributeName=\"opacity\" from=\"1\" to=\"0\" dur=\"1.5s\" begin=\"0.46875s\" repeatCount=\"indefinite\"\/><\/rect><rect class=\"wppa-ajaxspin\"  x=\"47\" y=\"40\" width=\"6\" height=\"20\" rx=\"3\" ry=\"3\" transform=\"rotate(135 50 50) translate(0 -32)\"><animate attributeName=\"opacity\" from=\"1\" to=\"0\" dur=\"1.5s\" begin=\"0.5625s\" repeatCount=\"indefinite\"\/><\/rect><rect class=\"wppa-ajaxspin\"  x=\"47\" y=\"40\" width=\"6\" height=\"20\" rx=\"3\" ry=\"3\" transform=\"rotate(157.5 50 50) translate(0 -32)\"><animate attributeName=\"opacity\" from=\"1\" to=\"0\" dur=\"1.5s\" begin=\"0.65625s\" repeatCount=\"indefinite\"\/><\/rect><rect class=\"wppa-ajaxspin\"  x=\"47\" y=\"40\" width=\"6\" height=\"20\" rx=\"3\" ry=\"3\" transform=\"rotate(180 50 50) translate(0 -32)\"><animate attributeName=\"opacity\" from=\"1\" to=\"0\" dur=\"1.5s\" begin=\"0.75s\" repeatCount=\"indefinite\"\/><\/rect><rect class=\"wppa-ajaxspin\"  x=\"47\" y=\"40\" width=\"6\" height=\"20\" rx=\"3\" ry=\"3\" transform=\"rotate(202.5 50 50) translate(0 -32)\"><animate attributeName=\"opacity\" from=\"1\" to=\"0\" dur=\"1.5s\" begin=\"0.84375s\" repeatCount=\"indefinite\"\/><\/rect><rect class=\"wppa-ajaxspin\"  x=\"47\" y=\"40\" width=\"6\" height=\"20\" rx=\"3\" ry=\"3\" transform=\"rotate(225 50 50) translate(0 -32)\"><animate attributeName=\"opacity\" from=\"1\" to=\"0\" dur=\"1.5s\" begin=\"0.9375s\" repeatCount=\"indefinite\"\/><\/rect><rect class=\"wppa-ajaxspin\"  x=\"47\" y=\"40\" width=\"6\" height=\"20\" rx=\"3\" ry=\"3\" transform=\"rotate(247.5 50 50) translate(0 -32)\"><animate attributeName=\"opacity\" from=\"1\" to=\"0\" dur=\"1.5s\" begin=\"1.03125s\" repeatCount=\"indefinite\"\/><\/rect><rect class=\"wppa-ajaxspin\"  x=\"47\" y=\"40\" width=\"6\" height=\"20\" rx=\"3\" ry=\"3\" transform=\"rotate(270 50 50) translate(0 -32)\"><animate attributeName=\"opacity\" from=\"1\" to=\"0\" dur=\"1.5s\" begin=\"1.125s\" repeatCount=\"indefinite\"\/><\/rect><rect class=\"wppa-ajaxspin\"  x=\"47\" y=\"40\" width=\"6\" height=\"20\" rx=\"3\" ry=\"3\" transform=\"rotate(292.5 50 50) translate(0 -32)\"><animate attributeName=\"opacity\" from=\"1\" to=\"0\" dur=\"1.5s\" begin=\"1.21875s\" repeatCount=\"indefinite\"\/><\/rect><rect class=\"wppa-ajaxspin\"  x=\"47\" y=\"40\" width=\"6\" height=\"20\" rx=\"3\" ry=\"3\" transform=\"rotate(315 50 50) translate(0 -32)\"><animate attributeName=\"opacity\" from=\"1\" to=\"0\" dur=\"1.5s\" begin=\"1.3125s\" repeatCount=\"indefinite\"\/><\/rect><rect class=\"wppa-ajaxspin\"  x=\"47\" y=\"40\" width=\"6\" height=\"20\" rx=\"3\" ry=\"3\" transform=\"rotate(337.5 50 50) translate(0 -32)\"><animate attributeName=\"opacity\" from=\"1\" to=\"0\" dur=\"1.5s\" begin=\"1.40625s\" repeatCount=\"indefinite\"\/><\/rect><\/svg><\/div><\/div>\n<!-- End [photo 445] \/wordpress\/index.php?rest_route=%2Fwp%2Fv2%2Fpages%2F1554 oc 1 16 queries in 10.5 ms. at 18:05. Max mem:  56.00 Mb.  -->\n\n\n\n<p>P\u00e5 Lemvig Kirkeg\u00e5rd d. 9. november 2025.<\/p>\n\n\n\n<p><strong><em>K\u00e6re venner.<\/em><\/strong><\/p>\n\n\n\n<p>Vi vil igen i \u00e5r, markerer Remembrance Sunday p\u00e5 Lemvig Kirkeg\u00e5rd.<br><em>(En af de fem centralkirkeg\u00e5rde i Danmark)<\/em><br>Ved kransenedl\u00e6gning mindes vi de, der k\u00e6mpede og de, der faldt for vores frihed.<\/p>\n\n\n\r\n\t\t\t\t<div\r\n\t\t\t\t\tid=\"wppa-container-wrapper-2\"\r\n\t\t\t\t\tclass=\"aligncenter wppa-container-wrapper \"\r\n\t\t\t\t\tstyle=\"width:350px;display:block;margin-left:auto;margin-right:auto;padding:0;position:relative;\"\r\n\t\t\t\t\t>\r\n\t\t<div\r\n\t\t\tid=\"wppa-container-2\"\r\n\t\t\tstyle=\"width:100%;\"\r\n\t\t\tclass=\"wppa-container aligncenter wp-caption\"\r\n\t\t\t><div style=\"font-size:0;line-height:0\"><img loading=\"lazy\" decoding=\"async\" id=\"ph-448-2\" title=\"kortudsnit Lemvig retning kirkeg\u00e5rd.png\" style=\"width:100%;margin:0;padding:0;border:none;\" width=\"2000\" height=\"1258\" src=\"https:\/\/nordvest.danmarksveteraner.dk\/wordpress\/wp-content\/uploads\/wppa\/448.png?ver=5\" alt=\"kortudsnit Lemvig retning kirkeg\u00e5rd.png\" class=\"size-medium wppa-mphoto\"><\/div><div class=\"wp-caption-text\"><\/div><svg id=\"wppa-ajax-spin-2\" class=\"wppa-ajax-spin uil-default\" width=\"120px\" height=\"120px\" viewBox=\"0 0 100 100\" preserveAspectRatio=\"xMidYMid\" stroke=\"\" style=\"\n\t\t\t\twidth:120px;\n\t\t\t\theight:120px;\n\t\t\t\tposition:fixed;\n\t\t\t\ttop:50%;\n\t\t\t\tmargin-top:-60px;\n\t\t\t\tleft:50%;\n\t\t\t\tmargin-left:-60px;\n\t\t\t\topacity:1;\n\t\t\t\tdisplay:none;\n\t\t\t\tfill:#666666;\n\t\t\t\tbackground-color:#dddddd;\n\t\t\t\tborder-radius:12px;\"><rect x=\"0\" y=\"0\" width=\"100\" height=\"100\" fill=\"none\" class=\"bk\" ><\/rect><rect class=\"wppa-ajaxspin\"  x=\"47\" y=\"40\" width=\"6\" height=\"20\" rx=\"3\" ry=\"3\" transform=\"rotate(0 50 50) translate(0 -32)\"><animate attributeName=\"opacity\" from=\"1\" to=\"0\" dur=\"1.5s\" begin=\"0s\" repeatCount=\"indefinite\"\/><\/rect><rect class=\"wppa-ajaxspin\"  x=\"47\" y=\"40\" width=\"6\" height=\"20\" rx=\"3\" ry=\"3\" transform=\"rotate(22.5 50 50) translate(0 -32)\"><animate attributeName=\"opacity\" from=\"1\" to=\"0\" dur=\"1.5s\" begin=\"0.09375s\" repeatCount=\"indefinite\"\/><\/rect><rect class=\"wppa-ajaxspin\"  x=\"47\" y=\"40\" width=\"6\" height=\"20\" rx=\"3\" ry=\"3\" transform=\"rotate(45 50 50) translate(0 -32)\"><animate attributeName=\"opacity\" from=\"1\" to=\"0\" dur=\"1.5s\" begin=\"0.1875s\" repeatCount=\"indefinite\"\/><\/rect><rect class=\"wppa-ajaxspin\"  x=\"47\" y=\"40\" width=\"6\" height=\"20\" rx=\"3\" ry=\"3\" transform=\"rotate(67.5 50 50) translate(0 -32)\"><animate attributeName=\"opacity\" from=\"1\" to=\"0\" dur=\"1.5s\" begin=\"0.28125s\" repeatCount=\"indefinite\"\/><\/rect><rect class=\"wppa-ajaxspin\"  x=\"47\" y=\"40\" width=\"6\" height=\"20\" rx=\"3\" ry=\"3\" transform=\"rotate(90 50 50) translate(0 -32)\"><animate attributeName=\"opacity\" from=\"1\" to=\"0\" dur=\"1.5s\" begin=\"0.375s\" repeatCount=\"indefinite\"\/><\/rect><rect class=\"wppa-ajaxspin\"  x=\"47\" y=\"40\" width=\"6\" height=\"20\" rx=\"3\" ry=\"3\" transform=\"rotate(112.5 50 50) translate(0 -32)\"><animate attributeName=\"opacity\" from=\"1\" to=\"0\" dur=\"1.5s\" begin=\"0.46875s\" repeatCount=\"indefinite\"\/><\/rect><rect class=\"wppa-ajaxspin\"  x=\"47\" y=\"40\" width=\"6\" height=\"20\" rx=\"3\" ry=\"3\" transform=\"rotate(135 50 50) translate(0 -32)\"><animate attributeName=\"opacity\" from=\"1\" to=\"0\" dur=\"1.5s\" begin=\"0.5625s\" repeatCount=\"indefinite\"\/><\/rect><rect class=\"wppa-ajaxspin\"  x=\"47\" y=\"40\" width=\"6\" height=\"20\" rx=\"3\" ry=\"3\" transform=\"rotate(157.5 50 50) translate(0 -32)\"><animate attributeName=\"opacity\" from=\"1\" to=\"0\" dur=\"1.5s\" begin=\"0.65625s\" repeatCount=\"indefinite\"\/><\/rect><rect class=\"wppa-ajaxspin\"  x=\"47\" y=\"40\" width=\"6\" height=\"20\" rx=\"3\" ry=\"3\" transform=\"rotate(180 50 50) translate(0 -32)\"><animate attributeName=\"opacity\" from=\"1\" to=\"0\" dur=\"1.5s\" begin=\"0.75s\" repeatCount=\"indefinite\"\/><\/rect><rect class=\"wppa-ajaxspin\"  x=\"47\" y=\"40\" width=\"6\" height=\"20\" rx=\"3\" ry=\"3\" transform=\"rotate(202.5 50 50) translate(0 -32)\"><animate attributeName=\"opacity\" from=\"1\" to=\"0\" dur=\"1.5s\" begin=\"0.84375s\" repeatCount=\"indefinite\"\/><\/rect><rect class=\"wppa-ajaxspin\"  x=\"47\" y=\"40\" width=\"6\" height=\"20\" rx=\"3\" ry=\"3\" transform=\"rotate(225 50 50) translate(0 -32)\"><animate attributeName=\"opacity\" from=\"1\" to=\"0\" dur=\"1.5s\" begin=\"0.9375s\" repeatCount=\"indefinite\"\/><\/rect><rect class=\"wppa-ajaxspin\"  x=\"47\" y=\"40\" width=\"6\" height=\"20\" rx=\"3\" ry=\"3\" transform=\"rotate(247.5 50 50) translate(0 -32)\"><animate attributeName=\"opacity\" from=\"1\" to=\"0\" dur=\"1.5s\" begin=\"1.03125s\" repeatCount=\"indefinite\"\/><\/rect><rect class=\"wppa-ajaxspin\"  x=\"47\" y=\"40\" width=\"6\" height=\"20\" rx=\"3\" ry=\"3\" transform=\"rotate(270 50 50) translate(0 -32)\"><animate attributeName=\"opacity\" from=\"1\" to=\"0\" dur=\"1.5s\" begin=\"1.125s\" repeatCount=\"indefinite\"\/><\/rect><rect class=\"wppa-ajaxspin\"  x=\"47\" y=\"40\" width=\"6\" height=\"20\" rx=\"3\" ry=\"3\" transform=\"rotate(292.5 50 50) translate(0 -32)\"><animate attributeName=\"opacity\" from=\"1\" to=\"0\" dur=\"1.5s\" begin=\"1.21875s\" repeatCount=\"indefinite\"\/><\/rect><rect class=\"wppa-ajaxspin\"  x=\"47\" y=\"40\" width=\"6\" height=\"20\" rx=\"3\" ry=\"3\" transform=\"rotate(315 50 50) translate(0 -32)\"><animate attributeName=\"opacity\" from=\"1\" to=\"0\" dur=\"1.5s\" begin=\"1.3125s\" repeatCount=\"indefinite\"\/><\/rect><rect class=\"wppa-ajaxspin\"  x=\"47\" y=\"40\" width=\"6\" height=\"20\" rx=\"3\" ry=\"3\" transform=\"rotate(337.5 50 50) translate(0 -32)\"><animate attributeName=\"opacity\" from=\"1\" to=\"0\" dur=\"1.5s\" begin=\"1.40625s\" repeatCount=\"indefinite\"\/><\/rect><\/svg><\/div><\/div>\n<!-- End [photo 448] \/wordpress\/index.php?rest_route=%2Fwp%2Fv2%2Fpages%2F1554 oc 2 11 queries in 5.2 ms. at 18:05. Max mem:  56.00 Mb.  -->\n\n\n\n<p><strong><u>Program:<\/u><\/strong><br>kl. 10:30. Vi m\u00f8des ved Lemvig kirkeg\u00e5rd p\u00e5 parkeringspladsen Ydunslund 2A, 7620 Lemvig.<br>(Hvis muligt, b\u00e6res uniform og ordner).<br>kl. 10:45. Medbragte faner opstiller i kolonne (\u00f8vrige g\u00e6ster m\u00f8des ved mindesm\u00e6rket).<br>kl. 10:50. Fane indmarch. (faneborgen opstiller ved mindesm\u00e6rket).<br>kl. 11:00. Kransenedl\u00e6gning og evt. taler.<br>Afslutning \u2013 Der synges: \u201dAltid frejdigt n\u00e5r du g\u00e5r\u201d.<br>kl. 11:45. Lemvig Kommune er igen i \u00e5r, v\u00e6rt ved en bid br\u00f8d og en kop kaffe i<br>Kirkehuset, Torvet 10, 7620 Lemvig (ved kirken).<\/p>\n\n\n\n<p>NB! For at v\u00e6re sikker p\u00e5, at der er kaffe m.m. til alle,<br>bedes du\/i venligst melde tilbage hvis dette \u00f8nskes, p\u00e5 nedenst\u00e5ende mail adr.<br>Senest mandag d. 1. november.<br><a href=\"mailto:usv@skov.dk\">usv@skov.dk<\/a><\/p>\n\n\n\n<p>Med venlig hilsen<br>og vel m\u00f8dt<\/p>\n\n\n\n<p>P\u00e5 vegne af<br>Svend Erik Pedersen<br><strong><em>De Allieredes Danske V\u00e5benf\u00e6ller<\/em><\/strong><\/p>\n\n\n\n<p>Uffe Sv\u00e6rke<br><strong><em>Lemvig og omegns Garderforening<\/em><\/strong><\/p>\n\n\n\r\n\t\t\t\t<div\r\n\t\t\t\t\tid=\"wppa-container-wrapper-3\"\r\n\t\t\t\t\tclass=\"aligncenter wppa-container-wrapper \"\r\n\t\t\t\t\tstyle=\"width:350px;display:block;margin-left:auto;margin-right:auto;padding:0;position:relative;\"\r\n\t\t\t\t\t>\r\n\t\t<div\r\n\t\t\tid=\"wppa-container-3\"\r\n\t\t\tstyle=\"width:100%;\"\r\n\t\t\tclass=\"wppa-container aligncenter wp-caption\"\r\n\t\t\t><div style=\"font-size:0;line-height:0\"><img loading=\"lazy\" decoding=\"async\" id=\"ph-446-3\" title=\"Gardeforening Lemvig.png\" style=\"width:100%;margin:0;padding:0;border:none;\" width=\"200\" height=\"200\" src=\"https:\/\/nordvest.danmarksveteraner.dk\/wordpress\/wp-content\/uploads\/wppa\/446.png?ver=5\" alt=\"Gardeforening Lemvig.png\" class=\"size-medium wppa-mphoto\"><\/div><div class=\"wp-caption-text\"><\/div><svg id=\"wppa-ajax-spin-3\" class=\"wppa-ajax-spin uil-default\" width=\"120px\" height=\"120px\" viewBox=\"0 0 100 100\" preserveAspectRatio=\"xMidYMid\" stroke=\"\" style=\"\n\t\t\t\twidth:120px;\n\t\t\t\theight:120px;\n\t\t\t\tposition:fixed;\n\t\t\t\ttop:50%;\n\t\t\t\tmargin-top:-60px;\n\t\t\t\tleft:50%;\n\t\t\t\tmargin-left:-60px;\n\t\t\t\topacity:1;\n\t\t\t\tdisplay:none;\n\t\t\t\tfill:#666666;\n\t\t\t\tbackground-color:#dddddd;\n\t\t\t\tborder-radius:12px;\"><rect x=\"0\" y=\"0\" width=\"100\" height=\"100\" fill=\"none\" class=\"bk\" ><\/rect><rect class=\"wppa-ajaxspin\"  x=\"47\" y=\"40\" width=\"6\" height=\"20\" rx=\"3\" ry=\"3\" transform=\"rotate(0 50 50) translate(0 -32)\"><animate attributeName=\"opacity\" from=\"1\" to=\"0\" dur=\"1.5s\" begin=\"0s\" repeatCount=\"indefinite\"\/><\/rect><rect class=\"wppa-ajaxspin\"  x=\"47\" y=\"40\" width=\"6\" height=\"20\" rx=\"3\" ry=\"3\" transform=\"rotate(22.5 50 50) translate(0 -32)\"><animate attributeName=\"opacity\" from=\"1\" to=\"0\" dur=\"1.5s\" begin=\"0.09375s\" repeatCount=\"indefinite\"\/><\/rect><rect class=\"wppa-ajaxspin\"  x=\"47\" y=\"40\" width=\"6\" height=\"20\" rx=\"3\" ry=\"3\" transform=\"rotate(45 50 50) translate(0 -32)\"><animate attributeName=\"opacity\" from=\"1\" to=\"0\" dur=\"1.5s\" begin=\"0.1875s\" repeatCount=\"indefinite\"\/><\/rect><rect class=\"wppa-ajaxspin\"  x=\"47\" y=\"40\" width=\"6\" height=\"20\" rx=\"3\" ry=\"3\" transform=\"rotate(67.5 50 50) translate(0 -32)\"><animate attributeName=\"opacity\" from=\"1\" to=\"0\" dur=\"1.5s\" begin=\"0.28125s\" repeatCount=\"indefinite\"\/><\/rect><rect class=\"wppa-ajaxspin\"  x=\"47\" y=\"40\" width=\"6\" height=\"20\" rx=\"3\" ry=\"3\" transform=\"rotate(90 50 50) translate(0 -32)\"><animate attributeName=\"opacity\" from=\"1\" to=\"0\" dur=\"1.5s\" begin=\"0.375s\" repeatCount=\"indefinite\"\/><\/rect><rect class=\"wppa-ajaxspin\"  x=\"47\" y=\"40\" width=\"6\" height=\"20\" rx=\"3\" ry=\"3\" transform=\"rotate(112.5 50 50) translate(0 -32)\"><animate attributeName=\"opacity\" from=\"1\" to=\"0\" dur=\"1.5s\" begin=\"0.46875s\" repeatCount=\"indefinite\"\/><\/rect><rect class=\"wppa-ajaxspin\"  x=\"47\" y=\"40\" width=\"6\" height=\"20\" rx=\"3\" ry=\"3\" transform=\"rotate(135 50 50) translate(0 -32)\"><animate attributeName=\"opacity\" from=\"1\" to=\"0\" dur=\"1.5s\" begin=\"0.5625s\" repeatCount=\"indefinite\"\/><\/rect><rect class=\"wppa-ajaxspin\"  x=\"47\" y=\"40\" width=\"6\" height=\"20\" rx=\"3\" ry=\"3\" transform=\"rotate(157.5 50 50) translate(0 -32)\"><animate attributeName=\"opacity\" from=\"1\" to=\"0\" dur=\"1.5s\" begin=\"0.65625s\" repeatCount=\"indefinite\"\/><\/rect><rect class=\"wppa-ajaxspin\"  x=\"47\" y=\"40\" width=\"6\" height=\"20\" rx=\"3\" ry=\"3\" transform=\"rotate(180 50 50) translate(0 -32)\"><animate attributeName=\"opacity\" from=\"1\" to=\"0\" dur=\"1.5s\" begin=\"0.75s\" repeatCount=\"indefinite\"\/><\/rect><rect class=\"wppa-ajaxspin\"  x=\"47\" y=\"40\" width=\"6\" height=\"20\" rx=\"3\" ry=\"3\" transform=\"rotate(202.5 50 50) translate(0 -32)\"><animate attributeName=\"opacity\" from=\"1\" to=\"0\" dur=\"1.5s\" begin=\"0.84375s\" repeatCount=\"indefinite\"\/><\/rect><rect class=\"wppa-ajaxspin\"  x=\"47\" y=\"40\" width=\"6\" height=\"20\" rx=\"3\" ry=\"3\" transform=\"rotate(225 50 50) translate(0 -32)\"><animate attributeName=\"opacity\" from=\"1\" to=\"0\" dur=\"1.5s\" begin=\"0.9375s\" repeatCount=\"indefinite\"\/><\/rect><rect class=\"wppa-ajaxspin\"  x=\"47\" y=\"40\" width=\"6\" height=\"20\" rx=\"3\" ry=\"3\" transform=\"rotate(247.5 50 50) translate(0 -32)\"><animate attributeName=\"opacity\" from=\"1\" to=\"0\" dur=\"1.5s\" begin=\"1.03125s\" repeatCount=\"indefinite\"\/><\/rect><rect class=\"wppa-ajaxspin\"  x=\"47\" y=\"40\" width=\"6\" height=\"20\" rx=\"3\" ry=\"3\" transform=\"rotate(270 50 50) translate(0 -32)\"><animate attributeName=\"opacity\" from=\"1\" to=\"0\" dur=\"1.5s\" begin=\"1.125s\" repeatCount=\"indefinite\"\/><\/rect><rect class=\"wppa-ajaxspin\"  x=\"47\" y=\"40\" width=\"6\" height=\"20\" rx=\"3\" ry=\"3\" transform=\"rotate(292.5 50 50) translate(0 -32)\"><animate attributeName=\"opacity\" from=\"1\" to=\"0\" dur=\"1.5s\" begin=\"1.21875s\" repeatCount=\"indefinite\"\/><\/rect><rect class=\"wppa-ajaxspin\"  x=\"47\" y=\"40\" width=\"6\" height=\"20\" rx=\"3\" ry=\"3\" transform=\"rotate(315 50 50) translate(0 -32)\"><animate attributeName=\"opacity\" from=\"1\" to=\"0\" dur=\"1.5s\" begin=\"1.3125s\" repeatCount=\"indefinite\"\/><\/rect><rect class=\"wppa-ajaxspin\"  x=\"47\" y=\"40\" width=\"6\" height=\"20\" rx=\"3\" ry=\"3\" transform=\"rotate(337.5 50 50) translate(0 -32)\"><animate attributeName=\"opacity\" from=\"1\" to=\"0\" dur=\"1.5s\" begin=\"1.40625s\" repeatCount=\"indefinite\"\/><\/rect><\/svg><\/div><\/div>\n<!-- End [photo 446] \/wordpress\/index.php?rest_route=%2Fwp%2Fv2%2Fpages%2F1554 oc 3 7 queries in 4.4 ms. at 18:05. Max mem:  56.00 Mb.  -->\n","protected":false},"excerpt":{"rendered":"<p>P\u00e5 Lemvig Kirkeg\u00e5rd d. 9. november 2025. K\u00e6re venner. Vi vil igen i \u00e5r, markerer Remembrance Sunday p\u00e5 Lemvig Kirkeg\u00e5rd.(En<\/p>\n","protected":false},"author":2,"featured_media":0,"parent":1446,"menu_order":0,"comment_status":"closed","ping_status":"closed","template":"","meta":{"colormag_page_container_layout":"default_layout","colormag_page_sidebar_layout":"default_layout","footnotes":""},"class_list":["post-1554","page","type-page","status-publish","hentry"],"_links":{"self":[{"href":"https:\/\/nordvest.danmarksveteraner.dk\/wordpress\/index.php?rest_route=\/wp\/v2\/pages\/1554","targetHints":{"allow":["GET"]}}],"collection":[{"href":"https:\/\/nordvest.danmarksveteraner.dk\/wordpress\/index.php?rest_route=\/wp\/v2\/pages"}],"about":[{"href":"https:\/\/nordvest.danmarksveteraner.dk\/wordpress\/index.php?rest_route=\/wp\/v2\/types\/page"}],"author":[{"embeddable":true,"href":"https:\/\/nordvest.danmarksveteraner.dk\/wordpress\/index.php?rest_route=\/wp\/v2\/users\/2"}],"replies":[{"embeddable":true,"href":"https:\/\/nordvest.danmarksveteraner.dk\/wordpress\/index.php?rest_route=%2Fwp%2Fv2%2Fcomments&post=1554"}],"version-history":[{"count":1,"href":"https:\/\/nordvest.danmarksveteraner.dk\/wordpress\/index.php?rest_route=\/wp\/v2\/pages\/1554\/revisions"}],"predecessor-version":[{"id":1555,"href":"https:\/\/nordvest.danmarksveteraner.dk\/wordpress\/index.php?rest_route=\/wp\/v2\/pages\/1554\/revisions\/1555"}],"up":[{"embeddable":true,"href":"https:\/\/nordvest.danmarksveteraner.dk\/wordpress\/index.php?rest_route=\/wp\/v2\/pages\/1446"}],"wp:attachment":[{"href":"https:\/\/nordvest.danmarksveteraner.dk\/wordpress\/index.php?rest_route=%2Fwp%2Fv2%2Fmedia&parent=1554"}],"curies":[{"name":"wp","href":"https:\/\/api.w.org\/{rel}","templated":true}]}}