{"id":1474,"date":"2025-06-17T09:44:45","date_gmt":"2025-06-17T07:44:45","guid":{"rendered":"https:\/\/nordvest.danmarksveteraner.dk\/wordpress\/?page_id=1474"},"modified":"2025-06-17T10:41:48","modified_gmt":"2025-06-17T08:41:48","slug":"valdemarsdag-2025","status":"publish","type":"page","link":"https:\/\/nordvest.danmarksveteraner.dk\/wordpress\/?page_id=1474","title":{"rendered":"Valdemarsdag 2025"},"content":{"rendered":"\n<p>Som vanen tro, deltog Veteranforening Nordvest i marchen den. 15 juni p\u00e5 Valdemarsdag. <br>Turen g\u00e5r fra polititorvet gennem g\u00e5gaden sammen med foreninger der har modtaget fane eller flagdug af Danmarkssamfundet.<br>Dagen afsluttes med gudstjeneste i Holstebro sognekirke, og hyggelig sammenv\u00e6r i sognehuset.<\/p>\n\n\n\n<figure class=\"wp-block-gallery has-nested-images columns-default is-cropped wp-block-gallery-1 is-layout-flex wp-block-gallery-is-layout-flex\">\n<figure class=\"wp-block-image size-large\"><a href=\"https:\/\/nordvest.danmarksveteraner.dk\/wordpress\/wp-content\/uploads\/2025\/06\/BF0A3452-1-scaled.jpg\"><img loading=\"lazy\" decoding=\"async\" width=\"731\" height=\"1024\" data-id=\"1486\" src=\"https:\/\/nordvest.danmarksveteraner.dk\/wordpress\/wp-content\/uploads\/2025\/06\/BF0A3452-1-731x1024.jpg\" alt=\"\" class=\"wp-image-1486\" srcset=\"https:\/\/nordvest.danmarksveteraner.dk\/wordpress\/wp-content\/uploads\/2025\/06\/BF0A3452-1-731x1024.jpg 731w, https:\/\/nordvest.danmarksveteraner.dk\/wordpress\/wp-content\/uploads\/2025\/06\/BF0A3452-1-214x300.jpg 214w, https:\/\/nordvest.danmarksveteraner.dk\/wordpress\/wp-content\/uploads\/2025\/06\/BF0A3452-1-768x1076.jpg 768w, https:\/\/nordvest.danmarksveteraner.dk\/wordpress\/wp-content\/uploads\/2025\/06\/BF0A3452-1-1097x1536.jpg 1097w, https:\/\/nordvest.danmarksveteraner.dk\/wordpress\/wp-content\/uploads\/2025\/06\/BF0A3452-1-1462x2048.jpg 1462w, https:\/\/nordvest.danmarksveteraner.dk\/wordpress\/wp-content\/uploads\/2025\/06\/BF0A3452-1-scaled.jpg 1828w\" sizes=\"auto, (max-width: 731px) 100vw, 731px\" \/><\/a><figcaption class=\"wp-element-caption\">Holstebro Musikkorps<\/figcaption><\/figure>\n\n\n\n<figure class=\"wp-block-image size-large\"><a href=\"https:\/\/nordvest.danmarksveteraner.dk\/wordpress\/wp-content\/uploads\/2025\/06\/BF0A3466-1-scaled.jpg\"><img loading=\"lazy\" decoding=\"async\" width=\"819\" height=\"1024\" data-id=\"1487\" src=\"https:\/\/nordvest.danmarksveteraner.dk\/wordpress\/wp-content\/uploads\/2025\/06\/BF0A3466-1-819x1024.jpg\" alt=\"\" class=\"wp-image-1487\" srcset=\"https:\/\/nordvest.danmarksveteraner.dk\/wordpress\/wp-content\/uploads\/2025\/06\/BF0A3466-1-819x1024.jpg 819w, https:\/\/nordvest.danmarksveteraner.dk\/wordpress\/wp-content\/uploads\/2025\/06\/BF0A3466-1-240x300.jpg 240w, https:\/\/nordvest.danmarksveteraner.dk\/wordpress\/wp-content\/uploads\/2025\/06\/BF0A3466-1-768x960.jpg 768w, https:\/\/nordvest.danmarksveteraner.dk\/wordpress\/wp-content\/uploads\/2025\/06\/BF0A3466-1-1229x1536.jpg 1229w, https:\/\/nordvest.danmarksveteraner.dk\/wordpress\/wp-content\/uploads\/2025\/06\/BF0A3466-1-1639x2048.jpg 1639w, https:\/\/nordvest.danmarksveteraner.dk\/wordpress\/wp-content\/uploads\/2025\/06\/BF0A3466-1-scaled.jpg 2048w\" sizes=\"auto, (max-width: 819px) 100vw, 819px\" \/><\/a><figcaption class=\"wp-element-caption\">Nordvest fane<\/figcaption><\/figure>\n\n\n\n<figure class=\"wp-block-image size-large\"><a href=\"https:\/\/nordvest.danmarksveteraner.dk\/wordpress\/wp-content\/uploads\/2025\/06\/BF0A3491-1-scaled.jpg\"><img loading=\"lazy\" decoding=\"async\" width=\"819\" height=\"1024\" data-id=\"1489\" src=\"https:\/\/nordvest.danmarksveteraner.dk\/wordpress\/wp-content\/uploads\/2025\/06\/BF0A3491-1-819x1024.jpg\" alt=\"\" class=\"wp-image-1489\" srcset=\"https:\/\/nordvest.danmarksveteraner.dk\/wordpress\/wp-content\/uploads\/2025\/06\/BF0A3491-1-819x1024.jpg 819w, https:\/\/nordvest.danmarksveteraner.dk\/wordpress\/wp-content\/uploads\/2025\/06\/BF0A3491-1-240x300.jpg 240w, https:\/\/nordvest.danmarksveteraner.dk\/wordpress\/wp-content\/uploads\/2025\/06\/BF0A3491-1-768x960.jpg 768w, https:\/\/nordvest.danmarksveteraner.dk\/wordpress\/wp-content\/uploads\/2025\/06\/BF0A3491-1-1229x1536.jpg 1229w, https:\/\/nordvest.danmarksveteraner.dk\/wordpress\/wp-content\/uploads\/2025\/06\/BF0A3491-1-1638x2048.jpg 1638w, https:\/\/nordvest.danmarksveteraner.dk\/wordpress\/wp-content\/uploads\/2025\/06\/BF0A3491-1-scaled.jpg 2048w\" sizes=\"auto, (max-width: 819px) 100vw, 819px\" \/><\/a><figcaption class=\"wp-element-caption\">Fanef\u00f8rer fra Nordvest<\/figcaption><\/figure>\n\n\n\n<figure class=\"wp-block-image size-large\"><a href=\"https:\/\/nordvest.danmarksveteraner.dk\/wordpress\/wp-content\/uploads\/2025\/06\/BF0A3504-1-scaled.jpg\"><img loading=\"lazy\" decoding=\"async\" width=\"732\" height=\"1024\" data-id=\"1490\" src=\"https:\/\/nordvest.danmarksveteraner.dk\/wordpress\/wp-content\/uploads\/2025\/06\/BF0A3504-1-732x1024.jpg\" alt=\"\" class=\"wp-image-1490\" srcset=\"https:\/\/nordvest.danmarksveteraner.dk\/wordpress\/wp-content\/uploads\/2025\/06\/BF0A3504-1-732x1024.jpg 732w, https:\/\/nordvest.danmarksveteraner.dk\/wordpress\/wp-content\/uploads\/2025\/06\/BF0A3504-1-214x300.jpg 214w, https:\/\/nordvest.danmarksveteraner.dk\/wordpress\/wp-content\/uploads\/2025\/06\/BF0A3504-1-768x1075.jpg 768w, https:\/\/nordvest.danmarksveteraner.dk\/wordpress\/wp-content\/uploads\/2025\/06\/BF0A3504-1-1097x1536.jpg 1097w, https:\/\/nordvest.danmarksveteraner.dk\/wordpress\/wp-content\/uploads\/2025\/06\/BF0A3504-1-1463x2048.jpg 1463w, https:\/\/nordvest.danmarksveteraner.dk\/wordpress\/wp-content\/uploads\/2025\/06\/BF0A3504-1-scaled.jpg 1829w\" sizes=\"auto, (max-width: 732px) 100vw, 732px\" \/><\/a><figcaption class=\"wp-element-caption\">Estandart kommando JDR<\/figcaption><\/figure>\n\n\n\n<figure class=\"wp-block-image size-large\"><a href=\"https:\/\/nordvest.danmarksveteraner.dk\/wordpress\/wp-content\/uploads\/2025\/06\/BF0A3523-1-scaled.jpg\"><img loading=\"lazy\" decoding=\"async\" width=\"732\" height=\"1024\" data-id=\"1491\" src=\"https:\/\/nordvest.danmarksveteraner.dk\/wordpress\/wp-content\/uploads\/2025\/06\/BF0A3523-1-732x1024.jpg\" alt=\"\" class=\"wp-image-1491\" srcset=\"https:\/\/nordvest.danmarksveteraner.dk\/wordpress\/wp-content\/uploads\/2025\/06\/BF0A3523-1-732x1024.jpg 732w, https:\/\/nordvest.danmarksveteraner.dk\/wordpress\/wp-content\/uploads\/2025\/06\/BF0A3523-1-214x300.jpg 214w, https:\/\/nordvest.danmarksveteraner.dk\/wordpress\/wp-content\/uploads\/2025\/06\/BF0A3523-1-768x1075.jpg 768w, https:\/\/nordvest.danmarksveteraner.dk\/wordpress\/wp-content\/uploads\/2025\/06\/BF0A3523-1-1097x1536.jpg 1097w, https:\/\/nordvest.danmarksveteraner.dk\/wordpress\/wp-content\/uploads\/2025\/06\/BF0A3523-1-1463x2048.jpg 1463w, https:\/\/nordvest.danmarksveteraner.dk\/wordpress\/wp-content\/uploads\/2025\/06\/BF0A3523-1-scaled.jpg 1829w\" sizes=\"auto, (max-width: 732px) 100vw, 732px\" \/><\/a><figcaption class=\"wp-element-caption\">Faneborg i Holstebro sognekirke<\/figcaption><\/figure>\n\n\n\n<figure class=\"wp-block-image size-large\"><a href=\"https:\/\/nordvest.danmarksveteraner.dk\/wordpress\/wp-content\/uploads\/2025\/06\/BF0A3531-1-scaled.jpg\"><img loading=\"lazy\" decoding=\"async\" width=\"819\" height=\"1024\" data-id=\"1492\" src=\"https:\/\/nordvest.danmarksveteraner.dk\/wordpress\/wp-content\/uploads\/2025\/06\/BF0A3531-1-819x1024.jpg\" alt=\"\" class=\"wp-image-1492\" srcset=\"https:\/\/nordvest.danmarksveteraner.dk\/wordpress\/wp-content\/uploads\/2025\/06\/BF0A3531-1-819x1024.jpg 819w, https:\/\/nordvest.danmarksveteraner.dk\/wordpress\/wp-content\/uploads\/2025\/06\/BF0A3531-1-240x300.jpg 240w, https:\/\/nordvest.danmarksveteraner.dk\/wordpress\/wp-content\/uploads\/2025\/06\/BF0A3531-1-768x960.jpg 768w, https:\/\/nordvest.danmarksveteraner.dk\/wordpress\/wp-content\/uploads\/2025\/06\/BF0A3531-1-1229x1536.jpg 1229w, https:\/\/nordvest.danmarksveteraner.dk\/wordpress\/wp-content\/uploads\/2025\/06\/BF0A3531-1-1638x2048.jpg 1638w, https:\/\/nordvest.danmarksveteraner.dk\/wordpress\/wp-content\/uploads\/2025\/06\/BF0A3531-1-scaled.jpg 2048w\" sizes=\"auto, (max-width: 819px) 100vw, 819px\" \/><\/a><figcaption class=\"wp-element-caption\">Uddeling af fane fra danmarkssamfundet<\/figcaption><\/figure>\n\n\n\n<figure class=\"wp-block-image size-large\"><a href=\"https:\/\/nordvest.danmarksveteraner.dk\/wordpress\/wp-content\/uploads\/2025\/06\/BF0A3548-1-scaled.jpg\"><img loading=\"lazy\" decoding=\"async\" width=\"732\" height=\"1024\" data-id=\"1493\" src=\"https:\/\/nordvest.danmarksveteraner.dk\/wordpress\/wp-content\/uploads\/2025\/06\/BF0A3548-1-732x1024.jpg\" alt=\"\" class=\"wp-image-1493\" srcset=\"https:\/\/nordvest.danmarksveteraner.dk\/wordpress\/wp-content\/uploads\/2025\/06\/BF0A3548-1-732x1024.jpg 732w, https:\/\/nordvest.danmarksveteraner.dk\/wordpress\/wp-content\/uploads\/2025\/06\/BF0A3548-1-214x300.jpg 214w, https:\/\/nordvest.danmarksveteraner.dk\/wordpress\/wp-content\/uploads\/2025\/06\/BF0A3548-1-768x1075.jpg 768w, https:\/\/nordvest.danmarksveteraner.dk\/wordpress\/wp-content\/uploads\/2025\/06\/BF0A3548-1-1097x1536.jpg 1097w, https:\/\/nordvest.danmarksveteraner.dk\/wordpress\/wp-content\/uploads\/2025\/06\/BF0A3548-1-1463x2048.jpg 1463w, https:\/\/nordvest.danmarksveteraner.dk\/wordpress\/wp-content\/uploads\/2025\/06\/BF0A3548-1-scaled.jpg 1829w\" sizes=\"auto, (max-width: 732px) 100vw, 732px\" \/><\/a><figcaption class=\"wp-element-caption\">Tale for danmarkssamfundet<\/figcaption><\/figure>\n\n\n\n<figure class=\"wp-block-image size-large\"><a href=\"https:\/\/nordvest.danmarksveteraner.dk\/wordpress\/wp-content\/uploads\/2025\/06\/BF0A3481-1-scaled.jpg\"><img loading=\"lazy\" decoding=\"async\" width=\"732\" height=\"1024\" data-id=\"1488\" src=\"https:\/\/nordvest.danmarksveteraner.dk\/wordpress\/wp-content\/uploads\/2025\/06\/BF0A3481-1-732x1024.jpg\" alt=\"\" class=\"wp-image-1488\" srcset=\"https:\/\/nordvest.danmarksveteraner.dk\/wordpress\/wp-content\/uploads\/2025\/06\/BF0A3481-1-732x1024.jpg 732w, https:\/\/nordvest.danmarksveteraner.dk\/wordpress\/wp-content\/uploads\/2025\/06\/BF0A3481-1-214x300.jpg 214w, https:\/\/nordvest.danmarksveteraner.dk\/wordpress\/wp-content\/uploads\/2025\/06\/BF0A3481-1-768x1075.jpg 768w, https:\/\/nordvest.danmarksveteraner.dk\/wordpress\/wp-content\/uploads\/2025\/06\/BF0A3481-1-1097x1536.jpg 1097w, https:\/\/nordvest.danmarksveteraner.dk\/wordpress\/wp-content\/uploads\/2025\/06\/BF0A3481-1-1463x2048.jpg 1463w, https:\/\/nordvest.danmarksveteraner.dk\/wordpress\/wp-content\/uploads\/2025\/06\/BF0A3481-1-scaled.jpg 1829w\" sizes=\"auto, (max-width: 732px) 100vw, 732px\" \/><\/a><figcaption class=\"wp-element-caption\">Gamle korporaler<\/figcaption><\/figure>\n\n\n\n<figure class=\"wp-block-image size-large\"><a href=\"https:\/\/nordvest.danmarksveteraner.dk\/wordpress\/wp-content\/uploads\/2025\/06\/BF0A3570-kopier-1-scaled.jpg\"><img loading=\"lazy\" decoding=\"async\" width=\"731\" height=\"1024\" data-id=\"1494\" src=\"https:\/\/nordvest.danmarksveteraner.dk\/wordpress\/wp-content\/uploads\/2025\/06\/BF0A3570-kopier-1-731x1024.jpg\" alt=\"\" class=\"wp-image-1494\" srcset=\"https:\/\/nordvest.danmarksveteraner.dk\/wordpress\/wp-content\/uploads\/2025\/06\/BF0A3570-kopier-1-731x1024.jpg 731w, https:\/\/nordvest.danmarksveteraner.dk\/wordpress\/wp-content\/uploads\/2025\/06\/BF0A3570-kopier-1-214x300.jpg 214w, https:\/\/nordvest.danmarksveteraner.dk\/wordpress\/wp-content\/uploads\/2025\/06\/BF0A3570-kopier-1-768x1075.jpg 768w, https:\/\/nordvest.danmarksveteraner.dk\/wordpress\/wp-content\/uploads\/2025\/06\/BF0A3570-kopier-1-1097x1536.jpg 1097w, https:\/\/nordvest.danmarksveteraner.dk\/wordpress\/wp-content\/uploads\/2025\/06\/BF0A3570-kopier-1-1463x2048.jpg 1463w, https:\/\/nordvest.danmarksveteraner.dk\/wordpress\/wp-content\/uploads\/2025\/06\/BF0A3570-kopier-1-scaled.jpg 1829w\" sizes=\"auto, (max-width: 731px) 100vw, 731px\" \/><\/a><figcaption class=\"wp-element-caption\">Repr\u00e6sentant for Danmarkssamfundet K. Warming<\/figcaption><\/figure>\n<\/figure>\n","protected":false},"excerpt":{"rendered":"<p>Som vanen tro, deltog Veteranforening Nordvest i marchen den. 15 juni p\u00e5 Valdemarsdag. Turen g\u00e5r fra polititorvet gennem g\u00e5gaden sammen<\/p>\n","protected":false},"author":2,"featured_media":0,"parent":1446,"menu_order":0,"comment_status":"closed","ping_status":"closed","template":"","meta":{"colormag_page_container_layout":"default_layout","colormag_page_sidebar_layout":"default_layout","footnotes":""},"class_list":["post-1474","page","type-page","status-publish","hentry"],"_links":{"self":[{"href":"https:\/\/nordvest.danmarksveteraner.dk\/wordpress\/index.php?rest_route=\/wp\/v2\/pages\/1474","targetHints":{"allow":["GET"]}}],"collection":[{"href":"https:\/\/nordvest.danmarksveteraner.dk\/wordpress\/index.php?rest_route=\/wp\/v2\/pages"}],"about":[{"href":"https:\/\/nordvest.danmarksveteraner.dk\/wordpress\/index.php?rest_route=\/wp\/v2\/types\/page"}],"author":[{"embeddable":true,"href":"https:\/\/nordvest.danmarksveteraner.dk\/wordpress\/index.php?rest_route=\/wp\/v2\/users\/2"}],"replies":[{"embeddable":true,"href":"https:\/\/nordvest.danmarksveteraner.dk\/wordpress\/index.php?rest_route=%2Fwp%2Fv2%2Fcomments&post=1474"}],"version-history":[{"count":3,"href":"https:\/\/nordvest.danmarksveteraner.dk\/wordpress\/index.php?rest_route=\/wp\/v2\/pages\/1474\/revisions"}],"predecessor-version":[{"id":1495,"href":"https:\/\/nordvest.danmarksveteraner.dk\/wordpress\/index.php?rest_route=\/wp\/v2\/pages\/1474\/revisions\/1495"}],"up":[{"embeddable":true,"href":"https:\/\/nordvest.danmarksveteraner.dk\/wordpress\/index.php?rest_route=\/wp\/v2\/pages\/1446"}],"wp:attachment":[{"href":"https:\/\/nordvest.danmarksveteraner.dk\/wordpress\/index.php?rest_route=%2Fwp%2Fv2%2Fmedia&parent=1474"}],"curies":[{"name":"wp","href":"https:\/\/api.w.org\/{rel}","templated":true}]}}