{"id":1462,"date":"2025-05-13T08:26:54","date_gmt":"2025-05-13T06:26:54","guid":{"rendered":"https:\/\/nordvest.danmarksveteraner.dk\/wordpress\/?page_id=1462"},"modified":"2025-10-29T13:09:14","modified_gmt":"2025-10-29T12:09:14","slug":"bestyrelsesmoede","status":"publish","type":"page","link":"https:\/\/nordvest.danmarksveteraner.dk\/wordpress\/?page_id=1462","title":{"rendered":"Bestyrelsesm\u00f8de 6. maj 2025"},"content":{"rendered":"\n<p><\/p>\n\n\n\n<p><strong>Punkter jf. dagsorden:<\/strong><\/p>\n\n\n\n<p><strong>Ad punkt 1:&nbsp;&nbsp;&nbsp;&nbsp;&nbsp;&nbsp;&nbsp;&nbsp;&nbsp;&nbsp;&nbsp;&nbsp;&nbsp;&nbsp;&nbsp;&nbsp;&nbsp;&nbsp;&nbsp;&nbsp;&nbsp; <u>Protokol<\/u>:<\/strong><\/p>\n\n\n\n<p>Referat fra sidste m\u00f8de 27. februar blev vedtaget uden bem\u00e6rkninger<\/p>\n\n\n\n<p><strong>Ad punkt 2:&nbsp;&nbsp;&nbsp;&nbsp;&nbsp;&nbsp;&nbsp;&nbsp;&nbsp;&nbsp;&nbsp;&nbsp;&nbsp;&nbsp;&nbsp;&nbsp;&nbsp;&nbsp;&nbsp;&nbsp;&nbsp; <u>Nyt fra formanden<\/u>:<\/strong><\/p>\n\n\n\n<ul class=\"wp-block-list\">\n<li>Ny dato 21. maj for strategim\u00f8de vedr. veteranindsatsen<\/li>\n\n\n\n<li>Deltagere i arrangementer laver indl\u00e6g til bladet Danmarks Veteraner<\/li>\n<\/ul>\n\n\n\n<p><strong>Ad punkt 3:&nbsp;&nbsp;&nbsp;&nbsp;&nbsp;&nbsp;&nbsp;&nbsp;&nbsp;&nbsp;&nbsp;&nbsp;&nbsp;&nbsp;&nbsp;&nbsp;&nbsp;&nbsp;&nbsp;&nbsp;&nbsp; <u>Status fra kassereren<\/u>:<\/strong><\/p>\n\n\n\n<ul class=\"wp-block-list\">\n<li>Indflytningsgave til Veteranhuset ved \u00c5en p\u00e5 kr. 10.000<\/li>\n\n\n\n<li>Kassebeholdning kr. 99.000<\/li>\n<\/ul>\n\n\n\n<p><strong>Ad punkt 4:&nbsp;&nbsp;&nbsp;&nbsp;&nbsp;&nbsp;&nbsp;&nbsp;&nbsp;&nbsp;&nbsp;&nbsp;&nbsp;&nbsp;&nbsp;&nbsp;&nbsp;&nbsp;&nbsp;&nbsp;&nbsp; <u>Nyt fra den \u00f8vrige bestyrelse\/ressourcepersoner<\/u>:<\/strong><\/p>\n\n\n\n<p><strong>&nbsp;&nbsp;&nbsp;&nbsp;&nbsp;&nbsp;&nbsp;&nbsp;&nbsp;&nbsp;&nbsp;&nbsp;&nbsp;&nbsp;&nbsp;&nbsp;&nbsp;&nbsp;&nbsp;&nbsp;&nbsp;&nbsp;&nbsp;&nbsp;&nbsp;&nbsp;&nbsp;&nbsp;&nbsp;&nbsp;&nbsp;&nbsp;&nbsp;&nbsp;&nbsp;&nbsp;&nbsp;&nbsp;&nbsp;&nbsp;&nbsp;&nbsp;&nbsp; <\/strong>Ide til<strong> <\/strong>bestyrelsen at arrangere en udflugt til Thybor\u00f8n museer.<\/p>\n\n\n\n<p>&nbsp;&nbsp;&nbsp;&nbsp;&nbsp;&nbsp;&nbsp;&nbsp;&nbsp;&nbsp;&nbsp;&nbsp;&nbsp;&nbsp;&nbsp;&nbsp;&nbsp;&nbsp;&nbsp;&nbsp;&nbsp;&nbsp;&nbsp;&nbsp;&nbsp;&nbsp;&nbsp;&nbsp;&nbsp;&nbsp;&nbsp;&nbsp;&nbsp;&nbsp;&nbsp;&nbsp;&nbsp;&nbsp;&nbsp;&nbsp;&nbsp;&nbsp;&nbsp; Bestyrelsen tager sagen op<\/p>\n\n\n\n<p><strong>Ad punkt 5:&nbsp;&nbsp;&nbsp;&nbsp;&nbsp;&nbsp;&nbsp;&nbsp;&nbsp;&nbsp;&nbsp;&nbsp;&nbsp;&nbsp;&nbsp;&nbsp;&nbsp;&nbsp;&nbsp;&nbsp;&nbsp; <u>Kommende aktiviteter<\/u>:<\/strong><\/p>\n\n\n\n<ul class=\"wp-block-list\">\n<li>24. maj JDR \u00c5bent Hus. Formanden orienterede ang. opgaver m.m.<\/li>\n\n\n\n<li>29. maj Peacekeepers Day. Sekret\u00e6r orienterede ang arrangementet<\/li>\n\n\n\n<li>15. Juni Valdemarsdag. Sekret\u00e6r orienterede ang. arrangementet<\/li>\n\n\n\n<li>24. oktober 2025 har Nordvest 40-\u00e5rs jubil\u00e6um. Bestyrelsen bedes t\u00e6nke til n\u00e6ste m\u00f8de p\u00e5:<\/li>\n\n\n\n<li>Hvor skal det holdes, Hvorn\u00e5r skal det holdes, Hvem skal inviteres, Budget, Neds\u00e6ttelse af udvalg m.m.<\/li>\n<\/ul>\n\n\n\n<p><strong>2<\/strong><\/p>\n\n\n\n<p><strong>Ad punkt 6:&nbsp;&nbsp;&nbsp;&nbsp;&nbsp;&nbsp;&nbsp;&nbsp;&nbsp;&nbsp;&nbsp;&nbsp;&nbsp;&nbsp;&nbsp;&nbsp;&nbsp;&nbsp;&nbsp;&nbsp;&nbsp; <u>N\u00e6ste m\u00f8de<\/u>:<\/strong><\/p>\n\n\n\n<p>&nbsp;&nbsp;&nbsp;&nbsp;&nbsp;&nbsp;&nbsp;&nbsp;&nbsp;&nbsp;&nbsp;&nbsp;&nbsp;&nbsp;&nbsp;&nbsp;&nbsp;&nbsp;&nbsp;&nbsp;&nbsp;&nbsp;&nbsp;&nbsp;&nbsp;&nbsp;&nbsp;&nbsp;&nbsp;&nbsp;&nbsp;&nbsp;&nbsp;&nbsp;&nbsp;&nbsp;&nbsp;&nbsp;&nbsp;&nbsp;&nbsp;&nbsp;&nbsp; 17. juni p\u00e5 Dragonkasernen i Holstebro<\/p>\n","protected":false},"excerpt":{"rendered":"<p>Punkter jf. dagsorden: Ad punkt 1:&nbsp;&nbsp;&nbsp;&nbsp;&nbsp;&nbsp;&nbsp;&nbsp;&nbsp;&nbsp;&nbsp;&nbsp;&nbsp;&nbsp;&nbsp;&nbsp;&nbsp;&nbsp;&nbsp;&nbsp;&nbsp; Protokol: Referat fra sidste m\u00f8de 27. februar blev vedtaget uden bem\u00e6rkninger Ad punkt 2:&nbsp;&nbsp;&nbsp;&nbsp;&nbsp;&nbsp;&nbsp;&nbsp;&nbsp;&nbsp;&nbsp;&nbsp;&nbsp;&nbsp;&nbsp;&nbsp;&nbsp;&nbsp;&nbsp;&nbsp;&nbsp;<\/p>\n","protected":false},"author":2,"featured_media":0,"parent":1559,"menu_order":-3,"comment_status":"closed","ping_status":"closed","template":"","meta":{"colormag_page_container_layout":"default_layout","colormag_page_sidebar_layout":"default_layout","footnotes":""},"class_list":["post-1462","page","type-page","status-publish","hentry"],"_links":{"self":[{"href":"https:\/\/nordvest.danmarksveteraner.dk\/wordpress\/index.php?rest_route=\/wp\/v2\/pages\/1462","targetHints":{"allow":["GET"]}}],"collection":[{"href":"https:\/\/nordvest.danmarksveteraner.dk\/wordpress\/index.php?rest_route=\/wp\/v2\/pages"}],"about":[{"href":"https:\/\/nordvest.danmarksveteraner.dk\/wordpress\/index.php?rest_route=\/wp\/v2\/types\/page"}],"author":[{"embeddable":true,"href":"https:\/\/nordvest.danmarksveteraner.dk\/wordpress\/index.php?rest_route=\/wp\/v2\/users\/2"}],"replies":[{"embeddable":true,"href":"https:\/\/nordvest.danmarksveteraner.dk\/wordpress\/index.php?rest_route=%2Fwp%2Fv2%2Fcomments&post=1462"}],"version-history":[{"count":3,"href":"https:\/\/nordvest.danmarksveteraner.dk\/wordpress\/index.php?rest_route=\/wp\/v2\/pages\/1462\/revisions"}],"predecessor-version":[{"id":1467,"href":"https:\/\/nordvest.danmarksveteraner.dk\/wordpress\/index.php?rest_route=\/wp\/v2\/pages\/1462\/revisions\/1467"}],"up":[{"embeddable":true,"href":"https:\/\/nordvest.danmarksveteraner.dk\/wordpress\/index.php?rest_route=\/wp\/v2\/pages\/1559"}],"wp:attachment":[{"href":"https:\/\/nordvest.danmarksveteraner.dk\/wordpress\/index.php?rest_route=%2Fwp%2Fv2%2Fmedia&parent=1462"}],"curies":[{"name":"wp","href":"https:\/\/api.w.org\/{rel}","templated":true}]}}