{"id":1456,"date":"2025-05-07T08:24:09","date_gmt":"2025-05-07T06:24:09","guid":{"rendered":"https:\/\/nordvest.danmarksveteraner.dk\/wordpress\/?page_id=1456"},"modified":"2025-10-23T13:10:27","modified_gmt":"2025-10-23T11:10:27","slug":"peace-keepers-day-2025","status":"publish","type":"page","link":"https:\/\/nordvest.danmarksveteraner.dk\/wordpress\/?page_id=1456","title":{"rendered":"Peace Keepers Day 2025"},"content":{"rendered":"\n<p>Nord<strong>vest<\/strong><\/p>\n\n\n\n<p>Kl. 1015 \u20131055&nbsp; &nbsp; &nbsp; &nbsp; &nbsp; &nbsp; &nbsp; &nbsp; &nbsp; Modtagelse af g\u00e6ster og faneborg samt honn\u00f8rmodtager<\/p>\n\n\n\n<p>Kl. 1045 \u2013 &nbsp;&nbsp;&nbsp;&nbsp;&nbsp;&nbsp;&nbsp;&nbsp;&nbsp;&nbsp;&nbsp;&nbsp;&nbsp;&nbsp;&nbsp;&nbsp;&nbsp;&nbsp;&nbsp;&nbsp;&nbsp;&nbsp;&nbsp;&nbsp;&nbsp;&nbsp;Opstilling af faneborg samt parade<\/p>\n\n\n\n<p>Kl. 1100&nbsp;&nbsp;&nbsp;&nbsp;&nbsp;&nbsp;&nbsp;&nbsp;&nbsp;&nbsp;&nbsp;&nbsp;&nbsp;&nbsp;&nbsp;&nbsp;&nbsp;&nbsp;&nbsp;&nbsp;&nbsp;&nbsp;&nbsp;&nbsp;&nbsp;&nbsp;&nbsp;&nbsp;&nbsp;&nbsp;Velkomst<\/p>\n\n\n\n<p>Kransel\u00e6gning<\/p>\n\n\n\n<p>Mindeord ved lokalforeningsformanden<\/p>\n\n\n\n<p>Parade med medaljeoverr\u00e6kkelse, ogs\u00e5 b\u00f8rnemedaljer<\/p>\n\n\n\n<p>Kl.1200 \u2013 &nbsp;&nbsp;&nbsp;&nbsp;&nbsp;&nbsp;&nbsp;&nbsp;&nbsp;&nbsp;&nbsp;&nbsp;&nbsp;&nbsp;&nbsp;&nbsp;&nbsp;&nbsp;&nbsp;&nbsp;&nbsp;&nbsp;&nbsp;&nbsp;&nbsp;&nbsp;&nbsp;&nbsp; Indrykning i Laden til en forfriskning samt kammeratligt samv\u00e6r<\/p>\n\n\n\n<p>Kl. 1430&nbsp;&nbsp;&nbsp;&nbsp;&nbsp;&nbsp;&nbsp;&nbsp;&nbsp;&nbsp;&nbsp;&nbsp;&nbsp;&nbsp;&nbsp;&nbsp;&nbsp;&nbsp;&nbsp;&nbsp;&nbsp;&nbsp;&nbsp;&nbsp;&nbsp;&nbsp;&nbsp;&nbsp;&nbsp;&nbsp;&nbsp; Arrangementet slutter<\/p>\n\n\n\n<p><strong><u>Sted:<\/u><\/strong>&nbsp;&nbsp;&nbsp;&nbsp;&nbsp;&nbsp;&nbsp;&nbsp;&nbsp;&nbsp;&nbsp;&nbsp;&nbsp;&nbsp;&nbsp;&nbsp;&nbsp;&nbsp;&nbsp;&nbsp;&nbsp;&nbsp;&nbsp;&nbsp;&nbsp;&nbsp;&nbsp;&nbsp;&nbsp;&nbsp;&nbsp;&nbsp;&nbsp;&nbsp;&nbsp; Ved Laden, Brog\u00e5rdsvej 4, Holstebro.&nbsp; (Imellem Kvickly og Museet)<\/p>\n\n\n\n<p><strong><u>P\u00e5kl\u00e6dning:<\/u><\/strong> &nbsp;&nbsp;&nbsp;&nbsp;&nbsp;&nbsp;&nbsp;&nbsp;&nbsp;&nbsp;&nbsp;&nbsp;&nbsp;&nbsp;&nbsp;&nbsp;&nbsp;&nbsp;&nbsp;&nbsp;&nbsp;&nbsp; Tjenesteg\u00f8rende uniform. \u00d8vrige, fri med anlagte store medaljer<\/p>\n\n\n\n<p><strong><u>Tilmelding<\/u><\/strong><strong>:&nbsp;&nbsp;&nbsp;&nbsp;&nbsp;&nbsp;&nbsp;&nbsp;&nbsp;&nbsp;&nbsp;&nbsp;&nbsp;&nbsp;&nbsp;&nbsp;&nbsp;&nbsp;&nbsp;&nbsp;&nbsp;&nbsp;&nbsp;&nbsp;&nbsp; <\/strong>Til Carl \u00c5kerlund: Tlf.nr.: 23 25 67 42; E-mail: <a href=\"mailto:aahuss7500@gmail.com\">aahuss7500@gmail.com<\/a><\/p>\n\n\n\n<p><strong>Senest den 21. maj, medaljemodtagere dog senest 12. maj<\/strong><\/p>\n\n\n\n<p><strong>Husk at melde om du er jubilar samt bestille mindemedalje p\u00e5 tilmelding. Udsendt \u00e5r med endetal 0 eller 5 samt b\u00f8rnemedalje<\/strong><\/p>\n\n\n\n<p><strong><u>Tilmelding<\/u><\/strong><strong>:<\/strong><\/p>\n\n\n\n<p>Du kan tilmelde dig p\u00e5 nedenst\u00e5ende tilmeldingsskema og send skemaet<\/p>\n\n\n\n<p>til: <a href=\"mailto:aahuss7500@gmail.com\">aahuss7500@gmail.com<\/a><\/p>\n\n\n\n<p><strong>NAVN<\/strong><\/p>\n\n\n\n<p><strong>ADRESSE:<\/strong><\/p>\n\n\n\n<p><strong>POSTNUMMER:&nbsp;&nbsp;&nbsp;&nbsp;&nbsp;&nbsp;&nbsp;&nbsp;&nbsp;&nbsp;&nbsp;&nbsp;&nbsp;&nbsp; BY:<\/strong><\/p>\n\n\n\n<p><strong>TELEFONNR:<\/strong><\/p>\n\n\n\n<p><strong>FORENINGSJUBILAR 50 \u00e5r (indmeldt 1975, s\u00e6t kryds)<\/strong><\/p>\n\n\n\n<p><strong>MISSIONJUBILAR: (udsendt med endetal 5)<\/strong><\/p>\n\n\n\n<p><strong>(Opgiv \u00e5rstal, mission og holdnummer her.)<\/strong><\/p>\n\n\n\n<p><strong>Jeg er ikke jubilar (s\u00e6t kryds)<\/strong><\/p>\n\n\n\n<p><strong>\u00d8nske om b\u00f8rnemedalje (s\u00e6t kryds)<\/strong><\/p>\n\n\n\n<p><strong>Jeg medbringer hj\u00e6lper: (s\u00e6t kryds)<\/strong><\/p>\n\n\n\n<p>Evt. sp\u00f8rgsm\u00e5l rettes til:<\/p>\n\n\n\n<p>Carl \u00c5kerlund, Tlf.: 23 25 67 42; E-mail: <a href=\"mailto:aahuss7500@gmail.com\">aahuss7500@gmail.com<\/a><\/p>\n\n\n\n<p><strong><u>Sidste frist for tilmelding er<\/u><\/strong><strong>:<\/strong><\/p>\n\n\n\n<ul class=\"wp-block-list\">\n<li>For medaljemodtagere:\u00a0\u00a0\u00a0\u00a0\u00a0\u00a0\u00a0\u00a0\u00a0\u00a0\u00a0<strong>12. maj 2025<\/strong><\/li>\n\n\n\n<li>For \u00f8vrige:\u00a0\u00a0\u00a0\u00a0\u00a0\u00a0\u00a0\u00a0\u00a0\u00a0\u00a0\u00a0\u00a0\u00a0\u00a0\u00a0\u00a0\u00a0\u00a0\u00a0\u00a0\u00a0\u00a0\u00a0\u00a0\u00a0\u00a0\u00a0\u00a0\u00a0\u00a0\u00a0\u00a0 <strong>21. maj 2025<\/strong><\/li>\n<\/ul>\n\n\n\n<p>Med veteran hilsen og p\u00e5 gensyn<\/p>\n\n\n\n<p>TOMMY ANDREASEN-BRUHN<\/p>\n\n\n\n<p><\/p>\n","protected":false},"excerpt":{"rendered":"<p>Billede fra tidligere \u00e5r af kransel\u00e6gning<\/p>\n","protected":false},"author":2,"featured_media":1328,"parent":1446,"menu_order":0,"comment_status":"closed","ping_status":"closed","template":"","meta":{"colormag_page_container_layout":"default_layout","colormag_page_sidebar_layout":"default_layout","footnotes":""},"class_list":["post-1456","page","type-page","status-publish","has-post-thumbnail","hentry"],"_links":{"self":[{"href":"https:\/\/nordvest.danmarksveteraner.dk\/wordpress\/index.php?rest_route=\/wp\/v2\/pages\/1456","targetHints":{"allow":["GET"]}}],"collection":[{"href":"https:\/\/nordvest.danmarksveteraner.dk\/wordpress\/index.php?rest_route=\/wp\/v2\/pages"}],"about":[{"href":"https:\/\/nordvest.danmarksveteraner.dk\/wordpress\/index.php?rest_route=\/wp\/v2\/types\/page"}],"author":[{"embeddable":true,"href":"https:\/\/nordvest.danmarksveteraner.dk\/wordpress\/index.php?rest_route=\/wp\/v2\/users\/2"}],"replies":[{"embeddable":true,"href":"https:\/\/nordvest.danmarksveteraner.dk\/wordpress\/index.php?rest_route=%2Fwp%2Fv2%2Fcomments&post=1456"}],"version-history":[{"count":4,"href":"https:\/\/nordvest.danmarksveteraner.dk\/wordpress\/index.php?rest_route=\/wp\/v2\/pages\/1456\/revisions"}],"predecessor-version":[{"id":1553,"href":"https:\/\/nordvest.danmarksveteraner.dk\/wordpress\/index.php?rest_route=\/wp\/v2\/pages\/1456\/revisions\/1553"}],"up":[{"embeddable":true,"href":"https:\/\/nordvest.danmarksveteraner.dk\/wordpress\/index.php?rest_route=\/wp\/v2\/pages\/1446"}],"wp:featuredmedia":[{"embeddable":true,"href":"https:\/\/nordvest.danmarksveteraner.dk\/wordpress\/index.php?rest_route=\/wp\/v2\/media\/1328"}],"wp:attachment":[{"href":"https:\/\/nordvest.danmarksveteraner.dk\/wordpress\/index.php?rest_route=%2Fwp%2Fv2%2Fmedia&parent=1456"}],"curies":[{"name":"wp","href":"https:\/\/api.w.org\/{rel}","templated":true}]}}