{"id":1357,"date":"2023-08-18T09:01:57","date_gmt":"2023-08-18T07:01:57","guid":{"rendered":"https:\/\/nordvest.danmarksveteraner.dk\/wordpress\/?page_id=1357"},"modified":"2023-08-18T09:03:10","modified_gmt":"2023-08-18T07:03:10","slug":"referat-af-bestyrelsesmoede-afholdt-19-august-2023","status":"publish","type":"page","link":"https:\/\/nordvest.danmarksveteraner.dk\/wordpress\/?page_id=1357","title":{"rendered":"Referat af bestyrelsesm\u00f8de afholdt 19. august 2023"},"content":{"rendered":"\n<p>Formanden b\u00f8d alle velkommen, derefter startede m\u00f8det<\/p>\n\n\n\n<p><strong><u>Punkter jf. dagsorden<\/u><\/strong><strong>:<\/strong><\/p>\n\n\n\n<p><strong>Ad punkt 1:&nbsp;&nbsp;&nbsp;&nbsp;&nbsp;&nbsp;&nbsp;&nbsp;&nbsp;&nbsp;&nbsp;&nbsp;&nbsp;&nbsp;&nbsp;&nbsp;&nbsp;&nbsp;&nbsp;&nbsp;&nbsp; <u>Protokol<\/u>:<\/strong><\/p>\n\n\n\n<ul class=\"wp-block-list\">\n<li>Afbud fra Erhard Jepsen \u2013 Svend Erik Jensen \u2013 <\/li>\n\n\n\n<li>Lars Paab\u00f8l Thomsen og Alexander Didriksen.<\/li>\n<\/ul>\n\n\n\n<p><strong>Ad punkt 2:&nbsp;&nbsp;&nbsp;&nbsp;&nbsp;&nbsp;&nbsp;&nbsp;&nbsp;&nbsp;&nbsp;&nbsp;&nbsp;&nbsp;&nbsp;&nbsp;&nbsp;&nbsp;&nbsp;&nbsp;&nbsp; <\/strong>Formanden gav en s\u00e6rlig velkomst til Villy Hove, der er<\/p>\n\n\n\n<p>&nbsp;&nbsp;&nbsp;&nbsp;&nbsp;&nbsp;&nbsp;&nbsp;&nbsp;&nbsp;&nbsp;&nbsp;&nbsp;&nbsp;&nbsp;&nbsp;&nbsp;&nbsp;&nbsp;&nbsp;&nbsp;&nbsp;&nbsp;&nbsp;&nbsp;&nbsp;&nbsp;&nbsp;&nbsp;&nbsp;&nbsp;&nbsp;&nbsp;&nbsp;&nbsp;&nbsp;&nbsp;&nbsp;&nbsp;&nbsp;&nbsp;&nbsp;&nbsp; Er udpeget som ressourceperson<\/p>\n\n\n\n<p><strong>Ad punkt 3:&nbsp;&nbsp;&nbsp;&nbsp;&nbsp;&nbsp;&nbsp;&nbsp;&nbsp;&nbsp;&nbsp;&nbsp;&nbsp;&nbsp;&nbsp;&nbsp;&nbsp;&nbsp;&nbsp;&nbsp;&nbsp; <\/strong>Formanden bad om hj\u00e6lp fra bestyrelsen til, beskrivelse af tekst og billeder over arrangementer, der skal optages i blade og hjemmesider.<\/p>\n\n\n\n<p><strong>Ad punkt 4:&nbsp;&nbsp;&nbsp;&nbsp;&nbsp;&nbsp;&nbsp;&nbsp;&nbsp;&nbsp;&nbsp;&nbsp;&nbsp;&nbsp;&nbsp;&nbsp;&nbsp;&nbsp;&nbsp;&nbsp;&nbsp; <u>Nyt fra Kassereren<\/u>:<\/strong><\/p>\n\n\n\n<p><strong>&nbsp;&nbsp;&nbsp;&nbsp;&nbsp;&nbsp;&nbsp;&nbsp;&nbsp;&nbsp;&nbsp;&nbsp;&nbsp;&nbsp;&nbsp;&nbsp;&nbsp;&nbsp;&nbsp;&nbsp;&nbsp;&nbsp;&nbsp;&nbsp;&nbsp;&nbsp;&nbsp;&nbsp;&nbsp;&nbsp;&nbsp;&nbsp;&nbsp;&nbsp;&nbsp;&nbsp;&nbsp;&nbsp;&nbsp;&nbsp;&nbsp;&nbsp;&nbsp; <\/strong>Intet nyt, da kassereren pga. hustrus sygdom, havde meldt afbud<\/p>\n\n\n\n<p><strong>Ad punkt 5:&nbsp;&nbsp;&nbsp;&nbsp;&nbsp;&nbsp;&nbsp;&nbsp;&nbsp;&nbsp;&nbsp;&nbsp;&nbsp;&nbsp;&nbsp;&nbsp;&nbsp;&nbsp;&nbsp;&nbsp;&nbsp; <u>Nyt fra bestyrelsesmedlemmer og ressourcepersoner<\/u>:<\/strong><\/p>\n\n\n\n<p><strong>&nbsp;&nbsp;&nbsp;&nbsp;&nbsp;&nbsp;&nbsp;&nbsp;&nbsp;&nbsp;&nbsp;&nbsp;&nbsp;&nbsp;&nbsp;&nbsp;&nbsp;&nbsp;&nbsp;&nbsp;&nbsp;&nbsp;&nbsp;&nbsp;&nbsp;&nbsp;&nbsp;&nbsp;&nbsp;&nbsp;&nbsp;&nbsp;&nbsp;&nbsp;&nbsp;&nbsp;&nbsp;&nbsp;&nbsp;&nbsp;&nbsp;&nbsp;&nbsp; <\/strong>Nyt vil blive givet under punkt 6<\/p>\n\n\n\n<p><strong>Ad punkt 6:&nbsp;&nbsp;&nbsp;&nbsp;&nbsp;&nbsp;&nbsp;&nbsp;&nbsp;&nbsp;&nbsp;&nbsp;&nbsp;&nbsp;&nbsp;&nbsp;&nbsp;&nbsp;&nbsp;&nbsp;&nbsp; <u>Kommende aktiviteter<\/u>:<\/strong><\/p>\n\n\n\n<p><strong>&nbsp;&nbsp;&nbsp;&nbsp;&nbsp;&nbsp;&nbsp;&nbsp;&nbsp;&nbsp;&nbsp;&nbsp;&nbsp;&nbsp;&nbsp;&nbsp;&nbsp;&nbsp;&nbsp;&nbsp;&nbsp;&nbsp;&nbsp;&nbsp;&nbsp;&nbsp;&nbsp;&nbsp;&nbsp;&nbsp;&nbsp;&nbsp;&nbsp;&nbsp;&nbsp;&nbsp;&nbsp;&nbsp;&nbsp;&nbsp;&nbsp;&nbsp;&nbsp; <u>2. september<\/u>:<\/strong><\/p>\n\n\n\n<p>Jydske Dragonregiments \u00c5bent Hus<\/p>\n\n\n\n<p>Udover at deltage i parade skal Nordvest ogs\u00e5 oprette en stand i<\/p>\n\n\n\n<p>Kantinen med opgave at orientere om Danmarks Veteraner og Veteranst\u00f8tten.<\/p>\n\n\n\n<p>Standen vil blive opstillet kl. 1400 fredag af Klaus Warming, Villy Hove og Carl \u00c5kerlund<\/p>\n\n\n\n<p><strong><u>4. september<\/u><\/strong><strong>:<\/strong><\/p>\n\n\n\n<p>Blomsterl\u00e6gning p\u00e5 veterangrave i Nordvests Omr\u00e5de udf\u00f8res af<\/p>\n\n\n\n<p>Erhard Jepsen, Villy Hove og Carl \u00c5kerlund<\/p>\n\n\n\n<p><\/p>\n\n\n\n<p><strong><u>5. september<\/u><\/strong><strong>:<\/strong><\/p>\n\n\n\n<p>Der blev orienteret om Nordvests rolle om deltagelse i Holstebro Kommune og Jydske Dragonregiments arrangement p\u00e5 Dragonkasernen og i Holstebro Kirke<\/p>\n\n\n\n<p><strong><u>8. \u2013 10 september<\/u><\/strong><strong>:<\/strong><\/p>\n\n\n\n<p>Danmarks Veteraner afholder i ovenn\u00e6vnte tidsrum Veterantr\u00e6f 2023, hvor Nordvest skal afgive personel til hj\u00e6lp under \u201dTr\u00e6ffet\u201d<\/p>\n\n\n\n<p><strong><u>24. Oktober FN-Dag<\/u><\/strong><strong>:<\/strong><\/p>\n\n\n\n<p>Nordvest deltager i arrangementet i Mindelunden p\u00e5 Rindsholm Kro<\/p>\n\n\n\n<p><strong><u>12. november<\/u><\/strong><strong>:<\/strong><\/p>\n\n\n\n<p>Nordvest deltager i den traditionsrige Rembrance Sunday p\u00e5 Lemvig Kirkeg\u00e5rd<\/p>\n\n\n\n<p><strong><u>22. december<\/u><\/strong><strong>:<\/strong><\/p>\n\n\n\n<p>Danmarks Veteraners Mindedag, der afholdes i Mindelunden p\u00e5 Rindsholms Kro<\/p>\n\n\n\n<p><strong>Ad punkt 7:&nbsp;&nbsp;&nbsp;&nbsp;&nbsp;&nbsp;&nbsp;&nbsp;&nbsp;&nbsp;&nbsp;&nbsp;&nbsp;&nbsp;&nbsp;&nbsp;&nbsp;&nbsp;&nbsp;&nbsp;&nbsp; <u>N\u00e6ste m\u00f8de<\/u>:<\/strong><\/p>\n\n\n\n<p><strong>&nbsp;&nbsp;&nbsp;&nbsp;&nbsp;&nbsp;&nbsp;&nbsp;&nbsp;&nbsp;&nbsp;&nbsp;&nbsp;&nbsp;&nbsp;&nbsp;&nbsp;&nbsp;&nbsp;&nbsp;&nbsp;&nbsp;&nbsp;&nbsp;&nbsp;&nbsp;&nbsp;&nbsp;&nbsp;&nbsp;&nbsp;&nbsp;&nbsp;&nbsp;&nbsp;&nbsp;&nbsp;&nbsp;&nbsp;&nbsp;&nbsp;&nbsp;&nbsp; <\/strong>26. oktober klokken 1600 i bygning 15 p\u00e5 Dragonkasernen<\/p>\n\n\n\n<p><strong>Ad punkt 8:&nbsp;&nbsp;&nbsp;&nbsp;&nbsp;&nbsp;&nbsp;&nbsp;&nbsp;&nbsp;&nbsp;&nbsp;&nbsp;&nbsp;&nbsp;&nbsp;&nbsp;&nbsp;&nbsp;&nbsp;&nbsp; <u>Eventuelt<\/u>:<\/strong><\/p>\n\n\n\n<p><strong>&nbsp;&nbsp;&nbsp;&nbsp;&nbsp;&nbsp;&nbsp;&nbsp;&nbsp;&nbsp;&nbsp;&nbsp;&nbsp;&nbsp;&nbsp;&nbsp;&nbsp;&nbsp;&nbsp;&nbsp;&nbsp;&nbsp;&nbsp;&nbsp;&nbsp;&nbsp;&nbsp;&nbsp;&nbsp;&nbsp;&nbsp;&nbsp;&nbsp;&nbsp;&nbsp;&nbsp;&nbsp;&nbsp;&nbsp;&nbsp;&nbsp;&nbsp;&nbsp; <\/strong>\u201dRullegardin udvisende Danmarks Veteraner vil tilg\u00e5 inden<\/p>\n\n\n\n<p>2. september M\u00f8det sluttede: 1735<\/p>\n","protected":false},"excerpt":{"rendered":"<p>Formanden b\u00f8d alle velkommen, derefter startede m\u00f8det Punkter jf. dagsorden: Ad punkt 1:&nbsp;&nbsp;&nbsp;&nbsp;&nbsp;&nbsp;&nbsp;&nbsp;&nbsp;&nbsp;&nbsp;&nbsp;&nbsp;&nbsp;&nbsp;&nbsp;&nbsp;&nbsp;&nbsp;&nbsp;&nbsp; Protokol: Ad punkt 2:&nbsp;&nbsp;&nbsp;&nbsp;&nbsp;&nbsp;&nbsp;&nbsp;&nbsp;&nbsp;&nbsp;&nbsp;&nbsp;&nbsp;&nbsp;&nbsp;&nbsp;&nbsp;&nbsp;&nbsp;&nbsp; Formanden gav en<\/p>\n","protected":false},"author":2,"featured_media":0,"parent":1275,"menu_order":0,"comment_status":"closed","ping_status":"closed","template":"","meta":{"colormag_page_container_layout":"default_layout","colormag_page_sidebar_layout":"default_layout","footnotes":""},"class_list":["post-1357","page","type-page","status-publish","hentry"],"_links":{"self":[{"href":"https:\/\/nordvest.danmarksveteraner.dk\/wordpress\/index.php?rest_route=\/wp\/v2\/pages\/1357","targetHints":{"allow":["GET"]}}],"collection":[{"href":"https:\/\/nordvest.danmarksveteraner.dk\/wordpress\/index.php?rest_route=\/wp\/v2\/pages"}],"about":[{"href":"https:\/\/nordvest.danmarksveteraner.dk\/wordpress\/index.php?rest_route=\/wp\/v2\/types\/page"}],"author":[{"embeddable":true,"href":"https:\/\/nordvest.danmarksveteraner.dk\/wordpress\/index.php?rest_route=\/wp\/v2\/users\/2"}],"replies":[{"embeddable":true,"href":"https:\/\/nordvest.danmarksveteraner.dk\/wordpress\/index.php?rest_route=%2Fwp%2Fv2%2Fcomments&post=1357"}],"version-history":[{"count":2,"href":"https:\/\/nordvest.danmarksveteraner.dk\/wordpress\/index.php?rest_route=\/wp\/v2\/pages\/1357\/revisions"}],"predecessor-version":[{"id":1359,"href":"https:\/\/nordvest.danmarksveteraner.dk\/wordpress\/index.php?rest_route=\/wp\/v2\/pages\/1357\/revisions\/1359"}],"up":[{"embeddable":true,"href":"https:\/\/nordvest.danmarksveteraner.dk\/wordpress\/index.php?rest_route=\/wp\/v2\/pages\/1275"}],"wp:attachment":[{"href":"https:\/\/nordvest.danmarksveteraner.dk\/wordpress\/index.php?rest_route=%2Fwp%2Fv2%2Fmedia&parent=1357"}],"curies":[{"name":"wp","href":"https:\/\/api.w.org\/{rel}","templated":true}]}}