{"id":1354,"date":"2023-08-18T08:46:57","date_gmt":"2023-08-18T06:46:57","guid":{"rendered":"https:\/\/nordvest.danmarksveteraner.dk\/wordpress\/?page_id=1354"},"modified":"2026-02-26T13:04:15","modified_gmt":"2026-02-26T12:04:15","slug":"bestyrelsen-nordvest","status":"publish","type":"page","link":"https:\/\/nordvest.danmarksveteraner.dk\/wordpress\/?page_id=1354","title":{"rendered":"Bestyrelsen Nordvest"},"content":{"rendered":"\n<div class=\"wp-block-group is-layout-constrained wp-block-group-is-layout-constrained\">\n<figure class=\"wp-block-table is-style-regular\"><table><thead><tr><th><\/th><th><\/th><th><\/th><th><\/th><th><\/th><\/tr><\/thead><tbody><tr><td><strong>Navn<\/strong><\/td><td><strong>Funktion<\/strong><\/td><td><strong>Telefon<\/strong><\/td><td><br><strong>E-mail<\/strong><br><\/td><td><strong>Valgt f\u00f8rst\/sidst<\/strong><\/td><\/tr><tr><td>Tommy Bruhn<br>Hovedgaden 8, Tvis, 7500 Holstebro<\/td><td><strong><u>Formand<\/u>&nbsp;&nbsp;<u>Delt. DV<\/u><\/strong>&#8211;<strong> Repr\u00e6sentantskabsm\u00f8de)<\/strong><br>Webkontakt<\/td><td>3091 0148<\/td><td><a href=\"mailto:tommyandreasenbruhn@gmail.com\">tommyandreasenbruhn@gmail.com<\/a><\/td><td><\/td><\/tr><tr><td>Villy Hove<br>Chopins Vej 23, 7500 Holstebro<\/td><td><strong><u>N\u00e6stformand<\/u> &nbsp;&nbsp;&nbsp;&nbsp;&nbsp;&nbsp;&nbsp;<u>Delt., DV- Repr\u00e6sentantskabsm\u00f8de)<\/u><\/strong><br>Faneb\u00e6rer Dannebrog<br>Fanevagt, FN-fane<\/td><td>4081 1799<\/td><td><a href=\"mailto:villyhove@get2net.dk\">villyhove@40811799.dk<\/a><\/td><td><\/td><\/tr><tr><td>Michael Gr\u00f8ngaard<br>Skjern Vej 84, 7500 Holstebro<\/td><td><strong><u>Kasserer<\/u><\/strong><br>Fanevagt-Dannebrog<\/td><td><br>6137 5490<\/td><td><a href=\"mailto:greenfarm.inafghanistan@gmail.com\">greenfarm.inafghanistan@gmail.com<\/a><\/td><td><\/td><\/tr><tr><td>Erhard Jepsen<br>Heimdalsparken 40, 7500 Holstebro<\/td><td><strong><u>Bestyrelsesmedlem<\/u><\/strong><br>Landsfaneb\u00e6rer VEST<\/td><td>2166 8682<\/td><td><a href=\"mailto:emjepsen@youmail.dk\">emjepsen@youmail.dk<\/a><\/td><td><\/td><\/tr><tr><td>Lars Paab\u00f8l Thomsen<br>Bremdal Vej 39, 7400 Struer<\/td><td><strong><u>Suppleant<\/u><\/strong><\/td><td>2622 7010<\/td><td><a href=\"mailto:blthomsen@hotmail.com\">blthomsen@hotmail.com<\/a><\/td><td><\/td><\/tr><tr><td>Knud Knudsen<br>Nyvang 25, 7570 Vemb<\/td><td><strong><u>Revisor<\/u><\/strong><br><strong><u>Fanevagt<\/u><\/strong><\/td><td>5092 6389<\/td><td><a href=\"mailto:knudsennyvang@gmail.com\">knudsennyvang@gmail.com<\/a><\/td><td><\/td><\/tr><tr><td>J\u00f8rgen S\u00f8rensen<br>Odins Vej 8, 7400 Struer<\/td><td><strong><u>Revisorsuppleant<\/u><\/strong><\/td><td>2325 7931<\/td><td><a href=\"mailto:j.sorensen@kabelmail.dk\">j.sorensen@kabelmail.dk<\/a><\/td><td><\/td><\/tr><tr><td>Jens Nielsen<br>Bjarkes Vej 2, 7500 Holstebro<\/td><td>Fanevagt, NATO-fane<\/td><td>4031 0397<\/td><td><a href=\"mailto:moesby.nielsen@oncable.dk\">moesby.nielsen@oncable.dk<\/a>&nbsp;<\/td><td><\/td><\/tr><tr><td>Klaus Warming<br>Chr. Winthers Vej 67, 7500 Holstebro<\/td><td>Faneb\u00e6rer, FN-fane<br>Ressource person<\/td><td>6160 9617<\/td><td><a href=\"mailto:kwarming@youmail.dk\">kwarming@youmail.dk<\/a><\/td><td><\/td><\/tr><tr><td>Alex Kj\u00e6rgaard Petersen<br>L\u00e6ss\u00f8evej 4, 7500 Holstebro<\/td><td>Webmaster<\/td><td>2211 0537<\/td><td><a href=\"mailto:Jdr-s3-07@mil.dk\">Jdr-s3-07@mil.dk<\/a><br><a href=\"mailto:alexkpetersen@hotmail.dk\">alexkpetersen@hotmail.dk<\/a><\/td><td><\/td><\/tr><tr><td><br><br><br><br><br><br><br><br><br><br><br><br><br><br><br><br><br><br><br><br><br><br><br><br><br><br><br><br><br><br><br><br><br><br><br><br><br><br><br><br><br><br><br><br><br><br><br><br><br><br><br><br><\/td><td><\/td><td><\/td><td><\/td><td><\/td><\/tr><tr><td><\/td><td><\/td><td><\/td><td><\/td><td><\/td><\/tr><tr><td><\/td><td><\/td><td><\/td><td><\/td><td><\/td><\/tr><tr><td><\/td><td><\/td><td><\/td><td><\/td><td><\/td><\/tr><tr><td><\/td><td><\/td><td><\/td><td><\/td><td><\/td><\/tr><tr><td><\/td><td><\/td><td><\/td><td><\/td><td><\/td><\/tr><tr><td><\/td><td><\/td><td><\/td><td><\/td><td><\/td><\/tr><\/tbody><tfoot><tr><td><\/td><td><\/td><td><\/td><td><\/td><td><\/td><\/tr><\/tfoot><\/table><\/figure>\n<\/div>\n","protected":false},"excerpt":{"rendered":"<p>Navn Funktion Telefon E-mail Valgt f\u00f8rst\/sidst Tommy BruhnHovedgaden 8, Tvis, 7500 Holstebro Formand&nbsp;&nbsp;Delt. DV&#8211; Repr\u00e6sentantskabsm\u00f8de)Webkontakt 3091 0148 tommyandreasenbruhn@gmail.com Villy HoveChopins<\/p>\n","protected":false},"author":2,"featured_media":0,"parent":73,"menu_order":0,"comment_status":"closed","ping_status":"closed","template":"","meta":{"colormag_page_container_layout":"default_layout","colormag_page_sidebar_layout":"default_layout","footnotes":""},"class_list":["post-1354","page","type-page","status-publish","hentry"],"_links":{"self":[{"href":"https:\/\/nordvest.danmarksveteraner.dk\/wordpress\/index.php?rest_route=\/wp\/v2\/pages\/1354","targetHints":{"allow":["GET"]}}],"collection":[{"href":"https:\/\/nordvest.danmarksveteraner.dk\/wordpress\/index.php?rest_route=\/wp\/v2\/pages"}],"about":[{"href":"https:\/\/nordvest.danmarksveteraner.dk\/wordpress\/index.php?rest_route=\/wp\/v2\/types\/page"}],"author":[{"embeddable":true,"href":"https:\/\/nordvest.danmarksveteraner.dk\/wordpress\/index.php?rest_route=\/wp\/v2\/users\/2"}],"replies":[{"embeddable":true,"href":"https:\/\/nordvest.danmarksveteraner.dk\/wordpress\/index.php?rest_route=%2Fwp%2Fv2%2Fcomments&post=1354"}],"version-history":[{"count":11,"href":"https:\/\/nordvest.danmarksveteraner.dk\/wordpress\/index.php?rest_route=\/wp\/v2\/pages\/1354\/revisions"}],"predecessor-version":[{"id":1670,"href":"https:\/\/nordvest.danmarksveteraner.dk\/wordpress\/index.php?rest_route=\/wp\/v2\/pages\/1354\/revisions\/1670"}],"up":[{"embeddable":true,"href":"https:\/\/nordvest.danmarksveteraner.dk\/wordpress\/index.php?rest_route=\/wp\/v2\/pages\/73"}],"wp:attachment":[{"href":"https:\/\/nordvest.danmarksveteraner.dk\/wordpress\/index.php?rest_route=%2Fwp%2Fv2%2Fmedia&parent=1354"}],"curies":[{"name":"wp","href":"https:\/\/api.w.org\/{rel}","templated":true}]}}