{"id":1268,"date":"2023-03-09T08:12:15","date_gmt":"2023-03-09T07:12:15","guid":{"rendered":"https:\/\/nordvest.danmarksveteraner.dk\/wordpress\/?page_id=1268"},"modified":"2023-03-09T08:26:58","modified_gmt":"2023-03-09T07:26:58","slug":"konstituering-af-danmarks-veteraner-nordvests","status":"publish","type":"page","link":"https:\/\/nordvest.danmarksveteraner.dk\/wordpress\/?page_id=1268","title":{"rendered":"Konstituering af Bestyrelse Nordvests 2023"},"content":{"rendered":"\n<p><strong>Bestyrelse efter generalforsamling 2023<\/strong><br><br><\/p>\n\n\n\n<figure class=\"wp-block-table\"><table><tbody><tr><td><strong>Navn<\/strong><\/td><td><strong>Funktion<\/strong><\/td><td><strong>Telefon<\/strong><\/td><td><strong>E-mail<\/strong><\/td><\/tr><tr><td>Tommy Bruhn Hovedgaden 8, Tvis, 7500 Holstebro<\/td><td><strong><u>Formand<\/u><\/strong><strong>&nbsp;&nbsp;&nbsp;&nbsp; &nbsp;&nbsp;&nbsp;&nbsp;&nbsp;&nbsp;&nbsp;&nbsp;&nbsp;&nbsp;&nbsp;&nbsp;<u>Delt. DV<\/u><\/strong>&#8211;<strong> Repr\u00e6sentantskabsm\u00f8de)<\/strong> Webkontakt<\/td><td>3091 0148<\/td><td><a href=\"mailto:tommyandreasenbruhn@gmail.com\">tommyandreasenbruhn@gmail.com<\/a><\/td><\/tr><tr><td>Michael Gr\u00f8ngaard Skjern Vej 84, 7500 Holstebro<\/td><td><strong><u>N\u00e6stformand<\/u><\/strong><strong> &nbsp;&nbsp;&nbsp;&nbsp;&nbsp;&nbsp;&nbsp;<u>Delt., DV- Repr\u00e6sentantskabsm\u00f8de)<\/u><\/strong> Faneb\u00e6rer Dannebrog<\/td><td>6137 5490<\/td><td><a href=\"mailto:greenfarm.inafghanistan@gmail.com\">greenfarm.inafghanistan@gmail.com<\/a><\/td><\/tr><tr><td>Svend Erik Jensen Gorms Vej 23, st.th., 7400 Herning<\/td><td><strong><u>Kasserer<\/u><\/strong> Fanevagt-Dannebrog<\/td><td>3029 5782<\/td><td><a href=\"mailto:svenderik482@gmail.com\">svenderik482@gmail.com<\/a><\/td><\/tr><tr><td>Carl \u00c5kerlund Niels Steensens Vej 6, 7500 Holstebro<\/td><td><strong><u>Sekret\u00e6r<\/u><\/strong><strong>&nbsp;&nbsp;&nbsp;&nbsp;&nbsp; &nbsp;&nbsp;&nbsp;&nbsp;&nbsp;&nbsp;&nbsp;&nbsp;&nbsp;&nbsp;&nbsp;<u>Delt., DV-Repr\u00e6sentantskabsm\u00f8de<\/u>)<\/strong> Veteranst\u00f8tte, JDR kontakt, Faneb\u00e6rer NATO<\/td><td>2325 6742<\/td><td><a href=\"mailto:aahuss7500@gmail.com\">aahuss7500@gmail.com<\/a><\/td><\/tr><tr><td>Erhard Jepsen Hartmanns Vej 147, 7500 Holstebro<\/td><td><strong><u>Bestyrelsesmedlem<\/u><\/strong> Landsfaneb\u00e6rer VEST<\/td><td>2166 8682<\/td><td><a href=\"mailto:emjepsen@youmail.dk\">emjepsen@youmail.dk<\/a><\/td><\/tr><tr><td>Lars Paab\u00f8l Thomsen Bremdal Vej 39, 7400 Struer<\/td><td><strong><u>Suppleant<\/u><\/strong><\/td><td>2622 7010<\/td><td><a href=\"mailto:blthomsen@hotmail.com\">blthomsen@hotmail.com<\/a><\/td><\/tr><tr><td>Alexander Didriksen Kroghs Vej 12, 7500 Holstebro<\/td><td><strong><u>Suppleant<\/u><\/strong><\/td><td>2329 8290<\/td><td><a href=\"mailto:Alexander_didriksen@hotmail.com\">Alexander_didriksen@hotmail.com<\/a><\/td><\/tr><tr><td>Knud Knudsen Nyvang 25, 7570 Vemb<\/td><td><strong><u>Revisor<\/u><\/strong> <strong><u>Fanevagt<\/u><\/strong><\/td><td>5092 6389<\/td><td><a href=\"mailto:knudsennyvang@gmail.com\">knudsennyvang@gmail.com<\/a><\/td><\/tr><tr><td>J\u00f8rgen S\u00f8rensen Odins Vej 8, 7400 Struer<\/td><td><strong><u>Revisorsuppleant<\/u><\/strong><\/td><td>2325 7931<\/td><td><a href=\"mailto:j.sorensen@kabelmail.dk\">j.sorensen@kabelmail.dk<\/a><\/td><\/tr><tr><td>Jens Nielsen Bjarkes Vej 2, 7500 Holstebro<\/td><td>Fanevagt, NATO-fane<\/td><td>4031 0397<\/td><td><a href=\"mailto:moesby.nielsen@oncable.dk\">moesby.nielsen@oncable.dk<\/a>&nbsp;<\/td><\/tr><tr><td>Villy Hove Chopins Vej 23, 7500 Holstebro<\/td><td>Fanevagt, FN-fane<\/td><td>4081 1799<\/td><td><a href=\"mailto:villyhove@get2net.dk\">villyhove@get2net.dk<\/a><\/td><\/tr><tr><td>Klaus Warming Chr. Winthers Vej 67, 7500 Holstebro<\/td><td>Faneb\u00e6rer, FN-fane Ressource person<\/td><td>6160 9617<\/td><td><a href=\"mailto:kwarming@youmail.dk\">kwarming@youmail.dk<\/a><\/td><\/tr><tr><td>Alex Kj\u00e6rgaard Petersen L\u00e6ss\u00f8evej 4, 7500 Holstebro<\/td><td>Webmaster<\/td><td>2211 0537<\/td><td><a href=\"mailto:jdr-s3-07@mil.dk\">jdr-s3-07@mil.dk<\/a><\/td><\/tr><\/tbody><\/table><\/figure>\n","protected":false},"excerpt":{"rendered":"<p>Bestyrelse efter generalforsamling 2023 Navn Funktion Telefon E-mail Tommy Bruhn Hovedgaden 8, Tvis, 7500 Holstebro Formand&nbsp;&nbsp;&nbsp;&nbsp; &nbsp;&nbsp;&nbsp;&nbsp;&nbsp;&nbsp;&nbsp;&nbsp;&nbsp;&nbsp;&nbsp;&nbsp;Delt. DV&#8211; Repr\u00e6sentantskabsm\u00f8de) Webkontakt<\/p>\n","protected":false},"author":2,"featured_media":0,"parent":1275,"menu_order":-8,"comment_status":"closed","ping_status":"closed","template":"","meta":{"colormag_page_container_layout":"default_layout","colormag_page_sidebar_layout":"default_layout","footnotes":""},"class_list":["post-1268","page","type-page","status-publish","hentry"],"_links":{"self":[{"href":"https:\/\/nordvest.danmarksveteraner.dk\/wordpress\/index.php?rest_route=\/wp\/v2\/pages\/1268","targetHints":{"allow":["GET"]}}],"collection":[{"href":"https:\/\/nordvest.danmarksveteraner.dk\/wordpress\/index.php?rest_route=\/wp\/v2\/pages"}],"about":[{"href":"https:\/\/nordvest.danmarksveteraner.dk\/wordpress\/index.php?rest_route=\/wp\/v2\/types\/page"}],"author":[{"embeddable":true,"href":"https:\/\/nordvest.danmarksveteraner.dk\/wordpress\/index.php?rest_route=\/wp\/v2\/users\/2"}],"replies":[{"embeddable":true,"href":"https:\/\/nordvest.danmarksveteraner.dk\/wordpress\/index.php?rest_route=%2Fwp%2Fv2%2Fcomments&post=1268"}],"version-history":[{"count":5,"href":"https:\/\/nordvest.danmarksveteraner.dk\/wordpress\/index.php?rest_route=\/wp\/v2\/pages\/1268\/revisions"}],"predecessor-version":[{"id":1274,"href":"https:\/\/nordvest.danmarksveteraner.dk\/wordpress\/index.php?rest_route=\/wp\/v2\/pages\/1268\/revisions\/1274"}],"up":[{"embeddable":true,"href":"https:\/\/nordvest.danmarksveteraner.dk\/wordpress\/index.php?rest_route=\/wp\/v2\/pages\/1275"}],"wp:attachment":[{"href":"https:\/\/nordvest.danmarksveteraner.dk\/wordpress\/index.php?rest_route=%2Fwp%2Fv2%2Fmedia&parent=1268"}],"curies":[{"name":"wp","href":"https:\/\/api.w.org\/{rel}","templated":true}]}}