{"id":1235,"date":"2022-09-21T12:24:14","date_gmt":"2022-09-21T10:24:14","guid":{"rendered":"https:\/\/nordvest.danmarksveteraner.dk\/wordpress\/?page_id=1235"},"modified":"2022-09-21T12:24:14","modified_gmt":"2022-09-21T10:24:14","slug":"aarets-jubilar-staevne-2022","status":"publish","type":"page","link":"https:\/\/nordvest.danmarksveteraner.dk\/wordpress\/?page_id=1235","title":{"rendered":"\u00c5rets Jubilar St\u00e6vne 2022"},"content":{"rendered":"\n<p>Veteran st\u00e6vnet blev i \u00e5r afholdt p\u00e5 IGR Kasernen i Skive.<\/p>\n\n\n \n<!-- Start container 1 --><div id=\"wppa-modal-container-1\" class=\"wppa-modal-container\" style=\"position:relative;z-index:100000;\" data-wppa=\"yes\" ontouchmove=\"event.stopPropagation();\"><\/div><div id=\"wppa-container-wrapper-1\" class=\"alignnone wppa-container-wrapper \" style=\"width:100%;clear:both;padding:0;position:relative;\"><div id=\"wppa-container-1\" style=\"width:100%;\" class=\"wppa-container wppa-container-1 wppa-rev-9112007 wppa-prevrev-9111001 wppa-theme-9.1.12.007 wppa-api-9.1.12.007\"><svg id=\"wppa-ajax-spin-1\" class=\"wppa-ajax-spin uil-default\" width=\"120px\" height=\"120px\" viewBox=\"0 0 100 100\" preserveAspectRatio=\"xMidYMid\" stroke=\"\" style=\"width:120px; height:120px; position:fixed; top:50%; margin-top:-60px; left:50%; margin-left:-60px; opacity:1; display:none; fill:#666666; background-color:#dddddd; border-radius:12px;\"><rect x=\"0\" y=\"0\" width=\"100\" height=\"100\" fill=\"none\" class=\"bk\"><\/rect><rect class=\"wppa-ajaxspin\" x=\"47\" y=\"40\" width=\"6\" height=\"20\" rx=\"3\" ry=\"3\" transform=\"rotate(0 50 50) translate(0 -32)\"><animate attributeName=\"opacity\" from=\"1\" to=\"0\" dur=\"1.5s\" begin=\"0s\" repeatCount=\"indefinite\" ><\/rect><rect class=\"wppa-ajaxspin\" x=\"47\" y=\"40\" width=\"6\" height=\"20\" rx=\"3\" ry=\"3\" transform=\"rotate(22.5 50 50) translate(0 -32)\"><animate attributeName=\"opacity\" from=\"1\" to=\"0\" dur=\"1.5s\" begin=\"0.09375s\" repeatCount=\"indefinite\" ><\/rect><rect class=\"wppa-ajaxspin\" x=\"47\" y=\"40\" width=\"6\" height=\"20\" rx=\"3\" ry=\"3\" transform=\"rotate(45 50 50) translate(0 -32)\"><animate attributeName=\"opacity\" from=\"1\" to=\"0\" dur=\"1.5s\" begin=\"0.1875s\" repeatCount=\"indefinite\" ><\/rect><rect class=\"wppa-ajaxspin\" x=\"47\" y=\"40\" width=\"6\" height=\"20\" rx=\"3\" ry=\"3\" transform=\"rotate(67.5 50 50) translate(0 -32)\"><animate attributeName=\"opacity\" from=\"1\" to=\"0\" dur=\"1.5s\" begin=\"0.28125s\" repeatCount=\"indefinite\" ><\/rect><rect class=\"wppa-ajaxspin\" x=\"47\" y=\"40\" width=\"6\" height=\"20\" rx=\"3\" ry=\"3\" transform=\"rotate(90 50 50) translate(0 -32)\"><animate attributeName=\"opacity\" from=\"1\" to=\"0\" dur=\"1.5s\" begin=\"0.375s\" repeatCount=\"indefinite\" ><\/rect><rect class=\"wppa-ajaxspin\" x=\"47\" y=\"40\" width=\"6\" height=\"20\" rx=\"3\" ry=\"3\" transform=\"rotate(112.5 50 50) translate(0 -32)\"><animate attributeName=\"opacity\" from=\"1\" to=\"0\" dur=\"1.5s\" begin=\"0.46875s\" repeatCount=\"indefinite\" ><\/rect><rect class=\"wppa-ajaxspin\" x=\"47\" y=\"40\" width=\"6\" height=\"20\" rx=\"3\" ry=\"3\" transform=\"rotate(135 50 50) translate(0 -32)\"><animate attributeName=\"opacity\" from=\"1\" to=\"0\" dur=\"1.5s\" begin=\"0.5625s\" repeatCount=\"indefinite\" ><\/rect><rect class=\"wppa-ajaxspin\" x=\"47\" y=\"40\" width=\"6\" height=\"20\" rx=\"3\" ry=\"3\" transform=\"rotate(157.5 50 50) translate(0 -32)\"><animate attributeName=\"opacity\" from=\"1\" to=\"0\" dur=\"1.5s\" begin=\"0.65625s\" repeatCount=\"indefinite\" ><\/rect><rect class=\"wppa-ajaxspin\" x=\"47\" y=\"40\" width=\"6\" height=\"20\" rx=\"3\" ry=\"3\" transform=\"rotate(180 50 50) translate(0 -32)\"><animate attributeName=\"opacity\" from=\"1\" to=\"0\" dur=\"1.5s\" begin=\"0.75s\" repeatCount=\"indefinite\" ><\/rect><rect class=\"wppa-ajaxspin\" x=\"47\" y=\"40\" width=\"6\" height=\"20\" rx=\"3\" ry=\"3\" transform=\"rotate(202.5 50 50) translate(0 -32)\"><animate attributeName=\"opacity\" from=\"1\" to=\"0\" dur=\"1.5s\" begin=\"0.84375s\" repeatCount=\"indefinite\" ><\/rect><rect class=\"wppa-ajaxspin\" x=\"47\" y=\"40\" width=\"6\" height=\"20\" rx=\"3\" ry=\"3\" transform=\"rotate(225 50 50) translate(0 -32)\"><animate attributeName=\"opacity\" from=\"1\" to=\"0\" dur=\"1.5s\" begin=\"0.9375s\" repeatCount=\"indefinite\" ><\/rect><rect class=\"wppa-ajaxspin\" x=\"47\" y=\"40\" width=\"6\" height=\"20\" rx=\"3\" ry=\"3\" transform=\"rotate(247.5 50 50) translate(0 -32)\"><animate attributeName=\"opacity\" from=\"1\" to=\"0\" dur=\"1.5s\" begin=\"1.03125s\" repeatCount=\"indefinite\" ><\/rect><rect class=\"wppa-ajaxspin\" x=\"47\" y=\"40\" width=\"6\" height=\"20\" rx=\"3\" ry=\"3\" transform=\"rotate(270 50 50) translate(0 -32)\"><animate attributeName=\"opacity\" from=\"1\" to=\"0\" dur=\"1.5s\" begin=\"1.125s\" repeatCount=\"indefinite\" ><\/rect><rect class=\"wppa-ajaxspin\" x=\"47\" y=\"40\" width=\"6\" height=\"20\" rx=\"3\" ry=\"3\" transform=\"rotate(292.5 50 50) translate(0 -32)\"><animate attributeName=\"opacity\" from=\"1\" to=\"0\" dur=\"1.5s\" begin=\"1.21875s\" repeatCount=\"indefinite\" ><\/rect><rect class=\"wppa-ajaxspin\" x=\"47\" y=\"40\" width=\"6\" height=\"20\" rx=\"3\" ry=\"3\" transform=\"rotate(315 50 50) translate(0 -32)\"><animate attributeName=\"opacity\" from=\"1\" to=\"0\" dur=\"1.5s\" begin=\"1.3125s\" repeatCount=\"indefinite\" ><\/rect><rect class=\"wppa-ajaxspin\" x=\"47\" y=\"40\" width=\"6\" height=\"20\" rx=\"3\" ry=\"3\" transform=\"rotate(337.5 50 50) translate(0 -32)\"><animate attributeName=\"opacity\" from=\"1\" to=\"0\" dur=\"1.5s\" begin=\"1.40625s\" repeatCount=\"indefinite\" ><\/rect><\/svg><input type=\"hidden\" id=\"wppa-nonce-0-1\" name=\"wppa-nonce\" value=\"1d32309b99\" ><div id=\"wppa-bc-1\" class=\"wppa-nav wppa-box wppa-nav-text wppa-bc\" ><a href=\"https:\/\/nordvest.danmarksveteraner.dk\/wordpress#wppa-container-1\" class=\"wppa-nav-text b1\" style=\"cursor:pointer\" title=\"Danmarks Veteraner\">Home<\/a><span class=\"wppa-nav-text b1\"> &raquo; <\/span><a href=\"https:\/\/nordvest.danmarksveteraner.dk\/wordpress\/?page_id=1618#wppa-container-1\" class=\"wppa-nav-text b2\" style=\"cursor:pointer\" title=\"Page: Nordvest & Veterancafe Historie\">Nordvest & Veterancafe Historie<\/a><span class=\"wppa-nav-text b2\"> &raquo; <\/span><a href=\"https:\/\/nordvest.danmarksveteraner.dk\/wordpress\/?page_id=42#wppa-container-1\" class=\"wppa-nav-text b2\" style=\"cursor:pointer\" title=\"Page: Nordvest Historie\">Nordvest Historie<\/a><span class=\"wppa-nav-text b2\"> &raquo; <\/span><a href=\"https:\/\/nordvest.danmarksveteraner.dk\/wordpress\/?page_id=1109#wppa-container-1\" class=\"wppa-nav-text b2\" style=\"cursor:pointer\" title=\"Page: Aktiviteter 2022\">Aktiviteter 2022<\/a><span class=\"wppa-nav-text b2\"> &raquo; <\/span><a href=\"https:\/\/nordvest.danmarksveteraner.dk\/wordpress\/?page_id=1235#wppa-container-1\" class=\"wppa-nav-text b3\" style=\"cursor:pointer\" title=\"Page: \u00c5rets Jubilar St\u00e6vne 2022\">\u00c5rets Jubilar St\u00e6vne 2022<\/a><span class=\"wppa-nav-text b3\"> &raquo; <\/span><span id=\"bc-pname-1\" class=\"wppa-nav-text b10\"  title=\"\">Veteranst\u00e6vne 2022<\/span><div style=\"clear:both\"><\/div><\/div><div id=\"wppa-albumlist-1\" style=\"overflow:auto;\" class=\"albumlist\"><div id=\"album-41-1\" title=\"View the album Veteranst\u00e6vne 2022\" style=\"width:100%;clear:both;cursor:pointer;\" class=\"wppa-album-cover-standard album wppa-box wppa-cover-box wppa-cover-box-1\" onclick=\"wppaDoAjaxRender(event, 1, &#039;https:\/\/nordvest.danmarksveteraner.dk\/wordpress\/index.php?rest_route=\/wp-photo-album-plus\/endPoint?action=wppa&wppa-action=render&wppa-size=640&occur=1&wppa-fromp=1235&lang=da&album=41&cover=0&occur=1&data-alb=41&#039;, &#039;https:\/\/nordvest.danmarksveteraner.dk\/wordpress\/?page_id=1235&lang=da&album=bd4516df2f1ba739&cover=0&occur=1&data-alb=41&#039; );return false;\"><div id=\"covertext_frame_41_1\" style=\"width:459px; float:left\" class=\"wppa-text-frame-1 wppa-text-frame wppa-cover-text-frame wppa-asym-text-frame-1\"><h2 style=\"clear:none\" class=\"wppa-title\"><a title=\"View the album Veteranst\u00e6vne 2022\" href=\"https:\/\/nordvest.danmarksveteraner.dk\/wordpress\/?page_id=1235&#038;lang=da&#038;album=bd4516df2f1ba739&#038;cover=0&#038;occur=1&#038;data-alb=41\" target=\"_self\" class=\"wppa-title\" onclick=\"wppaDoAjaxRender(event, 1, &#039;https:\/\/nordvest.danmarksveteraner.dk\/wordpress\/index.php?rest_route=\/wp-photo-album-plus\/endPoint?action=wppa&wppa-action=render&wppa-size=640&occur=1&wppa-fromp=1235&lang=da&album=41&cover=0&occur=1&data-alb=41&#039;, &#039;https:\/\/nordvest.danmarksveteraner.dk\/wordpress\/?page_id=1235&lang=da&album=bd4516df2f1ba739&cover=0&occur=1&data-alb=41&#039; );return false;\">Veteranst\u00e6vne 2022<\/a><\/h2><div style=\"min-height:54px;\" class=\"wppa-box-text wppa-black wppa-box-text-desc\">Billeder fra veteran st\u00e6vne p\u00e5 IGR kasernen i skive 2022<\/div><div class=\"wppa-box-text wppa-black wppa-info wppa-slideshow-browse-link wppa-album-cover-link\"><a title=\"Slideshow\" style=\"cursor:pointer\" class=\"wppa-album-cover-link\" onclick=\"wppaDoAjaxRender(event, 1, &#039;https:\/\/nordvest.danmarksveteraner.dk\/wordpress\/index.php?rest_route=\/wp-photo-album-plus\/endPoint?action=wppa&wppa-action=render&wppa-size=640&occur=1&wppa-fromp=1235&lang=da&slide=1&occur=1&album=41&#039;, &#039;https:\/\/nordvest.danmarksveteraner.dk\/wordpress\/?page_id=1235&lang=da&slide=1&occur=1&album=bd4516df2f1ba739&#039; );return false;\">Slideshow<\/a><\/div><div class=\"wppa-box-text wppa-black wppa-info wppa-viewlink wppa-album-cover-link\"><a title=\"View the album Veteranst\u00e6vne 2022\" style=\"cursor:pointer;\" class=\"wppa-album-cover-link\" onclick=\"wppaDoAjaxRender(event, 1, &#039;https:\/\/nordvest.danmarksveteraner.dk\/wordpress\/index.php?rest_route=\/wp-photo-album-plus\/endPoint?action=wppa&wppa-action=render&wppa-size=640&occur=1&wppa-fromp=1235&lang=da&album=41&cover=0&occur=1&data-alb=41&#039;, &#039;https:\/\/nordvest.danmarksveteraner.dk\/wordpress\/?page_id=1235&lang=da&album=bd4516df2f1ba739&cover=0&occur=1&data-alb=41&#039; );return false;\">View&nbsp;21&nbsp;photos<\/a><\/div><\/div><div id=\"coverphoto_frame_41_1\" style=\"float:right; margin-left:5px;width:160px;\" class=\"coverphoto-frame\"><div title=\" \" style=\"display:inline-block;margin:0 4px;\" onclick=\"wppaStopProp(event)\"><a title=\"View the album Veteranst\u00e6vne 2022\" style=\"border:0;color:transparent;cursor:pointer;\" href=\"https:\/\/nordvest.danmarksveteraner.dk\/wordpress\/?page_id=1235&#038;lang=da&#038;album=bd4516df2f1ba739&#038;cover=0&#038;occur=1&#038;data-alb=41\" target=\"_self\" onclick=\"return false;\"><img loading=\"lazy\" decoding=\"async\" style=\"border-width:0px;width:150px;height:100px;opacity:0.85;display:inline;\" width=\"150\" height=\"100\" src=\"https:\/\/nordvest.danmarksveteraner.dk\/wordpress\/wp-content\/uploads\/wppa\/thumbs\/342.jpg?ver=4\" alt=\"DSC_0113.jpg\" class=\"pietje image wppa-img\" onclick=\"wppaDoAjaxRender(event, 1, &#039;https:\/\/nordvest.danmarksveteraner.dk\/wordpress\/index.php?rest_route=\/wp-photo-album-plus\/endPoint?action=wppa&wppa-action=render&wppa-size=640&occur=1&wppa-fromp=1235&lang=da&album=41&cover=0&occur=1&data-alb=41&#039;, &#039;https:\/\/nordvest.danmarksveteraner.dk\/wordpress\/?page_id=1235&lang=da&album=bd4516df2f1ba739&cover=0&occur=1&data-alb=41&#039; );return false;;return false;\" onmouseover=\"jQuery(this).fadeTo(400, 1.0)\" onmouseout=\"jQuery(this).fadeTo(400,0.85)\"><\/a><\/div><\/div><div title=\" \" onclick=\"wppaStopProp(event);\"><\/div><div style=\"clear:both;\"><\/div><\/div><\/div><div style=\"clear:both;\"><\/div><div id=\"wppa-container-1-end\"><\/div><\/div><\/div>\n<!-- End [wppa type=\"cover\" album=\"41\"] \/wordpress\/index.php?rest_route=%2Fwp%2Fv2%2Fpages%2F1235 oc 1 28 queries in 17.8 ms. at 15:52. Max mem: 56.00 Mb. -->\n\n\n\n<p><\/p>\n","protected":false},"excerpt":{"rendered":"<p>Veteran st\u00e6vnet blev i \u00e5r afholdt p\u00e5 IGR Kasernen i Skive.<\/p>\n","protected":false},"author":2,"featured_media":0,"parent":1109,"menu_order":0,"comment_status":"closed","ping_status":"closed","template":"","meta":{"colormag_page_container_layout":"default_layout","colormag_page_sidebar_layout":"default_layout","footnotes":""},"class_list":["post-1235","page","type-page","status-publish","hentry"],"_links":{"self":[{"href":"https:\/\/nordvest.danmarksveteraner.dk\/wordpress\/index.php?rest_route=\/wp\/v2\/pages\/1235","targetHints":{"allow":["GET"]}}],"collection":[{"href":"https:\/\/nordvest.danmarksveteraner.dk\/wordpress\/index.php?rest_route=\/wp\/v2\/pages"}],"about":[{"href":"https:\/\/nordvest.danmarksveteraner.dk\/wordpress\/index.php?rest_route=\/wp\/v2\/types\/page"}],"author":[{"embeddable":true,"href":"https:\/\/nordvest.danmarksveteraner.dk\/wordpress\/index.php?rest_route=\/wp\/v2\/users\/2"}],"replies":[{"embeddable":true,"href":"https:\/\/nordvest.danmarksveteraner.dk\/wordpress\/index.php?rest_route=%2Fwp%2Fv2%2Fcomments&post=1235"}],"version-history":[{"count":2,"href":"https:\/\/nordvest.danmarksveteraner.dk\/wordpress\/index.php?rest_route=\/wp\/v2\/pages\/1235\/revisions"}],"predecessor-version":[{"id":1237,"href":"https:\/\/nordvest.danmarksveteraner.dk\/wordpress\/index.php?rest_route=\/wp\/v2\/pages\/1235\/revisions\/1237"}],"up":[{"embeddable":true,"href":"https:\/\/nordvest.danmarksveteraner.dk\/wordpress\/index.php?rest_route=\/wp\/v2\/pages\/1109"}],"wp:attachment":[{"href":"https:\/\/nordvest.danmarksveteraner.dk\/wordpress\/index.php?rest_route=%2Fwp%2Fv2%2Fmedia&parent=1235"}],"curies":[{"name":"wp","href":"https:\/\/api.w.org\/{rel}","templated":true}]}}