{"id":1111,"date":"2022-01-13T11:59:10","date_gmt":"2022-01-13T10:59:10","guid":{"rendered":"https:\/\/nordvest.danmarksveteraner.dk\/wordpress\/?page_id=1111"},"modified":"2022-01-13T12:03:56","modified_gmt":"2022-01-13T11:03:56","slug":"nytaarskuren-2022","status":"publish","type":"page","link":"https:\/\/nordvest.danmarksveteraner.dk\/wordpress\/?page_id=1111","title":{"rendered":"Nyt\u00e5rskuren 2022"},"content":{"rendered":"\n<p>Afholdes i konstabelmessen p\u00e5 Dragonkasernen, i Holstebro.<br>L\u00f8rdag den. 2 april 2022 kl. 1730.<\/p>\n\n\n\n<p>Der er lagt op til en festlig aften.<\/p>\n\n\n\n<ul class=\"wp-block-list\"><li>Uddeling af \u00e5rstegn.<\/li><li>Pakkeleg, medbring en lille pakke &#8211; (pris ca. 20-30 kr.)<\/li><li>Rum\u00e6nsk lotteri.<\/li><li>Konkurrence &#8211; Flotteste selv-plukket buket.<\/li><\/ul>\n\n\n\n<p>P\u00e5kl\u00e6dning: Uformel festt\u00f8j.<\/p>\n\n\n\n<p>Menu:&nbsp;&nbsp;&nbsp;&nbsp;&nbsp;&nbsp;&nbsp;&nbsp;&nbsp;&nbsp;&nbsp; Forret.&nbsp;&nbsp;&nbsp;&nbsp;&nbsp;&nbsp;&nbsp;&nbsp;&nbsp;&nbsp;&nbsp;&nbsp;&nbsp;&nbsp;&nbsp;&nbsp;&nbsp;&nbsp;&nbsp;&nbsp;&nbsp;&nbsp;&nbsp;&nbsp;&nbsp;&nbsp;&nbsp;&nbsp;&nbsp;&nbsp;&nbsp;&nbsp;&nbsp;&nbsp;&nbsp;&nbsp;&nbsp;&nbsp;&nbsp;&nbsp;&nbsp;&nbsp;&nbsp;&nbsp;&nbsp;&nbsp;&nbsp;&nbsp;&nbsp;&nbsp;&nbsp;&nbsp;&nbsp;&nbsp;&nbsp;&nbsp;&nbsp;&nbsp;&nbsp;&nbsp;&nbsp;&nbsp;&nbsp;&nbsp;&nbsp;&nbsp;&nbsp;&nbsp;&nbsp;&nbsp;&nbsp;&nbsp;&nbsp;&nbsp;&nbsp;&nbsp;&nbsp;&nbsp;&nbsp;&nbsp;&nbsp;&nbsp;&nbsp;&nbsp;&nbsp;&nbsp;&nbsp;&nbsp;&nbsp;&nbsp;&nbsp;&nbsp;&nbsp;&nbsp;&nbsp;&nbsp;&nbsp;&nbsp;&nbsp;&nbsp;&nbsp; <br>&nbsp;&nbsp;&nbsp;&nbsp;&nbsp;&nbsp;&nbsp;&nbsp;&nbsp;&nbsp;&nbsp;&nbsp;&nbsp;&nbsp;&nbsp;&nbsp;&nbsp;&nbsp;&nbsp;&nbsp;&nbsp;&nbsp;&nbsp;Helstegt pattegris.<br>&nbsp;&nbsp;&nbsp;&nbsp;&nbsp;&nbsp;&nbsp;&nbsp;&nbsp;&nbsp;&nbsp;&nbsp;&nbsp;&nbsp;&nbsp;&nbsp;&nbsp;&nbsp;&nbsp;&nbsp;&nbsp;&nbsp;&nbsp;med kartofler, salat og br\u00f8d.<br>&nbsp;&nbsp;&nbsp;&nbsp;&nbsp;&nbsp;&nbsp;&nbsp;&nbsp;&nbsp;&nbsp;&nbsp;&nbsp;&nbsp;&nbsp;&nbsp;&nbsp;&nbsp;&nbsp;&nbsp;&nbsp;&nbsp; Cheesecake.<br>&nbsp;&nbsp;&nbsp;&nbsp;&nbsp;&nbsp;&nbsp;&nbsp;&nbsp;&nbsp;&nbsp;&nbsp;&nbsp;&nbsp;&nbsp;&nbsp;&nbsp;&nbsp;&nbsp;&nbsp;&nbsp;&nbsp; Kaffe &amp; kage.<\/p>\n\n\n\n<figure class=\"wp-block-image size-large is-resized is-style-rounded\"><a href=\"https:\/\/nordvest.danmarksveteraner.dk\/wordpress\/wp-content\/uploads\/2022\/01\/Nytaarskur-bord-2022.jpg\"><img loading=\"lazy\" decoding=\"async\" src=\"https:\/\/nordvest.danmarksveteraner.dk\/wordpress\/wp-content\/uploads\/2022\/01\/Nytaarskur-bord-2022.jpg\" alt=\"\" class=\"wp-image-1113\" width=\"393\" height=\"524\" srcset=\"https:\/\/nordvest.danmarksveteraner.dk\/wordpress\/wp-content\/uploads\/2022\/01\/Nytaarskur-bord-2022.jpg 524w, https:\/\/nordvest.danmarksveteraner.dk\/wordpress\/wp-content\/uploads\/2022\/01\/Nytaarskur-bord-2022-225x300.jpg 225w\" sizes=\"auto, (max-width: 393px) 100vw, 393px\" \/><\/a><\/figure>\n\n\n\n<p>Pris: For medlemmer og ledsager 175 kr.<br>&nbsp;&nbsp;&nbsp;&nbsp;&nbsp;&nbsp;&nbsp;&nbsp; Ikke medlemmer, 250 kr.<br>&nbsp;&nbsp;&nbsp;&nbsp;&nbsp;&nbsp;&nbsp;&nbsp; Drikkevare til meget rimelige priser.<\/p>\n\n\n\n<p>Tilmelding til:<br>Michael &#8211; 6137 6490 &#8211; Mail: Greenfarm.in.afghanistan@gmail.com<br>Klaus &#8211; 6160 9617 &#8211; Mail: kwarmning@youmail.dk<br>Svar senest: 24. marts 2022<\/p>\n\n\n\n<p><\/p>\n","protected":false},"excerpt":{"rendered":"<p>Afholdes i konstabelmessen p\u00e5 Dragonkasernen, i Holstebro.L\u00f8rdag den. 2 april 2022 kl. 1730. Der er lagt op til en festlig<\/p>\n","protected":false},"author":2,"featured_media":0,"parent":1109,"menu_order":0,"comment_status":"closed","ping_status":"closed","template":"","meta":{"colormag_page_container_layout":"default_layout","colormag_page_sidebar_layout":"default_layout","footnotes":""},"class_list":["post-1111","page","type-page","status-publish","hentry"],"_links":{"self":[{"href":"https:\/\/nordvest.danmarksveteraner.dk\/wordpress\/index.php?rest_route=\/wp\/v2\/pages\/1111","targetHints":{"allow":["GET"]}}],"collection":[{"href":"https:\/\/nordvest.danmarksveteraner.dk\/wordpress\/index.php?rest_route=\/wp\/v2\/pages"}],"about":[{"href":"https:\/\/nordvest.danmarksveteraner.dk\/wordpress\/index.php?rest_route=\/wp\/v2\/types\/page"}],"author":[{"embeddable":true,"href":"https:\/\/nordvest.danmarksveteraner.dk\/wordpress\/index.php?rest_route=\/wp\/v2\/users\/2"}],"replies":[{"embeddable":true,"href":"https:\/\/nordvest.danmarksveteraner.dk\/wordpress\/index.php?rest_route=%2Fwp%2Fv2%2Fcomments&post=1111"}],"version-history":[{"count":3,"href":"https:\/\/nordvest.danmarksveteraner.dk\/wordpress\/index.php?rest_route=\/wp\/v2\/pages\/1111\/revisions"}],"predecessor-version":[{"id":1116,"href":"https:\/\/nordvest.danmarksveteraner.dk\/wordpress\/index.php?rest_route=\/wp\/v2\/pages\/1111\/revisions\/1116"}],"up":[{"embeddable":true,"href":"https:\/\/nordvest.danmarksveteraner.dk\/wordpress\/index.php?rest_route=\/wp\/v2\/pages\/1109"}],"wp:attachment":[{"href":"https:\/\/nordvest.danmarksveteraner.dk\/wordpress\/index.php?rest_route=%2Fwp%2Fv2%2Fmedia&parent=1111"}],"curies":[{"name":"wp","href":"https:\/\/api.w.org\/{rel}","templated":true}]}}