{"id":1070,"date":"2021-08-04T08:32:51","date_gmt":"2021-08-04T06:32:51","guid":{"rendered":"https:\/\/nordvest.danmarksveteraner.dk\/wordpress\/?page_id=1070"},"modified":"2023-03-09T08:52:40","modified_gmt":"2023-03-09T07:52:40","slug":"skovsnogen","status":"publish","type":"page","link":"https:\/\/nordvest.danmarksveteraner.dk\/wordpress\/?page_id=1070","title":{"rendered":"SKOVSNOGEN"},"content":{"rendered":"\n<p>Den sidste sommerdag i juli 2021 steg 15 glade veteraner og p\u00e5r\u00f8rende p\u00e5 bussen fra Gartnerivej i Holstebro til Deep Forest Art Land ved Kib\u00e6k. I daglig tale kaldet Skovsnogen. Vi gik 2 timer rundt i skoven og s\u00e5 p\u00e5 kunstv\u00e6rker og n\u00f8d den dejlige natur.<\/p>\n\n\n\n<p>Efter denne lille marchtur k\u00f8rte vi til Herningcentret. Spiste og hyggede os inden turen gik hjem til Gartnerivej. Selv om ikke alle forstod kunsten (det beh\u00f8ver man nemlig ikke), s\u00e5 var det en tur til gavn for krop og sj\u00e6l.<\/p>\n\n\n\n<figure class=\"wp-block-gallery has-nested-images columns-default is-cropped wp-block-gallery-1 is-layout-flex wp-block-gallery-is-layout-flex\">\n<figure class=\"wp-block-image size-large\"><a href=\"https:\/\/nordvest.danmarksveteraner.dk\/wordpress\/wp-content\/uploads\/2021\/08\/DFAL1.jpg\"><img loading=\"lazy\" decoding=\"async\" width=\"768\" height=\"1024\" data-id=\"1072\" src=\"https:\/\/nordvest.danmarksveteraner.dk\/wordpress\/wp-content\/uploads\/2021\/08\/DFAL1-768x1024.jpg\" alt=\"\" class=\"wp-image-1072\" srcset=\"https:\/\/nordvest.danmarksveteraner.dk\/wordpress\/wp-content\/uploads\/2021\/08\/DFAL1-768x1024.jpg 768w, https:\/\/nordvest.danmarksveteraner.dk\/wordpress\/wp-content\/uploads\/2021\/08\/DFAL1-225x300.jpg 225w, https:\/\/nordvest.danmarksveteraner.dk\/wordpress\/wp-content\/uploads\/2021\/08\/DFAL1-1152x1536.jpg 1152w, https:\/\/nordvest.danmarksveteraner.dk\/wordpress\/wp-content\/uploads\/2021\/08\/DFAL1.jpg 1200w\" sizes=\"auto, (max-width: 768px) 100vw, 768px\" \/><\/a><\/figure>\n\n\n\n<figure class=\"wp-block-image size-large\"><a href=\"https:\/\/nordvest.danmarksveteraner.dk\/wordpress\/wp-content\/uploads\/2021\/08\/DFAL2.jpg\"><img loading=\"lazy\" decoding=\"async\" width=\"1024\" height=\"768\" data-id=\"1073\" src=\"https:\/\/nordvest.danmarksveteraner.dk\/wordpress\/wp-content\/uploads\/2021\/08\/DFAL2-1024x768.jpg\" alt=\"\" class=\"wp-image-1073\" srcset=\"https:\/\/nordvest.danmarksveteraner.dk\/wordpress\/wp-content\/uploads\/2021\/08\/DFAL2-1024x768.jpg 1024w, https:\/\/nordvest.danmarksveteraner.dk\/wordpress\/wp-content\/uploads\/2021\/08\/DFAL2-300x225.jpg 300w, https:\/\/nordvest.danmarksveteraner.dk\/wordpress\/wp-content\/uploads\/2021\/08\/DFAL2-768x576.jpg 768w, https:\/\/nordvest.danmarksveteraner.dk\/wordpress\/wp-content\/uploads\/2021\/08\/DFAL2.jpg 1200w\" sizes=\"auto, (max-width: 1024px) 100vw, 1024px\" \/><\/a><\/figure>\n\n\n\n<figure class=\"wp-block-image size-large\"><a href=\"https:\/\/nordvest.danmarksveteraner.dk\/wordpress\/wp-content\/uploads\/2021\/08\/DFAL4.jpg\"><img loading=\"lazy\" decoding=\"async\" width=\"1024\" height=\"768\" data-id=\"1074\" src=\"https:\/\/nordvest.danmarksveteraner.dk\/wordpress\/wp-content\/uploads\/2021\/08\/DFAL4-1024x768.jpg\" alt=\"\" class=\"wp-image-1074\" srcset=\"https:\/\/nordvest.danmarksveteraner.dk\/wordpress\/wp-content\/uploads\/2021\/08\/DFAL4-1024x768.jpg 1024w, https:\/\/nordvest.danmarksveteraner.dk\/wordpress\/wp-content\/uploads\/2021\/08\/DFAL4-300x225.jpg 300w, https:\/\/nordvest.danmarksveteraner.dk\/wordpress\/wp-content\/uploads\/2021\/08\/DFAL4-768x576.jpg 768w, https:\/\/nordvest.danmarksveteraner.dk\/wordpress\/wp-content\/uploads\/2021\/08\/DFAL4.jpg 1200w\" sizes=\"auto, (max-width: 1024px) 100vw, 1024px\" \/><\/a><\/figure>\n\n\n\n<figure class=\"wp-block-image size-large\"><a href=\"https:\/\/nordvest.danmarksveteraner.dk\/wordpress\/wp-content\/uploads\/2021\/08\/DFAL5.jpg\"><img loading=\"lazy\" decoding=\"async\" width=\"1024\" height=\"768\" data-id=\"1075\" src=\"https:\/\/nordvest.danmarksveteraner.dk\/wordpress\/wp-content\/uploads\/2021\/08\/DFAL5-1024x768.jpg\" alt=\"\" class=\"wp-image-1075\" srcset=\"https:\/\/nordvest.danmarksveteraner.dk\/wordpress\/wp-content\/uploads\/2021\/08\/DFAL5-1024x768.jpg 1024w, https:\/\/nordvest.danmarksveteraner.dk\/wordpress\/wp-content\/uploads\/2021\/08\/DFAL5-300x225.jpg 300w, https:\/\/nordvest.danmarksveteraner.dk\/wordpress\/wp-content\/uploads\/2021\/08\/DFAL5-768x576.jpg 768w, https:\/\/nordvest.danmarksveteraner.dk\/wordpress\/wp-content\/uploads\/2021\/08\/DFAL5.jpg 1200w\" sizes=\"auto, (max-width: 1024px) 100vw, 1024px\" \/><\/a><\/figure>\n\n\n\n<figure class=\"wp-block-image size-large\"><a href=\"https:\/\/nordvest.danmarksveteraner.dk\/wordpress\/wp-content\/uploads\/2021\/08\/DFAL6.jpg\"><img loading=\"lazy\" decoding=\"async\" width=\"1024\" height=\"768\" data-id=\"1076\" src=\"https:\/\/nordvest.danmarksveteraner.dk\/wordpress\/wp-content\/uploads\/2021\/08\/DFAL6-1024x768.jpg\" alt=\"\" class=\"wp-image-1076\" srcset=\"https:\/\/nordvest.danmarksveteraner.dk\/wordpress\/wp-content\/uploads\/2021\/08\/DFAL6-1024x768.jpg 1024w, https:\/\/nordvest.danmarksveteraner.dk\/wordpress\/wp-content\/uploads\/2021\/08\/DFAL6-300x225.jpg 300w, https:\/\/nordvest.danmarksveteraner.dk\/wordpress\/wp-content\/uploads\/2021\/08\/DFAL6-768x576.jpg 768w, https:\/\/nordvest.danmarksveteraner.dk\/wordpress\/wp-content\/uploads\/2021\/08\/DFAL6.jpg 1200w\" sizes=\"auto, (max-width: 1024px) 100vw, 1024px\" \/><\/a><\/figure>\n\n\n\n<figure class=\"wp-block-image size-large\"><a href=\"https:\/\/nordvest.danmarksveteraner.dk\/wordpress\/wp-content\/uploads\/2021\/08\/DFAL7.jpg\"><img loading=\"lazy\" decoding=\"async\" width=\"1024\" height=\"768\" data-id=\"1077\" src=\"https:\/\/nordvest.danmarksveteraner.dk\/wordpress\/wp-content\/uploads\/2021\/08\/DFAL7-1024x768.jpg\" alt=\"\" class=\"wp-image-1077\" srcset=\"https:\/\/nordvest.danmarksveteraner.dk\/wordpress\/wp-content\/uploads\/2021\/08\/DFAL7-1024x768.jpg 1024w, https:\/\/nordvest.danmarksveteraner.dk\/wordpress\/wp-content\/uploads\/2021\/08\/DFAL7-300x225.jpg 300w, https:\/\/nordvest.danmarksveteraner.dk\/wordpress\/wp-content\/uploads\/2021\/08\/DFAL7-768x576.jpg 768w, https:\/\/nordvest.danmarksveteraner.dk\/wordpress\/wp-content\/uploads\/2021\/08\/DFAL7.jpg 1200w\" sizes=\"auto, (max-width: 1024px) 100vw, 1024px\" \/><\/a><\/figure>\n\n\n\n<figure class=\"wp-block-image size-large\"><a href=\"https:\/\/nordvest.danmarksveteraner.dk\/wordpress\/wp-content\/uploads\/2021\/08\/DFAL8.jpg\"><img loading=\"lazy\" decoding=\"async\" width=\"768\" height=\"1024\" data-id=\"1078\" src=\"https:\/\/nordvest.danmarksveteraner.dk\/wordpress\/wp-content\/uploads\/2021\/08\/DFAL8-768x1024.jpg\" alt=\"\" class=\"wp-image-1078\" srcset=\"https:\/\/nordvest.danmarksveteraner.dk\/wordpress\/wp-content\/uploads\/2021\/08\/DFAL8-768x1024.jpg 768w, https:\/\/nordvest.danmarksveteraner.dk\/wordpress\/wp-content\/uploads\/2021\/08\/DFAL8-225x300.jpg 225w, https:\/\/nordvest.danmarksveteraner.dk\/wordpress\/wp-content\/uploads\/2021\/08\/DFAL8-1152x1536.jpg 1152w, https:\/\/nordvest.danmarksveteraner.dk\/wordpress\/wp-content\/uploads\/2021\/08\/DFAL8.jpg 1200w\" sizes=\"auto, (max-width: 768px) 100vw, 768px\" \/><\/a><\/figure>\n\n\n\n<figure class=\"wp-block-image size-large\"><a href=\"https:\/\/nordvest.danmarksveteraner.dk\/wordpress\/wp-content\/uploads\/2021\/08\/DFAL9.jpg\"><img loading=\"lazy\" decoding=\"async\" width=\"1024\" height=\"768\" data-id=\"1079\" src=\"https:\/\/nordvest.danmarksveteraner.dk\/wordpress\/wp-content\/uploads\/2021\/08\/DFAL9-1024x768.jpg\" alt=\"\" class=\"wp-image-1079\" srcset=\"https:\/\/nordvest.danmarksveteraner.dk\/wordpress\/wp-content\/uploads\/2021\/08\/DFAL9-1024x768.jpg 1024w, https:\/\/nordvest.danmarksveteraner.dk\/wordpress\/wp-content\/uploads\/2021\/08\/DFAL9-300x225.jpg 300w, https:\/\/nordvest.danmarksveteraner.dk\/wordpress\/wp-content\/uploads\/2021\/08\/DFAL9-768x576.jpg 768w, https:\/\/nordvest.danmarksveteraner.dk\/wordpress\/wp-content\/uploads\/2021\/08\/DFAL9.jpg 1200w\" sizes=\"auto, (max-width: 1024px) 100vw, 1024px\" \/><\/a><\/figure>\n<\/figure>\n\n\n\n<p><\/p>\n","protected":false},"excerpt":{"rendered":"<p>Den sidste sommerdag i juli 2021 steg 15 glade veteraner og p\u00e5r\u00f8rende p\u00e5 bussen fra Gartnerivej i Holstebro til Deep<\/p>\n","protected":false},"author":2,"featured_media":0,"parent":1289,"menu_order":0,"comment_status":"closed","ping_status":"closed","template":"","meta":{"colormag_page_container_layout":"default_layout","colormag_page_sidebar_layout":"default_layout","footnotes":""},"class_list":["post-1070","page","type-page","status-publish","hentry"],"_links":{"self":[{"href":"https:\/\/nordvest.danmarksveteraner.dk\/wordpress\/index.php?rest_route=\/wp\/v2\/pages\/1070","targetHints":{"allow":["GET"]}}],"collection":[{"href":"https:\/\/nordvest.danmarksveteraner.dk\/wordpress\/index.php?rest_route=\/wp\/v2\/pages"}],"about":[{"href":"https:\/\/nordvest.danmarksveteraner.dk\/wordpress\/index.php?rest_route=\/wp\/v2\/types\/page"}],"author":[{"embeddable":true,"href":"https:\/\/nordvest.danmarksveteraner.dk\/wordpress\/index.php?rest_route=\/wp\/v2\/users\/2"}],"replies":[{"embeddable":true,"href":"https:\/\/nordvest.danmarksveteraner.dk\/wordpress\/index.php?rest_route=%2Fwp%2Fv2%2Fcomments&post=1070"}],"version-history":[{"count":3,"href":"https:\/\/nordvest.danmarksveteraner.dk\/wordpress\/index.php?rest_route=\/wp\/v2\/pages\/1070\/revisions"}],"predecessor-version":[{"id":1177,"href":"https:\/\/nordvest.danmarksveteraner.dk\/wordpress\/index.php?rest_route=\/wp\/v2\/pages\/1070\/revisions\/1177"}],"up":[{"embeddable":true,"href":"https:\/\/nordvest.danmarksveteraner.dk\/wordpress\/index.php?rest_route=\/wp\/v2\/pages\/1289"}],"wp:attachment":[{"href":"https:\/\/nordvest.danmarksveteraner.dk\/wordpress\/index.php?rest_route=%2Fwp%2Fv2%2Fmedia&parent=1070"}],"curies":[{"name":"wp","href":"https:\/\/api.w.org\/{rel}","templated":true}]}}