{"id":1000,"date":"2021-06-01T13:51:57","date_gmt":"2021-06-01T11:51:57","guid":{"rendered":"https:\/\/nordvest.danmarksveteraner.dk\/wordpress\/?page_id=1000"},"modified":"2023-03-09T08:51:46","modified_gmt":"2023-03-09T07:51:46","slug":"peace-keepers-day-2021","status":"publish","type":"page","link":"https:\/\/nordvest.danmarksveteraner.dk\/wordpress\/?page_id=1000","title":{"rendered":"Peace Keepers Day 2021 i Holstebro"},"content":{"rendered":"\n<h1 class=\"wp-block-heading\">Sol og Bl\u00e5 Himmel  <\/h1>\n\n\n\n<p>Vejrsituationen l\u00f8rdag, den 29. maj klokken 0830 i Holstebro var n\u00e6sten bl\u00e5 himmel, solen skinnede s\u00f8rme og vinden havde lagt sig, en meget us\u00e6dvanlig situation.<\/p>\n\n\n\n<p>Dette var de ydre rammer for at mindes og fejre Peacekeepers Day. Rammerne begyndte at blive fyldt ud med musikkorps, veteraner, faner, p\u00e5r\u00f8rende, g\u00e6ster, medaljer, telt, borde, alt hvad der skal til for at opbygge en parade.<\/p>\n\n\n\n<figure class=\"wp-block-gallery has-nested-images columns-default is-cropped wp-block-gallery-1 is-layout-flex wp-block-gallery-is-layout-flex\">\n<figure class=\"wp-block-image size-large\"><a href=\"https:\/\/nordvest.danmarksveteraner.dk\/wordpress\/wp-content\/uploads\/2021\/06\/P1011133.jpg\"><img loading=\"lazy\" decoding=\"async\" width=\"1024\" height=\"768\" data-id=\"1001\" src=\"https:\/\/nordvest.danmarksveteraner.dk\/wordpress\/wp-content\/uploads\/2021\/06\/P1011133-1024x768.jpg\" alt=\"\" class=\"wp-image-1001\" srcset=\"https:\/\/nordvest.danmarksveteraner.dk\/wordpress\/wp-content\/uploads\/2021\/06\/P1011133-1024x768.jpg 1024w, https:\/\/nordvest.danmarksveteraner.dk\/wordpress\/wp-content\/uploads\/2021\/06\/P1011133-300x225.jpg 300w, https:\/\/nordvest.danmarksveteraner.dk\/wordpress\/wp-content\/uploads\/2021\/06\/P1011133-768x576.jpg 768w, https:\/\/nordvest.danmarksveteraner.dk\/wordpress\/wp-content\/uploads\/2021\/06\/P1011133.jpg 1200w\" sizes=\"auto, (max-width: 1024px) 100vw, 1024px\" \/><\/a><\/figure>\n\n\n\n<figure class=\"wp-block-image size-large\"><a href=\"https:\/\/nordvest.danmarksveteraner.dk\/wordpress\/wp-content\/uploads\/2021\/06\/P1011136.jpg\"><img loading=\"lazy\" decoding=\"async\" width=\"1024\" height=\"741\" data-id=\"1002\" src=\"https:\/\/nordvest.danmarksveteraner.dk\/wordpress\/wp-content\/uploads\/2021\/06\/P1011136-1024x741.jpg\" alt=\"\" class=\"wp-image-1002\" srcset=\"https:\/\/nordvest.danmarksveteraner.dk\/wordpress\/wp-content\/uploads\/2021\/06\/P1011136-1024x741.jpg 1024w, https:\/\/nordvest.danmarksveteraner.dk\/wordpress\/wp-content\/uploads\/2021\/06\/P1011136-300x217.jpg 300w, https:\/\/nordvest.danmarksveteraner.dk\/wordpress\/wp-content\/uploads\/2021\/06\/P1011136-768x556.jpg 768w, https:\/\/nordvest.danmarksveteraner.dk\/wordpress\/wp-content\/uploads\/2021\/06\/P1011136.jpg 1500w\" sizes=\"auto, (max-width: 1024px) 100vw, 1024px\" \/><\/a><\/figure>\n\n\n\n<figure class=\"wp-block-image size-large\"><a href=\"https:\/\/nordvest.danmarksveteraner.dk\/wordpress\/wp-content\/uploads\/2021\/06\/P1011139.jpg\"><img loading=\"lazy\" decoding=\"async\" width=\"1024\" height=\"768\" data-id=\"1003\" src=\"https:\/\/nordvest.danmarksveteraner.dk\/wordpress\/wp-content\/uploads\/2021\/06\/P1011139-1024x768.jpg\" alt=\"\" class=\"wp-image-1003\" srcset=\"https:\/\/nordvest.danmarksveteraner.dk\/wordpress\/wp-content\/uploads\/2021\/06\/P1011139-1024x768.jpg 1024w, https:\/\/nordvest.danmarksveteraner.dk\/wordpress\/wp-content\/uploads\/2021\/06\/P1011139-300x225.jpg 300w, https:\/\/nordvest.danmarksveteraner.dk\/wordpress\/wp-content\/uploads\/2021\/06\/P1011139-768x576.jpg 768w, https:\/\/nordvest.danmarksveteraner.dk\/wordpress\/wp-content\/uploads\/2021\/06\/P1011139.jpg 1500w\" sizes=\"auto, (max-width: 1024px) 100vw, 1024px\" \/><\/a><\/figure>\n\n\n\n<figure class=\"wp-block-image size-large\"><a href=\"https:\/\/nordvest.danmarksveteraner.dk\/wordpress\/wp-content\/uploads\/2021\/06\/P1011144.jpg\"><img loading=\"lazy\" decoding=\"async\" width=\"1024\" height=\"768\" data-id=\"1004\" src=\"https:\/\/nordvest.danmarksveteraner.dk\/wordpress\/wp-content\/uploads\/2021\/06\/P1011144-1024x768.jpg\" alt=\"\" class=\"wp-image-1004\" srcset=\"https:\/\/nordvest.danmarksveteraner.dk\/wordpress\/wp-content\/uploads\/2021\/06\/P1011144-1024x768.jpg 1024w, https:\/\/nordvest.danmarksveteraner.dk\/wordpress\/wp-content\/uploads\/2021\/06\/P1011144-300x225.jpg 300w, https:\/\/nordvest.danmarksveteraner.dk\/wordpress\/wp-content\/uploads\/2021\/06\/P1011144-768x576.jpg 768w, https:\/\/nordvest.danmarksveteraner.dk\/wordpress\/wp-content\/uploads\/2021\/06\/P1011144.jpg 1500w\" sizes=\"auto, (max-width: 1024px) 100vw, 1024px\" \/><\/a><\/figure>\n\n\n\n<figure class=\"wp-block-image size-large\"><a href=\"https:\/\/nordvest.danmarksveteraner.dk\/wordpress\/wp-content\/uploads\/2021\/06\/P1011147.jpg\"><img loading=\"lazy\" decoding=\"async\" width=\"1024\" height=\"768\" data-id=\"1005\" src=\"https:\/\/nordvest.danmarksveteraner.dk\/wordpress\/wp-content\/uploads\/2021\/06\/P1011147-1024x768.jpg\" alt=\"\" class=\"wp-image-1005\" srcset=\"https:\/\/nordvest.danmarksveteraner.dk\/wordpress\/wp-content\/uploads\/2021\/06\/P1011147-1024x768.jpg 1024w, https:\/\/nordvest.danmarksveteraner.dk\/wordpress\/wp-content\/uploads\/2021\/06\/P1011147-300x225.jpg 300w, https:\/\/nordvest.danmarksveteraner.dk\/wordpress\/wp-content\/uploads\/2021\/06\/P1011147-768x576.jpg 768w, https:\/\/nordvest.danmarksveteraner.dk\/wordpress\/wp-content\/uploads\/2021\/06\/P1011147.jpg 1500w\" sizes=\"auto, (max-width: 1024px) 100vw, 1024px\" \/><\/a><\/figure>\n\n\n\n<figure class=\"wp-block-image size-large\"><a href=\"https:\/\/nordvest.danmarksveteraner.dk\/wordpress\/wp-content\/uploads\/2021\/06\/P1011166.jpg\"><img loading=\"lazy\" decoding=\"async\" width=\"1024\" height=\"768\" data-id=\"1006\" src=\"https:\/\/nordvest.danmarksveteraner.dk\/wordpress\/wp-content\/uploads\/2021\/06\/P1011166-1024x768.jpg\" alt=\"\" class=\"wp-image-1006\" srcset=\"https:\/\/nordvest.danmarksveteraner.dk\/wordpress\/wp-content\/uploads\/2021\/06\/P1011166-1024x768.jpg 1024w, https:\/\/nordvest.danmarksveteraner.dk\/wordpress\/wp-content\/uploads\/2021\/06\/P1011166-300x225.jpg 300w, https:\/\/nordvest.danmarksveteraner.dk\/wordpress\/wp-content\/uploads\/2021\/06\/P1011166-768x576.jpg 768w, https:\/\/nordvest.danmarksveteraner.dk\/wordpress\/wp-content\/uploads\/2021\/06\/P1011166.jpg 1500w\" sizes=\"auto, (max-width: 1024px) 100vw, 1024px\" \/><\/a><\/figure>\n\n\n\n<figure class=\"wp-block-image size-large\"><a href=\"https:\/\/nordvest.danmarksveteraner.dk\/wordpress\/wp-content\/uploads\/2021\/06\/P1011171.jpg\"><img loading=\"lazy\" decoding=\"async\" width=\"1024\" height=\"768\" data-id=\"1007\" src=\"https:\/\/nordvest.danmarksveteraner.dk\/wordpress\/wp-content\/uploads\/2021\/06\/P1011171-1024x768.jpg\" alt=\"\" class=\"wp-image-1007\" srcset=\"https:\/\/nordvest.danmarksveteraner.dk\/wordpress\/wp-content\/uploads\/2021\/06\/P1011171-1024x768.jpg 1024w, https:\/\/nordvest.danmarksveteraner.dk\/wordpress\/wp-content\/uploads\/2021\/06\/P1011171-300x225.jpg 300w, https:\/\/nordvest.danmarksveteraner.dk\/wordpress\/wp-content\/uploads\/2021\/06\/P1011171-768x576.jpg 768w, https:\/\/nordvest.danmarksveteraner.dk\/wordpress\/wp-content\/uploads\/2021\/06\/P1011171.jpg 1500w\" sizes=\"auto, (max-width: 1024px) 100vw, 1024px\" \/><\/a><\/figure>\n\n\n\n<figure class=\"wp-block-image size-large\"><a href=\"https:\/\/nordvest.danmarksveteraner.dk\/wordpress\/wp-content\/uploads\/2021\/06\/P1011184.jpg\"><img loading=\"lazy\" decoding=\"async\" width=\"1024\" height=\"768\" data-id=\"1008\" src=\"https:\/\/nordvest.danmarksveteraner.dk\/wordpress\/wp-content\/uploads\/2021\/06\/P1011184-1024x768.jpg\" alt=\"\" class=\"wp-image-1008\" srcset=\"https:\/\/nordvest.danmarksveteraner.dk\/wordpress\/wp-content\/uploads\/2021\/06\/P1011184-1024x768.jpg 1024w, https:\/\/nordvest.danmarksveteraner.dk\/wordpress\/wp-content\/uploads\/2021\/06\/P1011184-300x225.jpg 300w, https:\/\/nordvest.danmarksveteraner.dk\/wordpress\/wp-content\/uploads\/2021\/06\/P1011184-768x576.jpg 768w, https:\/\/nordvest.danmarksveteraner.dk\/wordpress\/wp-content\/uploads\/2021\/06\/P1011184.jpg 1500w\" sizes=\"auto, (max-width: 1024px) 100vw, 1024px\" \/><\/a><\/figure>\n\n\n\n<figure class=\"wp-block-image size-large\"><a href=\"https:\/\/nordvest.danmarksveteraner.dk\/wordpress\/wp-content\/uploads\/2021\/06\/P1011191.jpg\"><img loading=\"lazy\" decoding=\"async\" width=\"1024\" height=\"768\" data-id=\"1009\" src=\"https:\/\/nordvest.danmarksveteraner.dk\/wordpress\/wp-content\/uploads\/2021\/06\/P1011191-1024x768.jpg\" alt=\"\" class=\"wp-image-1009\" srcset=\"https:\/\/nordvest.danmarksveteraner.dk\/wordpress\/wp-content\/uploads\/2021\/06\/P1011191-1024x768.jpg 1024w, https:\/\/nordvest.danmarksveteraner.dk\/wordpress\/wp-content\/uploads\/2021\/06\/P1011191-300x225.jpg 300w, https:\/\/nordvest.danmarksveteraner.dk\/wordpress\/wp-content\/uploads\/2021\/06\/P1011191-768x576.jpg 768w, https:\/\/nordvest.danmarksveteraner.dk\/wordpress\/wp-content\/uploads\/2021\/06\/P1011191.jpg 1500w\" sizes=\"auto, (max-width: 1024px) 100vw, 1024px\" \/><\/a><\/figure>\n\n\n\n<figure class=\"wp-block-image size-large\"><a href=\"https:\/\/nordvest.danmarksveteraner.dk\/wordpress\/wp-content\/uploads\/2021\/06\/P1011202.jpg\"><img loading=\"lazy\" decoding=\"async\" width=\"1024\" height=\"768\" data-id=\"1010\" src=\"https:\/\/nordvest.danmarksveteraner.dk\/wordpress\/wp-content\/uploads\/2021\/06\/P1011202-1024x768.jpg\" alt=\"\" class=\"wp-image-1010\" srcset=\"https:\/\/nordvest.danmarksveteraner.dk\/wordpress\/wp-content\/uploads\/2021\/06\/P1011202-1024x768.jpg 1024w, https:\/\/nordvest.danmarksveteraner.dk\/wordpress\/wp-content\/uploads\/2021\/06\/P1011202-300x225.jpg 300w, https:\/\/nordvest.danmarksveteraner.dk\/wordpress\/wp-content\/uploads\/2021\/06\/P1011202-768x576.jpg 768w, https:\/\/nordvest.danmarksveteraner.dk\/wordpress\/wp-content\/uploads\/2021\/06\/P1011202.jpg 1500w\" sizes=\"auto, (max-width: 1024px) 100vw, 1024px\" \/><\/a><\/figure>\n\n\n\n<figure class=\"wp-block-image size-large\"><a href=\"https:\/\/nordvest.danmarksveteraner.dk\/wordpress\/wp-content\/uploads\/2021\/06\/P1011207.jpg\"><img loading=\"lazy\" decoding=\"async\" width=\"1024\" height=\"768\" data-id=\"1011\" src=\"https:\/\/nordvest.danmarksveteraner.dk\/wordpress\/wp-content\/uploads\/2021\/06\/P1011207-1024x768.jpg\" alt=\"\" class=\"wp-image-1011\" srcset=\"https:\/\/nordvest.danmarksveteraner.dk\/wordpress\/wp-content\/uploads\/2021\/06\/P1011207-1024x768.jpg 1024w, https:\/\/nordvest.danmarksveteraner.dk\/wordpress\/wp-content\/uploads\/2021\/06\/P1011207-300x225.jpg 300w, https:\/\/nordvest.danmarksveteraner.dk\/wordpress\/wp-content\/uploads\/2021\/06\/P1011207-768x576.jpg 768w, https:\/\/nordvest.danmarksveteraner.dk\/wordpress\/wp-content\/uploads\/2021\/06\/P1011207.jpg 1500w\" sizes=\"auto, (max-width: 1024px) 100vw, 1024px\" \/><\/a><\/figure>\n\n\n\n<figure class=\"wp-block-image size-large\"><a href=\"https:\/\/nordvest.danmarksveteraner.dk\/wordpress\/wp-content\/uploads\/2021\/06\/P1011209.jpg\"><img loading=\"lazy\" decoding=\"async\" width=\"1024\" height=\"768\" data-id=\"1012\" src=\"https:\/\/nordvest.danmarksveteraner.dk\/wordpress\/wp-content\/uploads\/2021\/06\/P1011209-1024x768.jpg\" alt=\"\" class=\"wp-image-1012\" srcset=\"https:\/\/nordvest.danmarksveteraner.dk\/wordpress\/wp-content\/uploads\/2021\/06\/P1011209-1024x768.jpg 1024w, https:\/\/nordvest.danmarksveteraner.dk\/wordpress\/wp-content\/uploads\/2021\/06\/P1011209-300x225.jpg 300w, https:\/\/nordvest.danmarksveteraner.dk\/wordpress\/wp-content\/uploads\/2021\/06\/P1011209-768x576.jpg 768w, https:\/\/nordvest.danmarksveteraner.dk\/wordpress\/wp-content\/uploads\/2021\/06\/P1011209.jpg 1500w\" sizes=\"auto, (max-width: 1024px) 100vw, 1024px\" \/><\/a><\/figure>\n\n\n\n<figure class=\"wp-block-image size-large\"><a href=\"https:\/\/nordvest.danmarksveteraner.dk\/wordpress\/wp-content\/uploads\/2021\/06\/P1011211.jpg\"><img loading=\"lazy\" decoding=\"async\" width=\"1024\" height=\"768\" data-id=\"1013\" src=\"https:\/\/nordvest.danmarksveteraner.dk\/wordpress\/wp-content\/uploads\/2021\/06\/P1011211-1024x768.jpg\" alt=\"\" class=\"wp-image-1013\" srcset=\"https:\/\/nordvest.danmarksveteraner.dk\/wordpress\/wp-content\/uploads\/2021\/06\/P1011211-1024x768.jpg 1024w, https:\/\/nordvest.danmarksveteraner.dk\/wordpress\/wp-content\/uploads\/2021\/06\/P1011211-300x225.jpg 300w, https:\/\/nordvest.danmarksveteraner.dk\/wordpress\/wp-content\/uploads\/2021\/06\/P1011211-768x576.jpg 768w, https:\/\/nordvest.danmarksveteraner.dk\/wordpress\/wp-content\/uploads\/2021\/06\/P1011211.jpg 1500w\" sizes=\"auto, (max-width: 1024px) 100vw, 1024px\" \/><\/a><\/figure>\n\n\n\n<figure class=\"wp-block-image size-large\"><a href=\"https:\/\/nordvest.danmarksveteraner.dk\/wordpress\/wp-content\/uploads\/2021\/06\/P1011215.jpg\"><img loading=\"lazy\" decoding=\"async\" width=\"1024\" height=\"768\" data-id=\"1014\" src=\"https:\/\/nordvest.danmarksveteraner.dk\/wordpress\/wp-content\/uploads\/2021\/06\/P1011215-1024x768.jpg\" alt=\"\" class=\"wp-image-1014\" srcset=\"https:\/\/nordvest.danmarksveteraner.dk\/wordpress\/wp-content\/uploads\/2021\/06\/P1011215-1024x768.jpg 1024w, https:\/\/nordvest.danmarksveteraner.dk\/wordpress\/wp-content\/uploads\/2021\/06\/P1011215-300x225.jpg 300w, https:\/\/nordvest.danmarksveteraner.dk\/wordpress\/wp-content\/uploads\/2021\/06\/P1011215-768x576.jpg 768w, https:\/\/nordvest.danmarksveteraner.dk\/wordpress\/wp-content\/uploads\/2021\/06\/P1011215.jpg 1500w\" sizes=\"auto, (max-width: 1024px) 100vw, 1024px\" \/><\/a><\/figure>\n\n\n\n<figure class=\"wp-block-image size-large\"><a href=\"https:\/\/nordvest.danmarksveteraner.dk\/wordpress\/wp-content\/uploads\/2021\/06\/P1011219.jpg\"><img loading=\"lazy\" decoding=\"async\" width=\"1024\" height=\"768\" data-id=\"1015\" src=\"https:\/\/nordvest.danmarksveteraner.dk\/wordpress\/wp-content\/uploads\/2021\/06\/P1011219-1024x768.jpg\" alt=\"\" class=\"wp-image-1015\" srcset=\"https:\/\/nordvest.danmarksveteraner.dk\/wordpress\/wp-content\/uploads\/2021\/06\/P1011219-1024x768.jpg 1024w, https:\/\/nordvest.danmarksveteraner.dk\/wordpress\/wp-content\/uploads\/2021\/06\/P1011219-300x225.jpg 300w, https:\/\/nordvest.danmarksveteraner.dk\/wordpress\/wp-content\/uploads\/2021\/06\/P1011219-768x576.jpg 768w, https:\/\/nordvest.danmarksveteraner.dk\/wordpress\/wp-content\/uploads\/2021\/06\/P1011219.jpg 1500w\" sizes=\"auto, (max-width: 1024px) 100vw, 1024px\" \/><\/a><\/figure>\n\n\n\n<figure class=\"wp-block-image size-large\"><a href=\"https:\/\/nordvest.danmarksveteraner.dk\/wordpress\/wp-content\/uploads\/2021\/06\/P1011223.jpg\"><img loading=\"lazy\" decoding=\"async\" width=\"1024\" height=\"768\" data-id=\"1016\" src=\"https:\/\/nordvest.danmarksveteraner.dk\/wordpress\/wp-content\/uploads\/2021\/06\/P1011223-1024x768.jpg\" alt=\"\" class=\"wp-image-1016\" srcset=\"https:\/\/nordvest.danmarksveteraner.dk\/wordpress\/wp-content\/uploads\/2021\/06\/P1011223-1024x768.jpg 1024w, https:\/\/nordvest.danmarksveteraner.dk\/wordpress\/wp-content\/uploads\/2021\/06\/P1011223-300x225.jpg 300w, https:\/\/nordvest.danmarksveteraner.dk\/wordpress\/wp-content\/uploads\/2021\/06\/P1011223-768x576.jpg 768w, https:\/\/nordvest.danmarksveteraner.dk\/wordpress\/wp-content\/uploads\/2021\/06\/P1011223.jpg 1500w\" sizes=\"auto, (max-width: 1024px) 100vw, 1024px\" \/><\/a><\/figure>\n\n\n\n<figure class=\"wp-block-image size-large\"><a href=\"https:\/\/nordvest.danmarksveteraner.dk\/wordpress\/wp-content\/uploads\/2021\/06\/P1011225.jpg\"><img loading=\"lazy\" decoding=\"async\" width=\"1024\" height=\"768\" data-id=\"1017\" src=\"https:\/\/nordvest.danmarksveteraner.dk\/wordpress\/wp-content\/uploads\/2021\/06\/P1011225-1024x768.jpg\" alt=\"\" class=\"wp-image-1017\" srcset=\"https:\/\/nordvest.danmarksveteraner.dk\/wordpress\/wp-content\/uploads\/2021\/06\/P1011225-1024x768.jpg 1024w, https:\/\/nordvest.danmarksveteraner.dk\/wordpress\/wp-content\/uploads\/2021\/06\/P1011225-300x225.jpg 300w, https:\/\/nordvest.danmarksveteraner.dk\/wordpress\/wp-content\/uploads\/2021\/06\/P1011225-768x576.jpg 768w, https:\/\/nordvest.danmarksveteraner.dk\/wordpress\/wp-content\/uploads\/2021\/06\/P1011225.jpg 1500w\" sizes=\"auto, (max-width: 1024px) 100vw, 1024px\" \/><\/a><\/figure>\n\n\n\n<figure class=\"wp-block-image size-large\"><a href=\"https:\/\/nordvest.danmarksveteraner.dk\/wordpress\/wp-content\/uploads\/2021\/06\/P1011229.jpg\"><img loading=\"lazy\" decoding=\"async\" width=\"1024\" height=\"768\" data-id=\"1018\" src=\"https:\/\/nordvest.danmarksveteraner.dk\/wordpress\/wp-content\/uploads\/2021\/06\/P1011229-1024x768.jpg\" alt=\"\" class=\"wp-image-1018\" srcset=\"https:\/\/nordvest.danmarksveteraner.dk\/wordpress\/wp-content\/uploads\/2021\/06\/P1011229-1024x768.jpg 1024w, https:\/\/nordvest.danmarksveteraner.dk\/wordpress\/wp-content\/uploads\/2021\/06\/P1011229-300x225.jpg 300w, https:\/\/nordvest.danmarksveteraner.dk\/wordpress\/wp-content\/uploads\/2021\/06\/P1011229-768x576.jpg 768w, https:\/\/nordvest.danmarksveteraner.dk\/wordpress\/wp-content\/uploads\/2021\/06\/P1011229.jpg 1500w\" sizes=\"auto, (max-width: 1024px) 100vw, 1024px\" \/><\/a><\/figure>\n\n\n\n<figure class=\"wp-block-image size-large\"><a href=\"https:\/\/nordvest.danmarksveteraner.dk\/wordpress\/wp-content\/uploads\/2021\/06\/P1011240.jpg\"><img loading=\"lazy\" decoding=\"async\" width=\"1024\" height=\"768\" data-id=\"1019\" src=\"https:\/\/nordvest.danmarksveteraner.dk\/wordpress\/wp-content\/uploads\/2021\/06\/P1011240-1024x768.jpg\" alt=\"\" class=\"wp-image-1019\" srcset=\"https:\/\/nordvest.danmarksveteraner.dk\/wordpress\/wp-content\/uploads\/2021\/06\/P1011240-1024x768.jpg 1024w, https:\/\/nordvest.danmarksveteraner.dk\/wordpress\/wp-content\/uploads\/2021\/06\/P1011240-300x225.jpg 300w, https:\/\/nordvest.danmarksveteraner.dk\/wordpress\/wp-content\/uploads\/2021\/06\/P1011240-768x576.jpg 768w, https:\/\/nordvest.danmarksveteraner.dk\/wordpress\/wp-content\/uploads\/2021\/06\/P1011240.jpg 1500w\" sizes=\"auto, (max-width: 1024px) 100vw, 1024px\" \/><\/a><\/figure>\n<\/figure>\n\n\n\n<p>L\u00e6s indl\u00e6get og se flere billeder fra Danmarks Veteraners hovedside: <a href=\"https:\/\/danmarksveteraner.dk\/wordpress\/?news=en-fantastisk-29-maj-2021-i-holstebro\" data-type=\"URL\" data-id=\"https:\/\/danmarksveteraner.dk\/wordpress\/?news=en-fantastisk-29-maj-2021-i-holstebro\">https:\/\/danmarksveteraner.dk\/wordpress\/?news=en-fantastisk-29-maj-2021-i-holstebro<\/a><\/p>\n","protected":false},"excerpt":{"rendered":"<p>Sol og Bl\u00e5 Himmel Vejrsituationen l\u00f8rdag, den 29. maj klokken 0830 i Holstebro var n\u00e6sten bl\u00e5 himmel, solen skinnede s\u00f8rme<\/p>\n","protected":false},"author":2,"featured_media":0,"parent":1289,"menu_order":0,"comment_status":"closed","ping_status":"closed","template":"","meta":{"colormag_page_container_layout":"default_layout","colormag_page_sidebar_layout":"default_layout","footnotes":""},"class_list":["post-1000","page","type-page","status-publish","hentry"],"_links":{"self":[{"href":"https:\/\/nordvest.danmarksveteraner.dk\/wordpress\/index.php?rest_route=\/wp\/v2\/pages\/1000","targetHints":{"allow":["GET"]}}],"collection":[{"href":"https:\/\/nordvest.danmarksveteraner.dk\/wordpress\/index.php?rest_route=\/wp\/v2\/pages"}],"about":[{"href":"https:\/\/nordvest.danmarksveteraner.dk\/wordpress\/index.php?rest_route=\/wp\/v2\/types\/page"}],"author":[{"embeddable":true,"href":"https:\/\/nordvest.danmarksveteraner.dk\/wordpress\/index.php?rest_route=\/wp\/v2\/users\/2"}],"replies":[{"embeddable":true,"href":"https:\/\/nordvest.danmarksveteraner.dk\/wordpress\/index.php?rest_route=%2Fwp%2Fv2%2Fcomments&post=1000"}],"version-history":[{"count":4,"href":"https:\/\/nordvest.danmarksveteraner.dk\/wordpress\/index.php?rest_route=\/wp\/v2\/pages\/1000\/revisions"}],"predecessor-version":[{"id":1175,"href":"https:\/\/nordvest.danmarksveteraner.dk\/wordpress\/index.php?rest_route=\/wp\/v2\/pages\/1000\/revisions\/1175"}],"up":[{"embeddable":true,"href":"https:\/\/nordvest.danmarksveteraner.dk\/wordpress\/index.php?rest_route=\/wp\/v2\/pages\/1289"}],"wp:attachment":[{"href":"https:\/\/nordvest.danmarksveteraner.dk\/wordpress\/index.php?rest_route=%2Fwp%2Fv2%2Fmedia&parent=1000"}],"curies":[{"name":"wp","href":"https:\/\/api.w.org\/{rel}","templated":true}]}}